{"id":14841,"date":"2020-09-16T17:32:29","date_gmt":"2020-09-16T15:32:29","guid":{"rendered":"https:\/\/serveistic.com\/?page_id=14841"},"modified":"2026-01-04T21:14:09","modified_gmt":"2026-01-04T20:14:09","slug":"analisis-gratuito-de-paginas-web","status":"publish","type":"page","link":"https:\/\/www.serveistic.com\/es\/analisis-gratuito-de-paginas-web\/","title":{"rendered":"An\u00e1lisis gratuito de p\u00e1ginas web"},"content":{"rendered":"\t\t<div data-elementor-type=\"wp-page\" data-elementor-id=\"14841\" class=\"elementor elementor-14841 elementor-570\">\n\t\t\t\t\t\t<section class=\"elementor-section elementor-top-section elementor-element elementor-element-bbd2894 elementor-section-boxed elementor-section-height-default elementor-section-height-default\" data-id=\"bbd2894\" data-element_type=\"section\">\n\t\t\t\t\t\t<div class=\"elementor-container elementor-column-gap-default\">\n\t\t\t\t\t<div class=\"elementor-column elementor-col-100 elementor-top-column elementor-element elementor-element-04b11a9\" data-id=\"04b11a9\" data-element_type=\"column\">\n\t\t\t<div class=\"elementor-widget-wrap elementor-element-populated\">\n\t\t\t\t\t\t<div class=\"elementor-element elementor-element-e905404 elementor-widget elementor-widget-text-editor\" data-id=\"e905404\" data-element_type=\"widget\" data-widget_type=\"text-editor.default\">\n\t\t\t\t<div class=\"elementor-widget-container\">\n\t\t\t\t\t\t\t\t\t<h2>Evaluaci\u00f3n de las caracter\u00edsticas SEO para el posicionamiento en Google, y de seguridad contra virus y ataques inform\u00e1ticos<\/h2>\n<p><\/p>\n<p>Si quieres saber c\u00f3mo mejorar tu p\u00e1gina web para conseguir m\u00e1s visitas de posibles clientes, s\u00f3lo tienes que completar este formulario de an\u00e1lisis gratuito de p\u00e1ginas web, y recibir\u00e1s una evaluaci\u00f3n detallada de aspectos SEO (accesibilidad, contenidos, velocidad, enlaces , optimizaci\u00f3n de im\u00e1genes \u2026), de seguridad, y otras que si se corrigen mejorar\u00e1n el rendimiento y la seguridad.<\/p>\n<p>Junto con el an\u00e1lisis gratuito recibir\u00e1s recomendaciones para mejorar los puntos d\u00e9biles para que si lo consideras oportuno puedas aplicarlas t\u00fa mismo.<\/p>\n<p>Tienes que saber que no es un an\u00e1lisis autom\u00e1tico, y que adem\u00e1s estos an\u00e1lisis requieren bastante dedicaci\u00f3n. De ah\u00ed que s\u00f3lo se realicen para las propias p\u00e1ginas web de las empresas que los soliciten. Y, en cualquier caso, el env\u00edo del formulario no implica ninguna obligaci\u00f3n ni compromiso de realizar los an\u00e1lisis.<\/p>\n\n<div class=\"wpcf7 no-js\" id=\"wpcf7-f569-o1\" lang=\"ca\" dir=\"ltr\" data-wpcf7-id=\"569\">\n<div class=\"screen-reader-response\"><p role=\"status\" aria-live=\"polite\" aria-atomic=\"true\"><\/p> <ul><\/ul><\/div>\n<form action=\"\/es\/wp-json\/wp\/v2\/pages\/14841#wpcf7-f569-o1\" method=\"post\" class=\"wpcf7-form init\" aria-label=\"Formulari de contacte\" novalidate=\"novalidate\" data-status=\"init\">\n<fieldset class=\"hidden-fields-container\"><input type=\"hidden\" name=\"_wpcf7\" value=\"569\" \/><input type=\"hidden\" name=\"_wpcf7_version\" value=\"6.1.1\" \/><input type=\"hidden\" name=\"_wpcf7_locale\" value=\"ca\" \/><input type=\"hidden\" name=\"_wpcf7_unit_tag\" value=\"wpcf7-f569-o1\" \/><input type=\"hidden\" name=\"_wpcf7_container_post\" value=\"0\" \/><input type=\"hidden\" name=\"_wpcf7_posted_data_hash\" value=\"\" \/><input type=\"hidden\" name=\"_wpcf7_recaptcha_response\" value=\"\" \/>\n<\/fieldset>\n<p><label> Nom i cognoms (Obligatori):<br \/>\n<span class=\"wpcf7-form-control-wrap\" data-name=\"your-name\"><input size=\"40\" maxlength=\"400\" class=\"wpcf7-form-control wpcf7-text wpcf7-validates-as-required\" aria-required=\"true\" aria-invalid=\"false\" value=\"\" type=\"text\" name=\"your-name\" \/><\/span> <\/label>\n<\/p>\n<p><label> Empresa:<br \/>\n<span class=\"wpcf7-form-control-wrap\" data-name=\"empresa\"><input size=\"40\" maxlength=\"400\" class=\"wpcf7-form-control wpcf7-text\" aria-invalid=\"false\" value=\"\" type=\"text\" name=\"empresa\" \/><\/span><\/label>\n<\/p>\n<p><label> P\u00e0gina web (obligatori):<br \/>\n<span class=\"wpcf7-form-control-wrap\" data-name=\"url-777\"><input size=\"40\" maxlength=\"400\" class=\"wpcf7-form-control wpcf7-url wpcf7-validates-as-required wpcf7-text wpcf7-validates-as-url\" aria-required=\"true\" aria-invalid=\"false\" value=\"https:\/\/\" type=\"url\" name=\"url-777\" \/><\/span> <\/label>\n<\/p>\n<p><label> Adre\u00e7a de correu (Obligatori):<br \/>\n<span class=\"wpcf7-form-control-wrap\" data-name=\"your-email\"><input size=\"40\" maxlength=\"400\" class=\"wpcf7-form-control wpcf7-email wpcf7-validates-as-required wpcf7-text wpcf7-validates-as-email\" aria-required=\"true\" aria-invalid=\"false\" value=\"\" type=\"email\" name=\"your-email\" \/><\/span> <\/label>\n<\/p>\n<p><label> Carrer (Obligatori):<br \/>\n<span class=\"wpcf7-form-control-wrap\" data-name=\"carrer\"><input size=\"40\" maxlength=\"400\" class=\"wpcf7-form-control wpcf7-text wpcf7-validates-as-required\" aria-required=\"true\" aria-invalid=\"false\" value=\"\" type=\"text\" name=\"carrer\" \/><\/span><\/label>\n<\/p>\n<p><label> Poblaci\u00f3 (Obligatori):<br \/>\n<span class=\"wpcf7-form-control-wrap\" data-name=\"poblacio\"><input size=\"40\" maxlength=\"400\" class=\"wpcf7-form-control wpcf7-text wpcf7-validates-as-required\" aria-required=\"true\" aria-invalid=\"false\" value=\"\" type=\"text\" name=\"poblacio\" \/><\/span><\/label>\n<\/p>\n<p><label> Tel\u00e8fon (Obligatori):<br \/>\n<span class=\"wpcf7-form-control-wrap\" data-name=\"tel-718\"><input size=\"40\" maxlength=\"400\" class=\"wpcf7-form-control wpcf7-tel wpcf7-validates-as-required wpcf7-text wpcf7-validates-as-tel\" aria-required=\"true\" aria-invalid=\"false\" value=\"\" type=\"tel\" name=\"tel-718\" \/><\/span><\/label>\n<\/p>\n<p><label> Assumpte:<br \/>\n<span class=\"wpcf7-form-control-wrap\" data-name=\"your-subject\"><input size=\"40\" maxlength=\"400\" class=\"wpcf7-form-control wpcf7-text\" aria-invalid=\"false\" value=\"An\u00e0lisi gratu\u00efta de la p\u00e0gina web\" type=\"text\" name=\"your-subject\" \/><\/span> <\/label>\n<\/p>\n<p><label> Comentaris:<br \/>\n<span class=\"wpcf7-form-control-wrap\" data-name=\"your-message\"><textarea cols=\"40\" rows=\"10\" maxlength=\"2000\" class=\"wpcf7-form-control wpcf7-textarea\" aria-invalid=\"false\" name=\"your-message\"><\/textarea><\/span> <\/label>\n<\/p>\n<p><span class=\"wpcf7-form-control-wrap\" data-name=\"term_and_conditions\"><span class=\"wpcf7-form-control wpcf7-acceptance\"><span class=\"wpcf7-list-item\"><label><input type=\"checkbox\" name=\"term_and_conditions\" value=\"1\" class=\"required\" aria-invalid=\"false\" \/><span class=\"wpcf7-list-item-label\">He llegit i accepto  <a href=\"..\/avis-legal-i-condicions-dus\">l&#8217;av\u00eds legal, les Condicions d&#8217;\u00das<\/a>, i les <a href=\"..\/politica-de-privadesa\">Pol\u00edtiques de Privadesa i de Cookies<\/a>.<\/span><\/label><\/span><\/span><\/span>\n<\/p>\n<p><input class=\"wpcf7-form-control wpcf7-submit has-spinner\" type=\"submit\" value=\"Enviar\" \/>\n<\/p><div class=\"wpcf7-response-output\" aria-hidden=\"true\"><\/div>\n<\/form>\n<\/div>\n\n<p><\/p>\n<p><\/p>\t\t\t\t\t\t\t\t<\/div>\n\t\t\t\t<\/div>\n\t\t\t\t\t<\/div>\n\t\t<\/div>\n\t\t\t\t\t<\/div>\n\t\t<\/section>\n\t\t\t\t<\/div>\n\t\t","protected":false},"excerpt":{"rendered":"<p>Evaluaci\u00f3n de las caracter\u00edsticas SEO para el posicionamiento en Google, y de seguridad contra virus y ataques inform\u00e1ticos Si quieres saber c\u00f3mo mejorar tu p\u00e1gina web para conseguir m\u00e1s visitas de posibles clientes, s\u00f3lo tienes que completar este formulario de an\u00e1lisis gratuito de p\u00e1ginas web, y recibir\u00e1s una evaluaci\u00f3n detallada de aspectos SEO (accesibilidad, contenidos, [&hellip;]<\/p>\n","protected":false},"author":1,"featured_media":0,"parent":0,"menu_order":0,"comment_status":"closed","ping_status":"closed","template":"","meta":{"_uag_custom_page_level_css":"","site-sidebar-layout":"default","site-content-layout":"","ast-site-content-layout":"default","site-content-style":"default","site-sidebar-style":"default","ast-global-header-display":"","ast-banner-title-visibility":"","ast-main-header-display":"","ast-hfb-above-header-display":"","ast-hfb-below-header-display":"","ast-hfb-mobile-header-display":"","site-post-title":"","ast-breadcrumbs-content":"","ast-featured-img":"","footer-sml-layout":"","theme-transparent-header-meta":"","adv-header-id-meta":"","stick-header-meta":"","header-above-stick-meta":"","header-main-stick-meta":"","header-below-stick-meta":"","astra-migrate-meta-layouts":"default","ast-page-background-enabled":"default","ast-page-background-meta":{"desktop":{"background-color":"var(--ast-global-color-4)","background-image":"","background-repeat":"repeat","background-position":"center center","background-size":"auto","background-attachment":"scroll","background-type":"","background-media":"","overlay-type":"","overlay-color":"","overlay-opacity":"","overlay-gradient":""},"tablet":{"background-color":"","background-image":"","background-repeat":"repeat","background-position":"center center","background-size":"auto","background-attachment":"scroll","background-type":"","background-media":"","overlay-type":"","overlay-color":"","overlay-opacity":"","overlay-gradient":""},"mobile":{"background-color":"","background-image":"","background-repeat":"repeat","background-position":"center center","background-size":"auto","background-attachment":"scroll","background-type":"","background-media":"","overlay-type":"","overlay-color":"","overlay-opacity":"","overlay-gradient":""}},"ast-content-background-meta":{"desktop":{"background-color":"var(--ast-global-color-5)","background-image":"","background-repeat":"repeat","background-position":"center center","background-size":"auto","background-attachment":"scroll","background-type":"","background-media":"","overlay-type":"","overlay-color":"","overlay-opacity":"","overlay-gradient":""},"tablet":{"background-color":"var(--ast-global-color-5)","background-image":"","background-repeat":"repeat","background-position":"center center","background-size":"auto","background-attachment":"scroll","background-type":"","background-media":"","overlay-type":"","overlay-color":"","overlay-opacity":"","overlay-gradient":""},"mobile":{"background-color":"var(--ast-global-color-5)","background-image":"","background-repeat":"repeat","background-position":"center center","background-size":"auto","background-attachment":"scroll","background-type":"","background-media":"","overlay-type":"","overlay-color":"","overlay-opacity":"","overlay-gradient":""}},"footnotes":""},"class_list":["post-14841","page","type-page","status-publish","hentry"],"aioseo_notices":[],"spectra_custom_meta":{"_elementor_edit_mode":["builder"],"_elementor_template_type":["wp-page"],"_wp_page_template":["default"],"_elementor_data":["[{\"id\":\"bbd2894\",\"elType\":\"section\",\"settings\":{\"display_condition_list\":[{\"display_condition_login_status\":\"subscriber\",\"_id\":\"446a34b\"}]},\"elements\":[{\"id\":\"04b11a9\",\"elType\":\"column\",\"settings\":{\"_column_size\":100,\"_inline_size\":null,\"display_condition_list\":[{\"display_condition_login_status\":\"subscriber\",\"_id\":\"2264438\"}]},\"elements\":[{\"id\":\"e905404\",\"elType\":\"widget\",\"settings\":{\"editor\":\"<h2>Evaluaci\\u00f3n de las caracter\\u00edsticas SEO para el posicionamiento en Google, y de seguridad contra virus y ataques inform\\u00e1ticos<\\\/h2>\\n<p><\\\/p>\\n<p>Si quieres saber c\\u00f3mo mejorar tu p\\u00e1gina web para conseguir m\\u00e1s visitas de posibles clientes, s\\u00f3lo tienes que completar este formulario de an\\u00e1lisis gratuito de p\\u00e1ginas web, y recibir\\u00e1s una evaluaci\\u00f3n detallada de aspectos SEO (accesibilidad, contenidos, velocidad, enlaces , optimizaci\\u00f3n de im\\u00e1genes \\u2026), de seguridad, y otras que si se corrigen mejorar\\u00e1n el rendimiento y la seguridad.<\\\/p>\\n<p>Junto con el an\\u00e1lisis gratuito recibir\\u00e1s recomendaciones para mejorar los puntos d\\u00e9biles para que si lo consideras oportuno puedas aplicarlas t\\u00fa mismo.<\\\/p>\\n<p>Tienes que saber que no es un an\\u00e1lisis autom\\u00e1tico, y que adem\\u00e1s estos an\\u00e1lisis requieren bastante dedicaci\\u00f3n. De ah\\u00ed que s\\u00f3lo se realicen para las propias p\\u00e1ginas web de las empresas que los soliciten. Y, en cualquier caso, el env\\u00edo del formulario no implica ninguna obligaci\\u00f3n ni compromiso de realizar los an\\u00e1lisis.<\\\/p>\\n<p>[contact-form-7 id=\\\"569\\\" title=\\\"analizar-web\\\"]<\\\/p>\\n<p><\\\/p>\\n<p><\\\/p>\",\"display_condition_list\":[{\"display_condition_login_status\":\"subscriber\",\"_id\":\"2056820\"}]},\"elements\":[],\"widgetType\":\"text-editor\"}],\"isInner\":false}],\"isInner\":false}]"],"_aioseo_title":["An\u00e1lisis gratuito de p\u00e1ginas web;SEO seguridad #site_title&nbsp;"],"_aioseo_description":["An\u00e1lisis gratuito de p\u00e1ginas web para evaluar las caracter\u00edsticas SEO para posicionamiento en Google, y de seguridad contra virus y ataques inform\u00e1ticos."],"_aioseo_keywords":[""],"_aioseo_og_title":[null],"_aioseo_og_description":[null],"_aioseo_og_article_section":[""],"_aioseo_og_article_tags":[""],"_aioseo_twitter_title":[null],"_aioseo_twitter_description":[null],"_edit_lock":["1767557574:1"],"_last_editor_used_jetpack":["block-editor"],"_edit_last":["1"],"_hostzine_page_header_enable":["enable"],"_hostzine_header_img_id":["3256"],"_hostzine_header_img":["https:\/\/serveistic.com\/wp-content\/uploads\/2018\/03\/web-hosting-header-bg.png"],"_elementor_version":["3.15.2"],"_last_translation_edit_mode":["native-editor"],"_elementor_template_widget_type":[""],"_elementor_popup_display_settings":[""],"_elementor_page_settings":["a:0:{}"],"_elementor_controls_usage":["a:3:{s:11:\"text-editor\";a:3:{s:5:\"count\";i:1;s:15:\"control_percent\";i:1;s:8:\"controls\";a:2:{s:7:\"content\";a:1:{s:14:\"section_editor\";a:1:{s:6:\"editor\";i:1;}}s:8:\"advanced\";a:1:{s:26:\"display_conditions_section\";a:1:{s:22:\"display_condition_list\";i:1;}}}}s:6:\"column\";a:3:{s:5:\"count\";i:1;s:15:\"control_percent\";i:1;s:8:\"controls\";a:2:{s:6:\"layout\";a:1:{s:6:\"layout\";a:1:{s:12:\"_inline_size\";i:1;}}s:8:\"advanced\";a:1:{s:26:\"display_conditions_section\";a:1:{s:22:\"display_condition_list\";i:1;}}}}s:7:\"section\";a:3:{s:5:\"count\";i:1;s:15:\"control_percent\";i:0;s:8:\"controls\";a:1:{s:8:\"advanced\";a:1:{s:26:\"display_conditions_section\";a:1:{s:22:\"display_condition_list\";i:1;}}}}}"],"_wpml_word_count":["178"],"_uag_page_assets":["a:9:{s:3:\"css\";s:7156:\".uag-blocks-common-selector{z-index:var(--z-index-desktop) !important}@media (max-width: 976px){.uag-blocks-common-selector{z-index:var(--z-index-tablet) !important}}@media (max-width: 767px){.uag-blocks-common-selector{z-index:var(--z-index-mobile) !important}}\n.wp-block-uagb-image{display:flex}.wp-block-uagb-image__figure{position:relative;display:flex;flex-direction:column;max-width:100%;height:auto;margin:0}.wp-block-uagb-image__figure img{height:auto;display:flex;max-width:100%;transition:box-shadow 0.2s ease}.wp-block-uagb-image__figure>a{display:inline-block}.wp-block-uagb-image__figure figcaption{text-align:center;margin-top:0.5em;margin-bottom:1em}.wp-block-uagb-image .components-placeholder.block-editor-media-placeholder .components-placeholder__instructions{align-self:center}.wp-block-uagb-image--align-left{text-align:left}.wp-block-uagb-image--align-right{text-align:right}.wp-block-uagb-image--align-center{text-align:center}.wp-block-uagb-image--align-full .wp-block-uagb-image__figure{margin-left:calc(50% - 50vw);margin-right:calc(50% - 50vw);max-width:100vw;width:100vw;height:auto}.wp-block-uagb-image--align-full .wp-block-uagb-image__figure img{height:auto;width:100% !important}.wp-block-uagb-image--align-wide .wp-block-uagb-image__figure img{height:auto;width:100%}.wp-block-uagb-image--layout-overlay__color-wrapper{position:absolute;left:0;top:0;right:0;bottom:0;opacity:0.2;background:rgba(0,0,0,0.5);transition:opacity 0.35s ease-in-out}.wp-block-uagb-image--layout-overlay-link{position:absolute;left:0;right:0;bottom:0;top:0}.wp-block-uagb-image--layout-overlay .wp-block-uagb-image__figure:hover .wp-block-uagb-image--layout-overlay__color-wrapper{opacity:1}.wp-block-uagb-image--layout-overlay__inner{position:absolute;left:15px;right:15px;bottom:15px;top:15px;display:flex;align-items:center;justify-content:center;flex-direction:column;border-color:#fff;transition:0.35s ease-in-out}.wp-block-uagb-image--layout-overlay__inner.top-left,.wp-block-uagb-image--layout-overlay__inner.top-center,.wp-block-uagb-image--layout-overlay__inner.top-right{justify-content:flex-start}.wp-block-uagb-image--layout-overlay__inner.bottom-left,.wp-block-uagb-image--layout-overlay__inner.bottom-center,.wp-block-uagb-image--layout-overlay__inner.bottom-right{justify-content:flex-end}.wp-block-uagb-image--layout-overlay__inner.top-left,.wp-block-uagb-image--layout-overlay__inner.center-left,.wp-block-uagb-image--layout-overlay__inner.bottom-left{align-items:flex-start}.wp-block-uagb-image--layout-overlay__inner.top-right,.wp-block-uagb-image--layout-overlay__inner.center-right,.wp-block-uagb-image--layout-overlay__inner.bottom-right{align-items:flex-end}.wp-block-uagb-image--layout-overlay__inner .uagb-image-heading{color:#fff;transition:transform 0.35s, opacity 0.35s ease-in-out;transform:translate3d(0, 24px, 0);margin:0;line-height:1em}.wp-block-uagb-image--layout-overlay__inner .uagb-image-separator{width:30%;border-top-width:2px;border-top-color:#fff;border-top-style:solid;margin-bottom:10px;opacity:0;transition:transform 0.4s, opacity 0.4s ease-in-out;transform:translate3d(0, 30px, 0)}.wp-block-uagb-image--layout-overlay__inner .uagb-image-caption{opacity:0;overflow:visible;color:#fff;transition:transform 0.45s, opacity 0.45s ease-in-out;transform:translate3d(0, 35px, 0)}.wp-block-uagb-image--layout-overlay__inner:hover .uagb-image-heading,.wp-block-uagb-image--layout-overlay__inner:hover .uagb-image-separator,.wp-block-uagb-image--layout-overlay__inner:hover .uagb-image-caption{opacity:1;transform:translate3d(0, 0, 0)}.wp-block-uagb-image--effect-zoomin .wp-block-uagb-image__figure img,.wp-block-uagb-image--effect-zoomin .wp-block-uagb-image__figure .wp-block-uagb-image--layout-overlay__color-wrapper{transform:scale(1);transition:transform 0.35s ease-in-out}.wp-block-uagb-image--effect-zoomin .wp-block-uagb-image__figure:hover img,.wp-block-uagb-image--effect-zoomin .wp-block-uagb-image__figure:hover .wp-block-uagb-image--layout-overlay__color-wrapper{transform:scale(1.05)}.wp-block-uagb-image--effect-slide .wp-block-uagb-image__figure img,.wp-block-uagb-image--effect-slide .wp-block-uagb-image__figure .wp-block-uagb-image--layout-overlay__color-wrapper{width:calc(100% + 40px) !important;max-width:none !important;transform:translate3d(-40px, 0, 0);transition:transform 0.35s ease-in-out}.wp-block-uagb-image--effect-slide .wp-block-uagb-image__figure:hover img,.wp-block-uagb-image--effect-slide .wp-block-uagb-image__figure:hover .wp-block-uagb-image--layout-overlay__color-wrapper{transform:translate3d(0, 0, 0)}.wp-block-uagb-image--effect-grayscale img{filter:grayscale(0%);transition:0.35s ease-in-out}.wp-block-uagb-image--effect-grayscale:hover img{filter:grayscale(100%)}.wp-block-uagb-image--effect-blur img{filter:blur(0);transition:0.35s ease-in-out}.wp-block-uagb-image--effect-blur:hover img{filter:blur(3px)}\n.uagb-block-4b4a202d.wp-block-uagb-image--layout-default figure img{box-shadow: 0px 0px 0 #00000070;}.uagb-block-4b4a202d.wp-block-uagb-image .wp-block-uagb-image__figure figcaption{font-style: normal;align-self: center;}.uagb-block-4b4a202d.wp-block-uagb-image--layout-overlay figure img{box-shadow: 0px 0px 0 #00000070;}.uagb-block-4b4a202d.wp-block-uagb-image--layout-overlay .wp-block-uagb-image--layout-overlay__color-wrapper{opacity: 0.2;}.uagb-block-4b4a202d.wp-block-uagb-image--layout-overlay .wp-block-uagb-image--layout-overlay__inner{left: 15px;right: 15px;top: 15px;bottom: 15px;}.uagb-block-4b4a202d.wp-block-uagb-image--layout-overlay .wp-block-uagb-image--layout-overlay__inner .uagb-image-heading{font-style: normal;color: #fff;opacity: 1;}.uagb-block-4b4a202d.wp-block-uagb-image--layout-overlay .wp-block-uagb-image--layout-overlay__inner .uagb-image-heading a{color: #fff;}.uagb-block-4b4a202d.wp-block-uagb-image--layout-overlay .wp-block-uagb-image--layout-overlay__inner .uagb-image-caption{opacity: 0;}.uagb-block-4b4a202d.wp-block-uagb-image--layout-overlay .wp-block-uagb-image__figure:hover .wp-block-uagb-image--layout-overlay__color-wrapper{opacity: 1;}.uagb-block-4b4a202d.wp-block-uagb-image .wp-block-uagb-image--layout-overlay__inner .uagb-image-separator{width: 30%;border-top-width: 2px;border-top-color: #fff;opacity: 0;}.uagb-block-4b4a202d.wp-block-uagb-image .wp-block-uagb-image__figure img{width: px;height: auto;}.uagb-block-4b4a202d.wp-block-uagb-image .wp-block-uagb-image__figure:hover .wp-block-uagb-image--layout-overlay__inner .uagb-image-caption{opacity: 1;}.uagb-block-4b4a202d.wp-block-uagb-image .wp-block-uagb-image__figure:hover .wp-block-uagb-image--layout-overlay__inner .uagb-image-separator{opacity: 1;}.uagb-block-4b4a202d.wp-block-uagb-image--layout-default figure:hover img{box-shadow: 0px 0px 0 #00000070;}.uagb-block-4b4a202d.wp-block-uagb-image--layout-overlay figure:hover img{box-shadow: 0px 0px 0 #00000070;}@media only screen and (max-width: 976px) {.uagb-block-4b4a202d.wp-block-uagb-image .wp-block-uagb-image__figure img{width: px;height: auto;}}@media only screen and (max-width: 767px) {.uagb-block-4b4a202d.wp-block-uagb-image .wp-block-uagb-image__figure img{width: px;height: auto;}}\";s:2:\"js\";s:0:\"\";s:18:\"current_block_list\";a:4:{i:0;s:14:\"core\/paragraph\";i:1;s:10:\"uagb\/image\";i:2;s:10:\"core\/image\";i:3;s:9:\"core\/code\";}s:8:\"uag_flag\";b:1;s:11:\"uag_version\";s:10:\"1776370542\";s:6:\"gfonts\";a:0:{}s:10:\"gfonts_url\";s:0:\"\";s:12:\"gfonts_files\";a:0:{}s:14:\"uag_faq_layout\";b:0;}"],"_uag_css_file_name":["uag-css-14841.css"],"_elementor_css":["a:7:{s:4:\"time\";i:1776385227;s:5:\"fonts\";a:0:{}s:5:\"icons\";a:0:{}s:20:\"dynamic_elements_ids\";a:0:{}s:6:\"status\";s:5:\"empty\";i:0;s:0:\"\";s:3:\"css\";s:0:\"\";}"],"_elementor_page_assets":["a:1:{s:7:\"scripts\";a:1:{i:0;s:18:\"elementor-frontend\";}}"],"_elementor_element_cache":["{\"timeout\":1776478827,\"value\":{\"content\":\"\\t\\t<section class=\\\"elementor-section elementor-top-section elementor-element elementor-element-bbd2894 elementor-section-boxed elementor-section-height-default elementor-section-height-default\\\" data-id=\\\"bbd2894\\\" data-element_type=\\\"section\\\">\\n\\t\\t\\t\\t\\t\\t<div class=\\\"elementor-container elementor-column-gap-default\\\">\\n\\t\\t\\t\\t\\t<div class=\\\"elementor-column elementor-col-100 elementor-top-column elementor-element elementor-element-04b11a9\\\" data-id=\\\"04b11a9\\\" data-element_type=\\\"column\\\">\\n\\t\\t\\t<div class=\\\"elementor-widget-wrap elementor-element-populated\\\">\\n\\t\\t\\t\\t[elementor-element k=\\\"d65f9af13c179ece6dd8e501eef1f87c\\\" data=\\\"eyJpZCI6ImU5MDU0MDQiLCJlbFR5cGUiOiJ3aWRnZXQiLCJzZXR0aW5ncyI6eyJlZGl0b3IiOiI8aDI+RXZhbHVhY2lcdTAwZjNuIGRlIGxhcyBjYXJhY3Rlclx1MDBlZHN0aWNhcyBTRU8gcGFyYSBlbCBwb3NpY2lvbmFtaWVudG8gZW4gR29vZ2xlLCB5IGRlIHNlZ3VyaWRhZCBjb250cmEgdmlydXMgeSBhdGFxdWVzIGluZm9ybVx1MDBlMXRpY29zPFwvaDI+XG48cD48XC9wPlxuPHA+U2kgcXVpZXJlcyBzYWJlciBjXHUwMGYzbW8gbWVqb3JhciB0dSBwXHUwMGUxZ2luYSB3ZWIgcGFyYSBjb25zZWd1aXIgbVx1MDBlMXMgdmlzaXRhcyBkZSBwb3NpYmxlcyBjbGllbnRlcywgc1x1MDBmM2xvIHRpZW5lcyBxdWUgY29tcGxldGFyIGVzdGUgZm9ybXVsYXJpbyBkZSBhblx1MDBlMWxpc2lzIGdyYXR1aXRvIGRlIHBcdTAwZTFnaW5hcyB3ZWIsIHkgcmVjaWJpclx1MDBlMXMgdW5hIGV2YWx1YWNpXHUwMGYzbiBkZXRhbGxhZGEgZGUgYXNwZWN0b3MgU0VPIChhY2Nlc2liaWxpZGFkLCBjb250ZW5pZG9zLCB2ZWxvY2lkYWQsIGVubGFjZXMgLCBvcHRpbWl6YWNpXHUwMGYzbiBkZSBpbVx1MDBlMWdlbmVzIFx1MjAyNiksIGRlIHNlZ3VyaWRhZCwgeSBvdHJhcyBxdWUgc2kgc2UgY29ycmlnZW4gbWVqb3Jhclx1MDBlMW4gZWwgcmVuZGltaWVudG8geSBsYSBzZWd1cmlkYWQuPFwvcD5cbjxwPkp1bnRvIGNvbiBlbCBhblx1MDBlMWxpc2lzIGdyYXR1aXRvIHJlY2liaXJcdTAwZTFzIHJlY29tZW5kYWNpb25lcyBwYXJhIG1lam9yYXIgbG9zIHB1bnRvcyBkXHUwMGU5YmlsZXMgcGFyYSBxdWUgc2kgbG8gY29uc2lkZXJhcyBvcG9ydHVubyBwdWVkYXMgYXBsaWNhcmxhcyB0XHUwMGZhIG1pc21vLjxcL3A+XG48cD5UaWVuZXMgcXVlIHNhYmVyIHF1ZSBubyBlcyB1biBhblx1MDBlMWxpc2lzIGF1dG9tXHUwMGUxdGljbywgeSBxdWUgYWRlbVx1MDBlMXMgZXN0b3MgYW5cdTAwZTFsaXNpcyByZXF1aWVyZW4gYmFzdGFudGUgZGVkaWNhY2lcdTAwZjNuLiBEZSBhaFx1MDBlZCBxdWUgc1x1MDBmM2xvIHNlIHJlYWxpY2VuIHBhcmEgbGFzIHByb3BpYXMgcFx1MDBlMWdpbmFzIHdlYiBkZSBsYXMgZW1wcmVzYXMgcXVlIGxvcyBzb2xpY2l0ZW4uIFksIGVuIGN1YWxxdWllciBjYXNvLCBlbCBlbnZcdTAwZWRvIGRlbCBmb3JtdWxhcmlvIG5vIGltcGxpY2EgbmluZ3VuYSBvYmxpZ2FjaVx1MDBmM24gbmkgY29tcHJvbWlzbyBkZSByZWFsaXphciBsb3MgYW5cdTAwZTFsaXNpcy48XC9wPlxuPHA+W2NvbnRhY3QtZm9ybS03IGlkPVwiNTY5XCIgdGl0bGU9XCJhbmFsaXphci13ZWJcIl08XC9wPlxuPHA+PFwvcD5cbjxwPjxcL3A+IiwiZGlzcGxheV9jb25kaXRpb25fbGlzdCI6W3siZGlzcGxheV9jb25kaXRpb25fbG9naW5fc3RhdHVzIjoic3Vic2NyaWJlciIsIl9pZCI6IjIwNTY4MjAifV19LCJlbGVtZW50cyI6W10sIndpZGdldFR5cGUiOiJ0ZXh0LWVkaXRvciJ9\\\"]\\t\\t\\t<\\\/div>\\n\\t\\t<\\\/div>\\n\\t\\t\\t\\t\\t<\\\/div>\\n\\t\\t<\\\/section>\\n\\t\\t\",\"scripts\":[],\"styles\":[]}}"]},"uagb_featured_image_src":{"full":false,"thumbnail":false,"medium":false,"medium_large":false,"large":false,"1536x1536":false,"2048x2048":false},"uagb_author_info":{"display_name":"Serveis TIC","author_link":"https:\/\/www.serveistic.com\/es\/author\/anjo\/"},"uagb_comment_info":0,"uagb_excerpt":"Evaluaci\u00f3n de las caracter\u00edsticas SEO para el posicionamiento en Google, y de seguridad contra virus y ataques inform\u00e1ticos Si quieres saber c\u00f3mo mejorar tu p\u00e1gina web para conseguir m\u00e1s visitas de posibles clientes, s\u00f3lo tienes que completar este formulario de an\u00e1lisis gratuito de p\u00e1ginas web, y recibir\u00e1s una evaluaci\u00f3n detallada de aspectos SEO (accesibilidad, contenidos,&hellip;","_links":{"self":[{"href":"https:\/\/www.serveistic.com\/es\/wp-json\/wp\/v2\/pages\/14841","targetHints":{"allow":["GET"]}}],"collection":[{"href":"https:\/\/www.serveistic.com\/es\/wp-json\/wp\/v2\/pages"}],"about":[{"href":"https:\/\/www.serveistic.com\/es\/wp-json\/wp\/v2\/types\/page"}],"author":[{"embeddable":true,"href":"https:\/\/www.serveistic.com\/es\/wp-json\/wp\/v2\/users\/1"}],"replies":[{"embeddable":true,"href":"https:\/\/www.serveistic.com\/es\/wp-json\/wp\/v2\/comments?post=14841"}],"version-history":[{"count":18,"href":"https:\/\/www.serveistic.com\/es\/wp-json\/wp\/v2\/pages\/14841\/revisions"}],"predecessor-version":[{"id":50421,"href":"https:\/\/www.serveistic.com\/es\/wp-json\/wp\/v2\/pages\/14841\/revisions\/50421"}],"wp:attachment":[{"href":"https:\/\/www.serveistic.com\/es\/wp-json\/wp\/v2\/media?parent=14841"}],"curies":[{"name":"wp","href":"https:\/\/api.w.org\/{rel}","templated":true}]}}