{"id":189,"date":"2020-08-30T07:39:44","date_gmt":"2020-08-30T05:39:44","guid":{"rendered":"http:\/\/192.168.1.131\/wordpress\/?page_id=189"},"modified":"2026-01-04T20:34:58","modified_gmt":"2026-01-04T19:34:58","slug":"empresa-de-servicios-tic","status":"publish","type":"page","link":"https:\/\/www.serveistic.com\/es\/empresa-de-servicios-tic\/","title":{"rendered":"Empresa de servicios TIC"},"content":{"rendered":"\t\t<div data-elementor-type=\"wp-page\" data-elementor-id=\"189\" class=\"elementor elementor-189 elementor-28\">\n\t\t\t\t\t\t<section class=\"elementor-section elementor-top-section elementor-element elementor-element-b1d05bd elementor-section-boxed elementor-section-height-default elementor-section-height-default\" data-id=\"b1d05bd\" data-element_type=\"section\">\n\t\t\t\t\t\t<div class=\"elementor-container elementor-column-gap-default\">\n\t\t\t\t\t<div class=\"elementor-column elementor-col-100 elementor-top-column elementor-element elementor-element-8d953a4\" data-id=\"8d953a4\" data-element_type=\"column\">\n\t\t\t<div class=\"elementor-widget-wrap elementor-element-populated\">\n\t\t\t\t\t\t<div class=\"elementor-element elementor-element-47737e7 elementor-widget elementor-widget-text-editor\" data-id=\"47737e7\" data-element_type=\"widget\" data-widget_type=\"text-editor.default\">\n\t\t\t\t<div class=\"elementor-widget-container\">\n\t\t\t\t\t\t\t\t\t<h2>Servicios de Internet y comunicaci\u00f3n para profesionales y empresas<\/h2><p>Somos una empresa de servicios TIC, y ponemos a disposici\u00f3n de nuestros clientes 20 a\u00f1os de experiencia en soluciones relacionadas con las Tecnolog\u00edas de la Informaci\u00f3n y la Comunicaci\u00f3n. Facilitando servicios de hospedaje web, asesoramiento, y mejoras para aprovechar la p\u00e1gina web corporativa, tanto en lo relativo a funcionalidades con el fin de incrementar el nivel de persuasibilidad de sitios web, como para mejorar el posicionamiento en buscadores por los conceptos relevantes, de modo que los interesados en los productos o servicios que se ofrecen en ellas les encuentren m\u00e1s f\u00e1cilmente.<\/p><p>Complementamos servicios propios colaborando con profesionales de la m\u00e1xima confianza, facilitando soluciones a todo tipo de necesidades en el \u00e1mbito de las Tecnolog\u00edas de la Informaci\u00f3n y la Comunicaci\u00f3n. Siempre con las mismas garant\u00edas que podr\u00edamos dar si nos ocup\u00e1semos directamente desde Serveis TIC.<\/p><p>Entre estos servicios destacan las soluciones de conectividad, ya sea con fibra o radioenlace, en las que colaboramos con Globalcat, y Conecta, que nos permiten dar respuesta tanto a empresas como a clientes particulares, no s\u00f3lo en conexiones a Internet, tambi\u00e9n en todo lo relacionado con telefon\u00eda, o centralitas.<\/p>\t\t\t\t\t\t\t\t<\/div>\n\t\t\t\t<\/div>\n\t\t\t\t\t<\/div>\n\t\t<\/div>\n\t\t\t\t\t<\/div>\n\t\t<\/section>\n\t\t\t\t<\/div>\n\t\t","protected":false},"excerpt":{"rendered":"<p>Servicios de Internet y comunicaci\u00f3n para profesionales y empresas Somos una empresa de servicios TIC, y ponemos a disposici\u00f3n de nuestros clientes 20 a\u00f1os de experiencia en soluciones relacionadas con las Tecnolog\u00edas de la Informaci\u00f3n y la Comunicaci\u00f3n. Facilitando servicios de hospedaje web, asesoramiento, y mejoras para aprovechar la p\u00e1gina web corporativa, tanto en lo [&hellip;]<\/p>\n","protected":false},"author":1,"featured_media":0,"parent":0,"menu_order":0,"comment_status":"closed","ping_status":"closed","template":"","meta":{"_uag_custom_page_level_css":"","site-sidebar-layout":"default","site-content-layout":"","ast-site-content-layout":"default","site-content-style":"default","site-sidebar-style":"default","ast-global-header-display":"","ast-banner-title-visibility":"","ast-main-header-display":"","ast-hfb-above-header-display":"","ast-hfb-below-header-display":"","ast-hfb-mobile-header-display":"","site-post-title":"","ast-breadcrumbs-content":"","ast-featured-img":"","footer-sml-layout":"","theme-transparent-header-meta":"","adv-header-id-meta":"","stick-header-meta":"","header-above-stick-meta":"","header-main-stick-meta":"","header-below-stick-meta":"","astra-migrate-meta-layouts":"default","ast-page-background-enabled":"default","ast-page-background-meta":{"desktop":{"background-color":"var(--ast-global-color-4)","background-image":"","background-repeat":"repeat","background-position":"center center","background-size":"auto","background-attachment":"scroll","background-type":"","background-media":"","overlay-type":"","overlay-color":"","overlay-opacity":"","overlay-gradient":""},"tablet":{"background-color":"","background-image":"","background-repeat":"repeat","background-position":"center center","background-size":"auto","background-attachment":"scroll","background-type":"","background-media":"","overlay-type":"","overlay-color":"","overlay-opacity":"","overlay-gradient":""},"mobile":{"background-color":"","background-image":"","background-repeat":"repeat","background-position":"center center","background-size":"auto","background-attachment":"scroll","background-type":"","background-media":"","overlay-type":"","overlay-color":"","overlay-opacity":"","overlay-gradient":""}},"ast-content-background-meta":{"desktop":{"background-color":"var(--ast-global-color-5)","background-image":"","background-repeat":"repeat","background-position":"center center","background-size":"auto","background-attachment":"scroll","background-type":"","background-media":"","overlay-type":"","overlay-color":"","overlay-opacity":"","overlay-gradient":""},"tablet":{"background-color":"var(--ast-global-color-5)","background-image":"","background-repeat":"repeat","background-position":"center center","background-size":"auto","background-attachment":"scroll","background-type":"","background-media":"","overlay-type":"","overlay-color":"","overlay-opacity":"","overlay-gradient":""},"mobile":{"background-color":"var(--ast-global-color-5)","background-image":"","background-repeat":"repeat","background-position":"center center","background-size":"auto","background-attachment":"scroll","background-type":"","background-media":"","overlay-type":"","overlay-color":"","overlay-opacity":"","overlay-gradient":""}},"footnotes":""},"class_list":["post-189","page","type-page","status-publish","hentry"],"aioseo_notices":[],"spectra_custom_meta":{"_aioseop_title":["Servicios de Internet y comunicaci\u00f3n, Manresa"],"_aioseop_description":["Soluciones TIC de Tecnolog\u00edas de la Informaci\u00f3n y la Comunicaci\u00f3n, alojamiento web y ERP Dolibarr en Manresa"],"_aioseop_keywords":["Solucions TIC, Tecnolog\u00edas de la Informaci\u00f3n y la Comunicaci\u00f3n, ERP Dolibarr, Manresa"],"_edit_lock":["1767555273:1"],"_edit_last":["1"],"_aioseop_custom_link":[""],"_aioseop_sitemap_exclude":[""],"_aioseop_disable":[""],"_aioseop_disable_analytics":[""],"_aioseop_noindex":[""],"_aioseop_nofollow":[""],"_last_editor_used_jetpack":["block-editor"],"_aioseo_title":["#post_title, Internet, dominios y hospedaje web"],"_aioseo_description":["#post_title, servicios de Internet, registro de dominios y hospedaje web en packs personalizados, con soporte y servidores VPS"],"_aioseo_keywords":[""],"_aioseo_og_title":[null],"_aioseo_og_description":[null],"_aioseo_og_article_section":[null],"_aioseo_og_article_tags":[""],"_aioseo_twitter_title":[null],"_aioseo_twitter_description":[null],"_hostzine_page_header_enable":["enable"],"_elementor_edit_mode":["builder"],"_elementor_template_type":["wp-page"],"_wp_page_template":["default"],"_elementor_data":["[{\"id\":\"b1d05bd\",\"elType\":\"section\",\"settings\":{\"display_condition_list\":[{\"display_condition_login_status\":\"subscriber\",\"_id\":\"c32da74\"}]},\"elements\":[{\"id\":\"8d953a4\",\"elType\":\"column\",\"settings\":{\"_column_size\":100,\"_inline_size\":null,\"display_condition_list\":[{\"display_condition_login_status\":\"subscriber\",\"_id\":\"ce0ff1d\"}]},\"elements\":[{\"id\":\"47737e7\",\"elType\":\"widget\",\"settings\":{\"editor\":\"<h2>Servicios de Internet y comunicaci\\u00f3n para profesionales y empresas<\\\/h2><p>Somos una empresa de servicios TIC, y ponemos a disposici\\u00f3n de nuestros clientes 20 a\\u00f1os de experiencia en soluciones relacionadas con las Tecnolog\\u00edas de la Informaci\\u00f3n y la Comunicaci\\u00f3n. Facilitando servicios de hospedaje web, asesoramiento, y mejoras para aprovechar la p\\u00e1gina web corporativa, tanto en lo relativo a funcionalidades con el fin de incrementar el nivel de persuasibilidad de sitios web, como para mejorar el posicionamiento en buscadores por los conceptos relevantes, de modo que los interesados en los productos o servicios que se ofrecen en ellas les encuentren m\\u00e1s f\\u00e1cilmente.<\\\/p><p>Complementamos servicios propios colaborando con profesionales de la m\\u00e1xima confianza, facilitando soluciones a todo tipo de necesidades en el \\u00e1mbito de las Tecnolog\\u00edas de la Informaci\\u00f3n y la Comunicaci\\u00f3n. Siempre con las mismas garant\\u00edas que podr\\u00edamos dar si nos ocup\\u00e1semos directamente desde Serveis TIC.<\\\/p><p>Entre estos servicios destacan las soluciones de conectividad, ya sea con fibra o radioenlace, en las que colaboramos con Globalcat, y Conecta, que nos permiten dar respuesta tanto a empresas como a clientes particulares, no s\\u00f3lo en conexiones a Internet, tambi\\u00e9n en todo lo relacionado con telefon\\u00eda, o centralitas.<\\\/p>\",\"display_condition_list\":[{\"display_condition_login_status\":\"subscriber\",\"_id\":\"32a4a9e\"}]},\"elements\":[],\"widgetType\":\"text-editor\"}],\"isInner\":false}],\"isInner\":false}]"],"_hostzine_header_img_id":["3948"],"_hostzine_header_img":["https:\/\/serveistic.com\/wp-content\/uploads\/2018\/03\/bg3-1.jpg"],"_hostzine_custom_page_title":["Empresa de servicios TIC"],"_elementor_version":["3.31.2"],"_last_translation_edit_mode":["native-editor"],"_elementor_page_settings":["a:0:{}"],"_elementor_controls_usage":["a:3:{s:11:\"text-editor\";a:3:{s:5:\"count\";i:1;s:15:\"control_percent\";i:1;s:8:\"controls\";a:2:{s:7:\"content\";a:1:{s:14:\"section_editor\";a:1:{s:6:\"editor\";i:1;}}s:8:\"advanced\";a:1:{s:26:\"display_conditions_section\";a:1:{s:22:\"display_condition_list\";i:1;}}}}s:6:\"column\";a:3:{s:5:\"count\";i:1;s:15:\"control_percent\";i:1;s:8:\"controls\";a:2:{s:6:\"layout\";a:1:{s:6:\"layout\";a:1:{s:12:\"_inline_size\";i:1;}}s:8:\"advanced\";a:1:{s:26:\"display_conditions_section\";a:1:{s:22:\"display_condition_list\";i:1;}}}}s:7:\"section\";a:3:{s:5:\"count\";i:1;s:15:\"control_percent\";i:0;s:8:\"controls\";a:1:{s:8:\"advanced\";a:1:{s:26:\"display_conditions_section\";a:1:{s:22:\"display_condition_list\";i:1;}}}}}"],"_wpml_word_count":["227"],"_elementor_template_widget_type":[""],"_elementor_popup_display_settings":[""],"_uag_page_assets":["a:9:{s:3:\"css\";s:7156:\".uag-blocks-common-selector{z-index:var(--z-index-desktop) !important}@media (max-width: 976px){.uag-blocks-common-selector{z-index:var(--z-index-tablet) !important}}@media (max-width: 767px){.uag-blocks-common-selector{z-index:var(--z-index-mobile) !important}}\n.wp-block-uagb-image{display:flex}.wp-block-uagb-image__figure{position:relative;display:flex;flex-direction:column;max-width:100%;height:auto;margin:0}.wp-block-uagb-image__figure img{height:auto;display:flex;max-width:100%;transition:box-shadow 0.2s ease}.wp-block-uagb-image__figure>a{display:inline-block}.wp-block-uagb-image__figure figcaption{text-align:center;margin-top:0.5em;margin-bottom:1em}.wp-block-uagb-image .components-placeholder.block-editor-media-placeholder .components-placeholder__instructions{align-self:center}.wp-block-uagb-image--align-left{text-align:left}.wp-block-uagb-image--align-right{text-align:right}.wp-block-uagb-image--align-center{text-align:center}.wp-block-uagb-image--align-full .wp-block-uagb-image__figure{margin-left:calc(50% - 50vw);margin-right:calc(50% - 50vw);max-width:100vw;width:100vw;height:auto}.wp-block-uagb-image--align-full .wp-block-uagb-image__figure img{height:auto;width:100% !important}.wp-block-uagb-image--align-wide .wp-block-uagb-image__figure img{height:auto;width:100%}.wp-block-uagb-image--layout-overlay__color-wrapper{position:absolute;left:0;top:0;right:0;bottom:0;opacity:0.2;background:rgba(0,0,0,0.5);transition:opacity 0.35s ease-in-out}.wp-block-uagb-image--layout-overlay-link{position:absolute;left:0;right:0;bottom:0;top:0}.wp-block-uagb-image--layout-overlay .wp-block-uagb-image__figure:hover .wp-block-uagb-image--layout-overlay__color-wrapper{opacity:1}.wp-block-uagb-image--layout-overlay__inner{position:absolute;left:15px;right:15px;bottom:15px;top:15px;display:flex;align-items:center;justify-content:center;flex-direction:column;border-color:#fff;transition:0.35s ease-in-out}.wp-block-uagb-image--layout-overlay__inner.top-left,.wp-block-uagb-image--layout-overlay__inner.top-center,.wp-block-uagb-image--layout-overlay__inner.top-right{justify-content:flex-start}.wp-block-uagb-image--layout-overlay__inner.bottom-left,.wp-block-uagb-image--layout-overlay__inner.bottom-center,.wp-block-uagb-image--layout-overlay__inner.bottom-right{justify-content:flex-end}.wp-block-uagb-image--layout-overlay__inner.top-left,.wp-block-uagb-image--layout-overlay__inner.center-left,.wp-block-uagb-image--layout-overlay__inner.bottom-left{align-items:flex-start}.wp-block-uagb-image--layout-overlay__inner.top-right,.wp-block-uagb-image--layout-overlay__inner.center-right,.wp-block-uagb-image--layout-overlay__inner.bottom-right{align-items:flex-end}.wp-block-uagb-image--layout-overlay__inner .uagb-image-heading{color:#fff;transition:transform 0.35s, opacity 0.35s ease-in-out;transform:translate3d(0, 24px, 0);margin:0;line-height:1em}.wp-block-uagb-image--layout-overlay__inner .uagb-image-separator{width:30%;border-top-width:2px;border-top-color:#fff;border-top-style:solid;margin-bottom:10px;opacity:0;transition:transform 0.4s, opacity 0.4s ease-in-out;transform:translate3d(0, 30px, 0)}.wp-block-uagb-image--layout-overlay__inner .uagb-image-caption{opacity:0;overflow:visible;color:#fff;transition:transform 0.45s, opacity 0.45s ease-in-out;transform:translate3d(0, 35px, 0)}.wp-block-uagb-image--layout-overlay__inner:hover .uagb-image-heading,.wp-block-uagb-image--layout-overlay__inner:hover .uagb-image-separator,.wp-block-uagb-image--layout-overlay__inner:hover .uagb-image-caption{opacity:1;transform:translate3d(0, 0, 0)}.wp-block-uagb-image--effect-zoomin .wp-block-uagb-image__figure img,.wp-block-uagb-image--effect-zoomin .wp-block-uagb-image__figure .wp-block-uagb-image--layout-overlay__color-wrapper{transform:scale(1);transition:transform 0.35s ease-in-out}.wp-block-uagb-image--effect-zoomin .wp-block-uagb-image__figure:hover img,.wp-block-uagb-image--effect-zoomin .wp-block-uagb-image__figure:hover .wp-block-uagb-image--layout-overlay__color-wrapper{transform:scale(1.05)}.wp-block-uagb-image--effect-slide .wp-block-uagb-image__figure img,.wp-block-uagb-image--effect-slide .wp-block-uagb-image__figure .wp-block-uagb-image--layout-overlay__color-wrapper{width:calc(100% + 40px) !important;max-width:none !important;transform:translate3d(-40px, 0, 0);transition:transform 0.35s ease-in-out}.wp-block-uagb-image--effect-slide .wp-block-uagb-image__figure:hover img,.wp-block-uagb-image--effect-slide .wp-block-uagb-image__figure:hover .wp-block-uagb-image--layout-overlay__color-wrapper{transform:translate3d(0, 0, 0)}.wp-block-uagb-image--effect-grayscale img{filter:grayscale(0%);transition:0.35s ease-in-out}.wp-block-uagb-image--effect-grayscale:hover img{filter:grayscale(100%)}.wp-block-uagb-image--effect-blur img{filter:blur(0);transition:0.35s ease-in-out}.wp-block-uagb-image--effect-blur:hover img{filter:blur(3px)}\n.uagb-block-4b4a202d.wp-block-uagb-image--layout-default figure img{box-shadow: 0px 0px 0 #00000070;}.uagb-block-4b4a202d.wp-block-uagb-image .wp-block-uagb-image__figure figcaption{font-style: normal;align-self: center;}.uagb-block-4b4a202d.wp-block-uagb-image--layout-overlay figure img{box-shadow: 0px 0px 0 #00000070;}.uagb-block-4b4a202d.wp-block-uagb-image--layout-overlay .wp-block-uagb-image--layout-overlay__color-wrapper{opacity: 0.2;}.uagb-block-4b4a202d.wp-block-uagb-image--layout-overlay .wp-block-uagb-image--layout-overlay__inner{left: 15px;right: 15px;top: 15px;bottom: 15px;}.uagb-block-4b4a202d.wp-block-uagb-image--layout-overlay .wp-block-uagb-image--layout-overlay__inner .uagb-image-heading{font-style: normal;color: #fff;opacity: 1;}.uagb-block-4b4a202d.wp-block-uagb-image--layout-overlay .wp-block-uagb-image--layout-overlay__inner .uagb-image-heading a{color: #fff;}.uagb-block-4b4a202d.wp-block-uagb-image--layout-overlay .wp-block-uagb-image--layout-overlay__inner .uagb-image-caption{opacity: 0;}.uagb-block-4b4a202d.wp-block-uagb-image--layout-overlay .wp-block-uagb-image__figure:hover .wp-block-uagb-image--layout-overlay__color-wrapper{opacity: 1;}.uagb-block-4b4a202d.wp-block-uagb-image .wp-block-uagb-image--layout-overlay__inner .uagb-image-separator{width: 30%;border-top-width: 2px;border-top-color: #fff;opacity: 0;}.uagb-block-4b4a202d.wp-block-uagb-image .wp-block-uagb-image__figure img{width: px;height: auto;}.uagb-block-4b4a202d.wp-block-uagb-image .wp-block-uagb-image__figure:hover .wp-block-uagb-image--layout-overlay__inner .uagb-image-caption{opacity: 1;}.uagb-block-4b4a202d.wp-block-uagb-image .wp-block-uagb-image__figure:hover .wp-block-uagb-image--layout-overlay__inner .uagb-image-separator{opacity: 1;}.uagb-block-4b4a202d.wp-block-uagb-image--layout-default figure:hover img{box-shadow: 0px 0px 0 #00000070;}.uagb-block-4b4a202d.wp-block-uagb-image--layout-overlay figure:hover img{box-shadow: 0px 0px 0 #00000070;}@media only screen and (max-width: 976px) {.uagb-block-4b4a202d.wp-block-uagb-image .wp-block-uagb-image__figure img{width: px;height: auto;}}@media only screen and (max-width: 767px) {.uagb-block-4b4a202d.wp-block-uagb-image .wp-block-uagb-image__figure img{width: px;height: auto;}}\";s:2:\"js\";s:0:\"\";s:18:\"current_block_list\";a:4:{i:0;s:14:\"core\/paragraph\";i:1;s:10:\"uagb\/image\";i:2;s:10:\"core\/image\";i:3;s:9:\"core\/code\";}s:8:\"uag_flag\";b:1;s:11:\"uag_version\";s:10:\"1778715210\";s:6:\"gfonts\";a:0:{}s:10:\"gfonts_url\";s:0:\"\";s:12:\"gfonts_files\";a:0:{}s:14:\"uag_faq_layout\";b:0;}"],"_elementor_page_assets":["a:1:{s:7:\"scripts\";a:1:{i:0;s:18:\"elementor-frontend\";}}"],"_elementor_css":["a:7:{s:4:\"time\";i:1778637896;s:5:\"fonts\";a:0:{}s:5:\"icons\";a:0:{}s:20:\"dynamic_elements_ids\";a:0:{}s:6:\"status\";s:5:\"empty\";i:0;s:0:\"\";s:3:\"css\";s:0:\"\";}"],"_elementor_element_cache":["{\"timeout\":1778833816,\"value\":{\"content\":\"\\t\\t<section class=\\\"elementor-section elementor-top-section elementor-element elementor-element-b1d05bd elementor-section-boxed elementor-section-height-default elementor-section-height-default\\\" data-id=\\\"b1d05bd\\\" data-element_type=\\\"section\\\">\\n\\t\\t\\t\\t\\t\\t<div class=\\\"elementor-container elementor-column-gap-default\\\">\\n\\t\\t\\t\\t\\t<div class=\\\"elementor-column elementor-col-100 elementor-top-column elementor-element elementor-element-8d953a4\\\" data-id=\\\"8d953a4\\\" data-element_type=\\\"column\\\">\\n\\t\\t\\t<div class=\\\"elementor-widget-wrap elementor-element-populated\\\">\\n\\t\\t\\t\\t[elementor-element k=\\\"d65f9af13c179ece6dd8e501eef1f87c\\\" data=\\\"eyJpZCI6IjQ3NzM3ZTciLCJlbFR5cGUiOiJ3aWRnZXQiLCJzZXR0aW5ncyI6eyJlZGl0b3IiOiI8aDI+U2VydmljaW9zIGRlIEludGVybmV0IHkgY29tdW5pY2FjaVx1MDBmM24gcGFyYSBwcm9mZXNpb25hbGVzIHkgZW1wcmVzYXM8XC9oMj48cD5Tb21vcyB1bmEgZW1wcmVzYSBkZSBzZXJ2aWNpb3MgVElDLCB5IHBvbmVtb3MgYSBkaXNwb3NpY2lcdTAwZjNuIGRlIG51ZXN0cm9zIGNsaWVudGVzIDIwIGFcdTAwZjFvcyBkZSBleHBlcmllbmNpYSBlbiBzb2x1Y2lvbmVzIHJlbGFjaW9uYWRhcyBjb24gbGFzIFRlY25vbG9nXHUwMGVkYXMgZGUgbGEgSW5mb3JtYWNpXHUwMGYzbiB5IGxhIENvbXVuaWNhY2lcdTAwZjNuLiBGYWNpbGl0YW5kbyBzZXJ2aWNpb3MgZGUgaG9zcGVkYWplIHdlYiwgYXNlc29yYW1pZW50bywgeSBtZWpvcmFzIHBhcmEgYXByb3ZlY2hhciBsYSBwXHUwMGUxZ2luYSB3ZWIgY29ycG9yYXRpdmEsIHRhbnRvIGVuIGxvIHJlbGF0aXZvIGEgZnVuY2lvbmFsaWRhZGVzIGNvbiBlbCBmaW4gZGUgaW5jcmVtZW50YXIgZWwgbml2ZWwgZGUgcGVyc3Vhc2liaWxpZGFkIGRlIHNpdGlvcyB3ZWIsIGNvbW8gcGFyYSBtZWpvcmFyIGVsIHBvc2ljaW9uYW1pZW50byBlbiBidXNjYWRvcmVzIHBvciBsb3MgY29uY2VwdG9zIHJlbGV2YW50ZXMsIGRlIG1vZG8gcXVlIGxvcyBpbnRlcmVzYWRvcyBlbiBsb3MgcHJvZHVjdG9zIG8gc2VydmljaW9zIHF1ZSBzZSBvZnJlY2VuIGVuIGVsbGFzIGxlcyBlbmN1ZW50cmVuIG1cdTAwZTFzIGZcdTAwZTFjaWxtZW50ZS48XC9wPjxwPkNvbXBsZW1lbnRhbW9zIHNlcnZpY2lvcyBwcm9waW9zIGNvbGFib3JhbmRvIGNvbiBwcm9mZXNpb25hbGVzIGRlIGxhIG1cdTAwZTF4aW1hIGNvbmZpYW56YSwgZmFjaWxpdGFuZG8gc29sdWNpb25lcyBhIHRvZG8gdGlwbyBkZSBuZWNlc2lkYWRlcyBlbiBlbCBcdTAwZTFtYml0byBkZSBsYXMgVGVjbm9sb2dcdTAwZWRhcyBkZSBsYSBJbmZvcm1hY2lcdTAwZjNuIHkgbGEgQ29tdW5pY2FjaVx1MDBmM24uIFNpZW1wcmUgY29uIGxhcyBtaXNtYXMgZ2FyYW50XHUwMGVkYXMgcXVlIHBvZHJcdTAwZWRhbW9zIGRhciBzaSBub3Mgb2N1cFx1MDBlMXNlbW9zIGRpcmVjdGFtZW50ZSBkZXNkZSBTZXJ2ZWlzIFRJQy48XC9wPjxwPkVudHJlIGVzdG9zIHNlcnZpY2lvcyBkZXN0YWNhbiBsYXMgc29sdWNpb25lcyBkZSBjb25lY3RpdmlkYWQsIHlhIHNlYSBjb24gZmlicmEgbyByYWRpb2VubGFjZSwgZW4gbGFzIHF1ZSBjb2xhYm9yYW1vcyBjb24gR2xvYmFsY2F0LCB5IENvbmVjdGEsIHF1ZSBub3MgcGVybWl0ZW4gZGFyIHJlc3B1ZXN0YSB0YW50byBhIGVtcHJlc2FzIGNvbW8gYSBjbGllbnRlcyBwYXJ0aWN1bGFyZXMsIG5vIHNcdTAwZjNsbyBlbiBjb25leGlvbmVzIGEgSW50ZXJuZXQsIHRhbWJpXHUwMGU5biBlbiB0b2RvIGxvIHJlbGFjaW9uYWRvIGNvbiB0ZWxlZm9uXHUwMGVkYSwgbyBjZW50cmFsaXRhcy48XC9wPiIsImRpc3BsYXlfY29uZGl0aW9uX2xpc3QiOlt7ImRpc3BsYXlfY29uZGl0aW9uX2xvZ2luX3N0YXR1cyI6InN1YnNjcmliZXIiLCJfaWQiOiIzMmE0YTllIn1dfSwiZWxlbWVudHMiOltdLCJ3aWRnZXRUeXBlIjoidGV4dC1lZGl0b3IifQ==\\\"]\\t\\t\\t<\\\/div>\\n\\t\\t<\\\/div>\\n\\t\\t\\t\\t\\t<\\\/div>\\n\\t\\t<\\\/section>\\n\\t\\t\",\"scripts\":[],\"styles\":[]}}"],"_uag_css_file_name":["uag-css-189.css"]},"uagb_featured_image_src":{"full":false,"thumbnail":false,"medium":false,"medium_large":false,"large":false,"1536x1536":false,"2048x2048":false},"uagb_author_info":{"display_name":"Serveis TIC","author_link":"https:\/\/www.serveistic.com\/es\/author\/anjo\/"},"uagb_comment_info":0,"uagb_excerpt":"Servicios de Internet y comunicaci\u00f3n para profesionales y empresas Somos una empresa de servicios TIC, y ponemos a disposici\u00f3n de nuestros clientes 20 a\u00f1os de experiencia en soluciones relacionadas con las Tecnolog\u00edas de la Informaci\u00f3n y la Comunicaci\u00f3n. Facilitando servicios de hospedaje web, asesoramiento, y mejoras para aprovechar la p\u00e1gina web corporativa, tanto en lo&hellip;","_links":{"self":[{"href":"https:\/\/www.serveistic.com\/es\/wp-json\/wp\/v2\/pages\/189","targetHints":{"allow":["GET"]}}],"collection":[{"href":"https:\/\/www.serveistic.com\/es\/wp-json\/wp\/v2\/pages"}],"about":[{"href":"https:\/\/www.serveistic.com\/es\/wp-json\/wp\/v2\/types\/page"}],"author":[{"embeddable":true,"href":"https:\/\/www.serveistic.com\/es\/wp-json\/wp\/v2\/users\/1"}],"replies":[{"embeddable":true,"href":"https:\/\/www.serveistic.com\/es\/wp-json\/wp\/v2\/comments?post=189"}],"version-history":[{"count":3,"href":"https:\/\/www.serveistic.com\/es\/wp-json\/wp\/v2\/pages\/189\/revisions"}],"predecessor-version":[{"id":50317,"href":"https:\/\/www.serveistic.com\/es\/wp-json\/wp\/v2\/pages\/189\/revisions\/50317"}],"wp:attachment":[{"href":"https:\/\/www.serveistic.com\/es\/wp-json\/wp\/v2\/media?parent=189"}],"curies":[{"name":"wp","href":"https:\/\/api.w.org\/{rel}","templated":true}]}}