{"id":191,"date":"2020-08-30T07:51:22","date_gmt":"2020-08-30T05:51:22","guid":{"rendered":"http:\/\/192.168.1.131\/wordpress\/?page_id=191"},"modified":"2026-01-04T20:37:49","modified_gmt":"2026-01-04T19:37:49","slug":"filosofia","status":"publish","type":"page","link":"https:\/\/www.serveistic.com\/es\/empresa-de-servicios-tic\/filosofia\/","title":{"rendered":"Filosof\u00eda"},"content":{"rendered":"\t\t<div data-elementor-type=\"wp-page\" data-elementor-id=\"191\" class=\"elementor elementor-191 elementor-30\">\n\t\t\t\t\t\t<section class=\"elementor-section elementor-top-section elementor-element elementor-element-e898e02 elementor-section-boxed elementor-section-height-default elementor-section-height-default\" data-id=\"e898e02\" data-element_type=\"section\">\n\t\t\t\t\t\t<div class=\"elementor-container elementor-column-gap-default\">\n\t\t\t\t\t<div class=\"elementor-column elementor-col-100 elementor-top-column elementor-element elementor-element-2a5c8be\" data-id=\"2a5c8be\" data-element_type=\"column\">\n\t\t\t<div class=\"elementor-widget-wrap elementor-element-populated\">\n\t\t\t\t\t\t<div class=\"elementor-element elementor-element-52e288b elementor-widget elementor-widget-text-editor\" data-id=\"52e288b\" data-element_type=\"widget\" data-widget_type=\"text-editor.default\">\n\t\t\t\t<div class=\"elementor-widget-container\">\n\t\t\t\t\t\t\t\t\t<h2>\u00bfQu\u00e9 creemos que nos hace adecuados para dar servicio a su empresa?<\/h2>\n<p><\/p>\n<p>Nuestra filosof\u00eda se basa en facilitar el aprovechamiento del bien m\u00e1s preciado para cualquier persona, y tambi\u00e9n para cualquier organizaci\u00f3n. El tiempo.<br \/><br \/>En un mundo globalizado, la clave del \u00e9xito es que nuestro trabajo se resuelva de la forma m\u00e1s eficiente. Para conseguirlo necesitamos centrarnos en aquellas \u00e1reas en las que ofrecemos lo mejor de nosotros mismos. Necesitamos despreocuparnos de aspectos adyacentes al d\u00eda a d\u00eda, que s\u00f3lo nos impiden aprovechar el tiempo productivo tanto como quisi\u00e9ramos, ser\u00eda deseable, o necesitamos.<br \/><br \/>Es por este motivo, que, desde ServeisTIC orientamos todos los esfuerzos de los servicios que ofrecemos a facilitar el ahorro y el aprovechamiento del tiempo productivo de nuestros usuarios. Yendo un paso m\u00e1s all\u00e1, y advirti\u00e9ndoles frente a cualquier inconveniente que pueda retrasar o afectar sus comunicaciones por Internet, identificando, y ayud\u00e1ndoles a solucionar las incidencias, muy a menudo antes de que las hayan detectado. Ya sea d\u00e1ndoles las instrucciones de resoluci\u00f3n correspondientes cuando \u00e9stas queden fuera de nuestro alcance, y no nos sea posible solucionarlas directamente, o una vez resueltas, en caso de que nos sea posible solucionarlas directamente, explic\u00e1ndoles lo que ha pasado, para que puedan tomar las medidas oportunas y evitar que se repitan.<br \/><br \/>Para poder dar este nivel de servicio se requiere una gran dedicaci\u00f3n diaria a la monitorizaci\u00f3n y revisi\u00f3n de los servicios prestados a nuestros clientes, porque s\u00f3lo as\u00ed nos podemos adelantr a las p\u00e9rdidas de tiempo productivo ocasionadas por cualquier incidencia. Poner a disposici\u00f3n de nuestros clientes los sistemas de soporte, seguimiento de servicios y resoluci\u00f3n de incidencias m\u00e1s \u00f3ptimos, y disponer de los colaboradores m\u00e1s eficientes, que, como nosotros, consideran que el cliente debe poder trabajar sin interrupciones causadas por un servicio deficiente.<\/p>\t\t\t\t\t\t\t\t<\/div>\n\t\t\t\t<\/div>\n\t\t\t\t\t<\/div>\n\t\t<\/div>\n\t\t\t\t\t<\/div>\n\t\t<\/section>\n\t\t\t\t<\/div>\n\t\t","protected":false},"excerpt":{"rendered":"<p>\u00bfQu\u00e9 creemos que nos hace adecuados para dar servicio a su empresa? Nuestra filosof\u00eda se basa en facilitar el aprovechamiento del bien m\u00e1s preciado para cualquier persona, y tambi\u00e9n para cualquier organizaci\u00f3n. El tiempo. En un mundo globalizado, la clave del \u00e9xito es que nuestro trabajo se resuelva de la forma m\u00e1s eficiente. Para conseguirlo [&hellip;]<\/p>\n","protected":false},"author":1,"featured_media":0,"parent":189,"menu_order":1,"comment_status":"closed","ping_status":"closed","template":"","meta":{"_uag_custom_page_level_css":"","site-sidebar-layout":"default","site-content-layout":"","ast-site-content-layout":"default","site-content-style":"default","site-sidebar-style":"default","ast-global-header-display":"","ast-banner-title-visibility":"","ast-main-header-display":"","ast-hfb-above-header-display":"","ast-hfb-below-header-display":"","ast-hfb-mobile-header-display":"","site-post-title":"","ast-breadcrumbs-content":"","ast-featured-img":"","footer-sml-layout":"","theme-transparent-header-meta":"","adv-header-id-meta":"","stick-header-meta":"","header-above-stick-meta":"","header-main-stick-meta":"","header-below-stick-meta":"","astra-migrate-meta-layouts":"default","ast-page-background-enabled":"default","ast-page-background-meta":{"desktop":{"background-color":"var(--ast-global-color-4)","background-image":"","background-repeat":"repeat","background-position":"center center","background-size":"auto","background-attachment":"scroll","background-type":"","background-media":"","overlay-type":"","overlay-color":"","overlay-opacity":"","overlay-gradient":""},"tablet":{"background-color":"","background-image":"","background-repeat":"repeat","background-position":"center center","background-size":"auto","background-attachment":"scroll","background-type":"","background-media":"","overlay-type":"","overlay-color":"","overlay-opacity":"","overlay-gradient":""},"mobile":{"background-color":"","background-image":"","background-repeat":"repeat","background-position":"center center","background-size":"auto","background-attachment":"scroll","background-type":"","background-media":"","overlay-type":"","overlay-color":"","overlay-opacity":"","overlay-gradient":""}},"ast-content-background-meta":{"desktop":{"background-color":"var(--ast-global-color-5)","background-image":"","background-repeat":"repeat","background-position":"center center","background-size":"auto","background-attachment":"scroll","background-type":"","background-media":"","overlay-type":"","overlay-color":"","overlay-opacity":"","overlay-gradient":""},"tablet":{"background-color":"var(--ast-global-color-5)","background-image":"","background-repeat":"repeat","background-position":"center center","background-size":"auto","background-attachment":"scroll","background-type":"","background-media":"","overlay-type":"","overlay-color":"","overlay-opacity":"","overlay-gradient":""},"mobile":{"background-color":"var(--ast-global-color-5)","background-image":"","background-repeat":"repeat","background-position":"center center","background-size":"auto","background-attachment":"scroll","background-type":"","background-media":"","overlay-type":"","overlay-color":"","overlay-opacity":"","overlay-gradient":""}},"footnotes":""},"class_list":["post-191","page","type-page","status-publish","hentry"],"aioseo_notices":[],"spectra_custom_meta":{"_aioseop_title":["Filosof\u00eda de ServeisTic"],"_aioseop_description":["Facilitar el ahorro y aprovechamiento del tiempo productivo de nuestros usuarios, es el objetivo de los servicios que ofrecemos"],"_aioseop_keywords":["ahorrar tiempo, aprovechar tiempo, servicios ahorrar tiempo"],"_edit_lock":["1767555455:1"],"_edit_last":["1"],"_aioseop_custom_link":[""],"_aioseop_sitemap_exclude":[""],"_aioseop_disable":[""],"_aioseop_disable_analytics":[""],"_aioseop_noindex":[""],"_aioseop_nofollow":[""],"_last_editor_used_jetpack":["block-editor"],"_aioseo_title":["Filosof\u00eda de ServeisTIC es facilitar el ahorro #separator_sa #post_title"],"_aioseo_description":["Filosof\u00eda, facilitar el ahorro y aprovechamiento del tiempo productivo de nuestros usuarios, es el objetivo de los servicios que ofrecemos"],"_aioseo_keywords":["ahorrar tiempo,aprovechar tiempo,servicios ahorrar tiempo"],"_aioseo_og_title":[null],"_aioseo_og_description":[null],"_aioseo_og_article_section":[null],"_aioseo_og_article_tags":[""],"_aioseo_twitter_title":[null],"_aioseo_twitter_description":[null],"_hostzine_page_header_enable":["enable"],"_hostzine_header_img_id":["2794"],"_hostzine_header_img":["https:\/\/serveistic.com\/wp-content\/uploads\/2018\/03\/g2.jpg"],"_elementor_edit_mode":["builder"],"_elementor_template_type":["wp-page"],"_wp_page_template":["default"],"_elementor_data":["[{\"id\":\"e898e02\",\"elType\":\"section\",\"settings\":{\"display_condition_list\":[{\"display_condition_login_status\":\"subscriber\",\"_id\":\"d1e8aa2\"}]},\"elements\":[{\"id\":\"2a5c8be\",\"elType\":\"column\",\"settings\":{\"_column_size\":100,\"_inline_size\":null,\"display_condition_list\":[{\"display_condition_login_status\":\"subscriber\",\"_id\":\"a6d938a\"}]},\"elements\":[{\"id\":\"52e288b\",\"elType\":\"widget\",\"settings\":{\"editor\":\"<h2>\\u00bfQu\\u00e9 creemos que nos hace adecuados para dar servicio a su empresa?<\\\/h2>\\n<p><\\\/p>\\n<p>Nuestra filosof\\u00eda se basa en facilitar el aprovechamiento del bien m\\u00e1s preciado para cualquier persona, y tambi\\u00e9n para cualquier organizaci\\u00f3n. El tiempo.<br \\\/><br \\\/>En un mundo globalizado, la clave del \\u00e9xito es que nuestro trabajo se resuelva de la forma m\\u00e1s eficiente. Para conseguirlo necesitamos centrarnos en aquellas \\u00e1reas en las que ofrecemos lo mejor de nosotros mismos. Necesitamos despreocuparnos de aspectos adyacentes al d\\u00eda a d\\u00eda, que s\\u00f3lo nos impiden aprovechar el tiempo productivo tanto como quisi\\u00e9ramos, ser\\u00eda deseable, o necesitamos.<br \\\/><br \\\/>Es por este motivo, que, desde ServeisTIC orientamos todos los esfuerzos de los servicios que ofrecemos a facilitar el ahorro y el aprovechamiento del tiempo productivo de nuestros usuarios. Yendo un paso m\\u00e1s all\\u00e1, y advirti\\u00e9ndoles frente a cualquier inconveniente que pueda retrasar o afectar sus comunicaciones por Internet, identificando, y ayud\\u00e1ndoles a solucionar las incidencias, muy a menudo antes de que las hayan detectado. Ya sea d\\u00e1ndoles las instrucciones de resoluci\\u00f3n correspondientes cuando \\u00e9stas queden fuera de nuestro alcance, y no nos sea posible solucionarlas directamente, o una vez resueltas, en caso de que nos sea posible solucionarlas directamente, explic\\u00e1ndoles lo que ha pasado, para que puedan tomar las medidas oportunas y evitar que se repitan.<br \\\/><br \\\/>Para poder dar este nivel de servicio se requiere una gran dedicaci\\u00f3n diaria a la monitorizaci\\u00f3n y revisi\\u00f3n de los servicios prestados a nuestros clientes, porque s\\u00f3lo as\\u00ed nos podemos adelantr a las p\\u00e9rdidas de tiempo productivo ocasionadas por cualquier incidencia. Poner a disposici\\u00f3n de nuestros clientes los sistemas de soporte, seguimiento de servicios y resoluci\\u00f3n de incidencias m\\u00e1s \\u00f3ptimos, y disponer de los colaboradores m\\u00e1s eficientes, que, como nosotros, consideran que el cliente debe poder trabajar sin interrupciones causadas por un servicio deficiente.<\\\/p>\",\"display_condition_list\":[{\"display_condition_login_status\":\"subscriber\",\"_id\":\"b5e3f37\"}]},\"elements\":[],\"widgetType\":\"text-editor\"}],\"isInner\":false}],\"isInner\":false}]"],"_elementor_version":["3.31.2"],"_last_translation_edit_mode":["native-editor"],"_elementor_page_settings":["a:0:{}"],"_elementor_controls_usage":["a:3:{s:11:\"text-editor\";a:3:{s:5:\"count\";i:1;s:15:\"control_percent\";i:1;s:8:\"controls\";a:2:{s:7:\"content\";a:1:{s:14:\"section_editor\";a:1:{s:6:\"editor\";i:1;}}s:8:\"advanced\";a:1:{s:26:\"display_conditions_section\";a:1:{s:22:\"display_condition_list\";i:1;}}}}s:6:\"column\";a:3:{s:5:\"count\";i:1;s:15:\"control_percent\";i:1;s:8:\"controls\";a:2:{s:6:\"layout\";a:1:{s:6:\"layout\";a:1:{s:12:\"_inline_size\";i:1;}}s:8:\"advanced\";a:1:{s:26:\"display_conditions_section\";a:1:{s:22:\"display_condition_list\";i:1;}}}}s:7:\"section\";a:3:{s:5:\"count\";i:1;s:15:\"control_percent\";i:0;s:8:\"controls\";a:1:{s:8:\"advanced\";a:1:{s:26:\"display_conditions_section\";a:1:{s:22:\"display_condition_list\";i:1;}}}}}"],"_wpml_word_count":["340"],"_elementor_template_widget_type":[""],"_elementor_popup_display_settings":[""],"_uag_page_assets":["a:9:{s:3:\"css\";s:7156:\".uag-blocks-common-selector{z-index:var(--z-index-desktop) !important}@media (max-width: 976px){.uag-blocks-common-selector{z-index:var(--z-index-tablet) !important}}@media (max-width: 767px){.uag-blocks-common-selector{z-index:var(--z-index-mobile) !important}}\n.wp-block-uagb-image{display:flex}.wp-block-uagb-image__figure{position:relative;display:flex;flex-direction:column;max-width:100%;height:auto;margin:0}.wp-block-uagb-image__figure img{height:auto;display:flex;max-width:100%;transition:box-shadow 0.2s ease}.wp-block-uagb-image__figure>a{display:inline-block}.wp-block-uagb-image__figure figcaption{text-align:center;margin-top:0.5em;margin-bottom:1em}.wp-block-uagb-image .components-placeholder.block-editor-media-placeholder .components-placeholder__instructions{align-self:center}.wp-block-uagb-image--align-left{text-align:left}.wp-block-uagb-image--align-right{text-align:right}.wp-block-uagb-image--align-center{text-align:center}.wp-block-uagb-image--align-full .wp-block-uagb-image__figure{margin-left:calc(50% - 50vw);margin-right:calc(50% - 50vw);max-width:100vw;width:100vw;height:auto}.wp-block-uagb-image--align-full .wp-block-uagb-image__figure img{height:auto;width:100% !important}.wp-block-uagb-image--align-wide .wp-block-uagb-image__figure img{height:auto;width:100%}.wp-block-uagb-image--layout-overlay__color-wrapper{position:absolute;left:0;top:0;right:0;bottom:0;opacity:0.2;background:rgba(0,0,0,0.5);transition:opacity 0.35s ease-in-out}.wp-block-uagb-image--layout-overlay-link{position:absolute;left:0;right:0;bottom:0;top:0}.wp-block-uagb-image--layout-overlay .wp-block-uagb-image__figure:hover .wp-block-uagb-image--layout-overlay__color-wrapper{opacity:1}.wp-block-uagb-image--layout-overlay__inner{position:absolute;left:15px;right:15px;bottom:15px;top:15px;display:flex;align-items:center;justify-content:center;flex-direction:column;border-color:#fff;transition:0.35s ease-in-out}.wp-block-uagb-image--layout-overlay__inner.top-left,.wp-block-uagb-image--layout-overlay__inner.top-center,.wp-block-uagb-image--layout-overlay__inner.top-right{justify-content:flex-start}.wp-block-uagb-image--layout-overlay__inner.bottom-left,.wp-block-uagb-image--layout-overlay__inner.bottom-center,.wp-block-uagb-image--layout-overlay__inner.bottom-right{justify-content:flex-end}.wp-block-uagb-image--layout-overlay__inner.top-left,.wp-block-uagb-image--layout-overlay__inner.center-left,.wp-block-uagb-image--layout-overlay__inner.bottom-left{align-items:flex-start}.wp-block-uagb-image--layout-overlay__inner.top-right,.wp-block-uagb-image--layout-overlay__inner.center-right,.wp-block-uagb-image--layout-overlay__inner.bottom-right{align-items:flex-end}.wp-block-uagb-image--layout-overlay__inner .uagb-image-heading{color:#fff;transition:transform 0.35s, opacity 0.35s ease-in-out;transform:translate3d(0, 24px, 0);margin:0;line-height:1em}.wp-block-uagb-image--layout-overlay__inner .uagb-image-separator{width:30%;border-top-width:2px;border-top-color:#fff;border-top-style:solid;margin-bottom:10px;opacity:0;transition:transform 0.4s, opacity 0.4s ease-in-out;transform:translate3d(0, 30px, 0)}.wp-block-uagb-image--layout-overlay__inner .uagb-image-caption{opacity:0;overflow:visible;color:#fff;transition:transform 0.45s, opacity 0.45s ease-in-out;transform:translate3d(0, 35px, 0)}.wp-block-uagb-image--layout-overlay__inner:hover .uagb-image-heading,.wp-block-uagb-image--layout-overlay__inner:hover .uagb-image-separator,.wp-block-uagb-image--layout-overlay__inner:hover .uagb-image-caption{opacity:1;transform:translate3d(0, 0, 0)}.wp-block-uagb-image--effect-zoomin .wp-block-uagb-image__figure img,.wp-block-uagb-image--effect-zoomin .wp-block-uagb-image__figure .wp-block-uagb-image--layout-overlay__color-wrapper{transform:scale(1);transition:transform 0.35s ease-in-out}.wp-block-uagb-image--effect-zoomin .wp-block-uagb-image__figure:hover img,.wp-block-uagb-image--effect-zoomin .wp-block-uagb-image__figure:hover .wp-block-uagb-image--layout-overlay__color-wrapper{transform:scale(1.05)}.wp-block-uagb-image--effect-slide .wp-block-uagb-image__figure img,.wp-block-uagb-image--effect-slide .wp-block-uagb-image__figure .wp-block-uagb-image--layout-overlay__color-wrapper{width:calc(100% + 40px) !important;max-width:none !important;transform:translate3d(-40px, 0, 0);transition:transform 0.35s ease-in-out}.wp-block-uagb-image--effect-slide .wp-block-uagb-image__figure:hover img,.wp-block-uagb-image--effect-slide .wp-block-uagb-image__figure:hover .wp-block-uagb-image--layout-overlay__color-wrapper{transform:translate3d(0, 0, 0)}.wp-block-uagb-image--effect-grayscale img{filter:grayscale(0%);transition:0.35s ease-in-out}.wp-block-uagb-image--effect-grayscale:hover img{filter:grayscale(100%)}.wp-block-uagb-image--effect-blur img{filter:blur(0);transition:0.35s ease-in-out}.wp-block-uagb-image--effect-blur:hover img{filter:blur(3px)}\n.uagb-block-4b4a202d.wp-block-uagb-image--layout-default figure img{box-shadow: 0px 0px 0 #00000070;}.uagb-block-4b4a202d.wp-block-uagb-image .wp-block-uagb-image__figure figcaption{font-style: normal;align-self: center;}.uagb-block-4b4a202d.wp-block-uagb-image--layout-overlay figure img{box-shadow: 0px 0px 0 #00000070;}.uagb-block-4b4a202d.wp-block-uagb-image--layout-overlay .wp-block-uagb-image--layout-overlay__color-wrapper{opacity: 0.2;}.uagb-block-4b4a202d.wp-block-uagb-image--layout-overlay .wp-block-uagb-image--layout-overlay__inner{left: 15px;right: 15px;top: 15px;bottom: 15px;}.uagb-block-4b4a202d.wp-block-uagb-image--layout-overlay .wp-block-uagb-image--layout-overlay__inner .uagb-image-heading{font-style: normal;color: #fff;opacity: 1;}.uagb-block-4b4a202d.wp-block-uagb-image--layout-overlay .wp-block-uagb-image--layout-overlay__inner .uagb-image-heading a{color: #fff;}.uagb-block-4b4a202d.wp-block-uagb-image--layout-overlay .wp-block-uagb-image--layout-overlay__inner .uagb-image-caption{opacity: 0;}.uagb-block-4b4a202d.wp-block-uagb-image--layout-overlay .wp-block-uagb-image__figure:hover .wp-block-uagb-image--layout-overlay__color-wrapper{opacity: 1;}.uagb-block-4b4a202d.wp-block-uagb-image .wp-block-uagb-image--layout-overlay__inner .uagb-image-separator{width: 30%;border-top-width: 2px;border-top-color: #fff;opacity: 0;}.uagb-block-4b4a202d.wp-block-uagb-image .wp-block-uagb-image__figure img{width: px;height: auto;}.uagb-block-4b4a202d.wp-block-uagb-image .wp-block-uagb-image__figure:hover .wp-block-uagb-image--layout-overlay__inner .uagb-image-caption{opacity: 1;}.uagb-block-4b4a202d.wp-block-uagb-image .wp-block-uagb-image__figure:hover .wp-block-uagb-image--layout-overlay__inner .uagb-image-separator{opacity: 1;}.uagb-block-4b4a202d.wp-block-uagb-image--layout-default figure:hover img{box-shadow: 0px 0px 0 #00000070;}.uagb-block-4b4a202d.wp-block-uagb-image--layout-overlay figure:hover img{box-shadow: 0px 0px 0 #00000070;}@media only screen and (max-width: 976px) {.uagb-block-4b4a202d.wp-block-uagb-image .wp-block-uagb-image__figure img{width: px;height: auto;}}@media only screen and (max-width: 767px) {.uagb-block-4b4a202d.wp-block-uagb-image .wp-block-uagb-image__figure img{width: px;height: auto;}}\";s:2:\"js\";s:0:\"\";s:18:\"current_block_list\";a:4:{i:0;s:14:\"core\/paragraph\";i:1;s:10:\"uagb\/image\";i:2;s:10:\"core\/image\";i:3;s:9:\"core\/code\";}s:8:\"uag_flag\";b:1;s:11:\"uag_version\";s:10:\"1777685736\";s:6:\"gfonts\";a:0:{}s:10:\"gfonts_url\";s:0:\"\";s:12:\"gfonts_files\";a:0:{}s:14:\"uag_faq_layout\";b:0;}"],"_elementor_page_assets":["a:1:{s:7:\"scripts\";a:1:{i:0;s:18:\"elementor-frontend\";}}"],"_elementor_css":["a:7:{s:4:\"time\";i:1777685736;s:5:\"fonts\";a:0:{}s:5:\"icons\";a:0:{}s:20:\"dynamic_elements_ids\";a:0:{}s:6:\"status\";s:5:\"empty\";i:0;s:0:\"\";s:3:\"css\";s:0:\"\";}"],"_elementor_element_cache":["{\"timeout\":1777779336,\"value\":{\"content\":\"\\t\\t<section class=\\\"elementor-section elementor-top-section elementor-element elementor-element-e898e02 elementor-section-boxed elementor-section-height-default elementor-section-height-default\\\" data-id=\\\"e898e02\\\" data-element_type=\\\"section\\\">\\n\\t\\t\\t\\t\\t\\t<div class=\\\"elementor-container elementor-column-gap-default\\\">\\n\\t\\t\\t\\t\\t<div class=\\\"elementor-column elementor-col-100 elementor-top-column elementor-element elementor-element-2a5c8be\\\" data-id=\\\"2a5c8be\\\" data-element_type=\\\"column\\\">\\n\\t\\t\\t<div class=\\\"elementor-widget-wrap elementor-element-populated\\\">\\n\\t\\t\\t\\t[elementor-element k=\\\"d65f9af13c179ece6dd8e501eef1f87c\\\" data=\\\"eyJpZCI6IjUyZTI4OGIiLCJlbFR5cGUiOiJ3aWRnZXQiLCJzZXR0aW5ncyI6eyJlZGl0b3IiOiI8aDI+XHUwMGJmUXVcdTAwZTkgY3JlZW1vcyBxdWUgbm9zIGhhY2UgYWRlY3VhZG9zIHBhcmEgZGFyIHNlcnZpY2lvIGEgc3UgZW1wcmVzYT88XC9oMj5cbjxwPjxcL3A+XG48cD5OdWVzdHJhIGZpbG9zb2ZcdTAwZWRhIHNlIGJhc2EgZW4gZmFjaWxpdGFyIGVsIGFwcm92ZWNoYW1pZW50byBkZWwgYmllbiBtXHUwMGUxcyBwcmVjaWFkbyBwYXJhIGN1YWxxdWllciBwZXJzb25hLCB5IHRhbWJpXHUwMGU5biBwYXJhIGN1YWxxdWllciBvcmdhbml6YWNpXHUwMGYzbi4gRWwgdGllbXBvLjxiciBcLz48YnIgXC8+RW4gdW4gbXVuZG8gZ2xvYmFsaXphZG8sIGxhIGNsYXZlIGRlbCBcdTAwZTl4aXRvIGVzIHF1ZSBudWVzdHJvIHRyYWJham8gc2UgcmVzdWVsdmEgZGUgbGEgZm9ybWEgbVx1MDBlMXMgZWZpY2llbnRlLiBQYXJhIGNvbnNlZ3VpcmxvIG5lY2VzaXRhbW9zIGNlbnRyYXJub3MgZW4gYXF1ZWxsYXMgXHUwMGUxcmVhcyBlbiBsYXMgcXVlIG9mcmVjZW1vcyBsbyBtZWpvciBkZSBub3NvdHJvcyBtaXNtb3MuIE5lY2VzaXRhbW9zIGRlc3ByZW9jdXBhcm5vcyBkZSBhc3BlY3RvcyBhZHlhY2VudGVzIGFsIGRcdTAwZWRhIGEgZFx1MDBlZGEsIHF1ZSBzXHUwMGYzbG8gbm9zIGltcGlkZW4gYXByb3ZlY2hhciBlbCB0aWVtcG8gcHJvZHVjdGl2byB0YW50byBjb21vIHF1aXNpXHUwMGU5cmFtb3MsIHNlclx1MDBlZGEgZGVzZWFibGUsIG8gbmVjZXNpdGFtb3MuPGJyIFwvPjxiciBcLz5FcyBwb3IgZXN0ZSBtb3Rpdm8sIHF1ZSwgZGVzZGUgU2VydmVpc1RJQyBvcmllbnRhbW9zIHRvZG9zIGxvcyBlc2Z1ZXJ6b3MgZGUgbG9zIHNlcnZpY2lvcyBxdWUgb2ZyZWNlbW9zIGEgZmFjaWxpdGFyIGVsIGFob3JybyB5IGVsIGFwcm92ZWNoYW1pZW50byBkZWwgdGllbXBvIHByb2R1Y3Rpdm8gZGUgbnVlc3Ryb3MgdXN1YXJpb3MuIFllbmRvIHVuIHBhc28gbVx1MDBlMXMgYWxsXHUwMGUxLCB5IGFkdmlydGlcdTAwZTluZG9sZXMgZnJlbnRlIGEgY3VhbHF1aWVyIGluY29udmVuaWVudGUgcXVlIHB1ZWRhIHJldHJhc2FyIG8gYWZlY3RhciBzdXMgY29tdW5pY2FjaW9uZXMgcG9yIEludGVybmV0LCBpZGVudGlmaWNhbmRvLCB5IGF5dWRcdTAwZTFuZG9sZXMgYSBzb2x1Y2lvbmFyIGxhcyBpbmNpZGVuY2lhcywgbXV5IGEgbWVudWRvIGFudGVzIGRlIHF1ZSBsYXMgaGF5YW4gZGV0ZWN0YWRvLiBZYSBzZWEgZFx1MDBlMW5kb2xlcyBsYXMgaW5zdHJ1Y2Npb25lcyBkZSByZXNvbHVjaVx1MDBmM24gY29ycmVzcG9uZGllbnRlcyBjdWFuZG8gXHUwMGU5c3RhcyBxdWVkZW4gZnVlcmEgZGUgbnVlc3RybyBhbGNhbmNlLCB5IG5vIG5vcyBzZWEgcG9zaWJsZSBzb2x1Y2lvbmFybGFzIGRpcmVjdGFtZW50ZSwgbyB1bmEgdmV6IHJlc3VlbHRhcywgZW4gY2FzbyBkZSBxdWUgbm9zIHNlYSBwb3NpYmxlIHNvbHVjaW9uYXJsYXMgZGlyZWN0YW1lbnRlLCBleHBsaWNcdTAwZTFuZG9sZXMgbG8gcXVlIGhhIHBhc2FkbywgcGFyYSBxdWUgcHVlZGFuIHRvbWFyIGxhcyBtZWRpZGFzIG9wb3J0dW5hcyB5IGV2aXRhciBxdWUgc2UgcmVwaXRhbi48YnIgXC8+PGJyIFwvPlBhcmEgcG9kZXIgZGFyIGVzdGUgbml2ZWwgZGUgc2VydmljaW8gc2UgcmVxdWllcmUgdW5hIGdyYW4gZGVkaWNhY2lcdTAwZjNuIGRpYXJpYSBhIGxhIG1vbml0b3JpemFjaVx1MDBmM24geSByZXZpc2lcdTAwZjNuIGRlIGxvcyBzZXJ2aWNpb3MgcHJlc3RhZG9zIGEgbnVlc3Ryb3MgY2xpZW50ZXMsIHBvcnF1ZSBzXHUwMGYzbG8gYXNcdTAwZWQgbm9zIHBvZGVtb3MgYWRlbGFudHIgYSBsYXMgcFx1MDBlOXJkaWRhcyBkZSB0aWVtcG8gcHJvZHVjdGl2byBvY2FzaW9uYWRhcyBwb3IgY3VhbHF1aWVyIGluY2lkZW5jaWEuIFBvbmVyIGEgZGlzcG9zaWNpXHUwMGYzbiBkZSBudWVzdHJvcyBjbGllbnRlcyBsb3Mgc2lzdGVtYXMgZGUgc29wb3J0ZSwgc2VndWltaWVudG8gZGUgc2VydmljaW9zIHkgcmVzb2x1Y2lcdTAwZjNuIGRlIGluY2lkZW5jaWFzIG1cdTAwZTFzIFx1MDBmM3B0aW1vcywgeSBkaXNwb25lciBkZSBsb3MgY29sYWJvcmFkb3JlcyBtXHUwMGUxcyBlZmljaWVudGVzLCBxdWUsIGNvbW8gbm9zb3Ryb3MsIGNvbnNpZGVyYW4gcXVlIGVsIGNsaWVudGUgZGViZSBwb2RlciB0cmFiYWphciBzaW4gaW50ZXJydXBjaW9uZXMgY2F1c2FkYXMgcG9yIHVuIHNlcnZpY2lvIGRlZmljaWVudGUuPFwvcD4iLCJkaXNwbGF5X2NvbmRpdGlvbl9saXN0IjpbeyJkaXNwbGF5X2NvbmRpdGlvbl9sb2dpbl9zdGF0dXMiOiJzdWJzY3JpYmVyIiwiX2lkIjoiYjVlM2YzNyJ9XX0sImVsZW1lbnRzIjpbXSwid2lkZ2V0VHlwZSI6InRleHQtZWRpdG9yIn0=\\\"]\\t\\t\\t<\\\/div>\\n\\t\\t<\\\/div>\\n\\t\\t\\t\\t\\t<\\\/div>\\n\\t\\t<\\\/section>\\n\\t\\t\",\"scripts\":[],\"styles\":[]}}"],"_uag_css_file_name":["uag-css-191.css"]},"uagb_featured_image_src":{"full":false,"thumbnail":false,"medium":false,"medium_large":false,"large":false,"1536x1536":false,"2048x2048":false},"uagb_author_info":{"display_name":"Serveis TIC","author_link":"https:\/\/www.serveistic.com\/es\/author\/anjo\/"},"uagb_comment_info":0,"uagb_excerpt":"\u00bfQu\u00e9 creemos que nos hace adecuados para dar servicio a su empresa? Nuestra filosof\u00eda se basa en facilitar el aprovechamiento del bien m\u00e1s preciado para cualquier persona, y tambi\u00e9n para cualquier organizaci\u00f3n. El tiempo. En un mundo globalizado, la clave del \u00e9xito es que nuestro trabajo se resuelva de la forma m\u00e1s eficiente. Para conseguirlo&hellip;","_links":{"self":[{"href":"https:\/\/www.serveistic.com\/es\/wp-json\/wp\/v2\/pages\/191","targetHints":{"allow":["GET"]}}],"collection":[{"href":"https:\/\/www.serveistic.com\/es\/wp-json\/wp\/v2\/pages"}],"about":[{"href":"https:\/\/www.serveistic.com\/es\/wp-json\/wp\/v2\/types\/page"}],"author":[{"embeddable":true,"href":"https:\/\/www.serveistic.com\/es\/wp-json\/wp\/v2\/users\/1"}],"replies":[{"embeddable":true,"href":"https:\/\/www.serveistic.com\/es\/wp-json\/wp\/v2\/comments?post=191"}],"version-history":[{"count":3,"href":"https:\/\/www.serveistic.com\/es\/wp-json\/wp\/v2\/pages\/191\/revisions"}],"predecessor-version":[{"id":50323,"href":"https:\/\/www.serveistic.com\/es\/wp-json\/wp\/v2\/pages\/191\/revisions\/50323"}],"up":[{"embeddable":true,"href":"https:\/\/www.serveistic.com\/es\/wp-json\/wp\/v2\/pages\/189"}],"wp:attachment":[{"href":"https:\/\/www.serveistic.com\/es\/wp-json\/wp\/v2\/media?parent=191"}],"curies":[{"name":"wp","href":"https:\/\/api.w.org\/{rel}","templated":true}]}}