{"id":209,"date":"2020-08-30T09:30:24","date_gmt":"2020-08-30T07:30:24","guid":{"rendered":"http:\/\/192.168.1.131\/wordpress\/?page_id=209"},"modified":"2026-01-04T21:02:46","modified_gmt":"2026-01-04T20:02:46","slug":"vps-para-desarrolladores","status":"publish","type":"page","link":"https:\/\/www.serveistic.com\/es\/hosting\/servidores-vps\/vps-para-desarrolladores\/","title":{"rendered":"VPS para desarrolladores"},"content":{"rendered":"\t\t<div data-elementor-type=\"wp-page\" data-elementor-id=\"209\" class=\"elementor elementor-209 elementor-63\">\n\t\t\t\t\t\t<section class=\"elementor-section elementor-top-section elementor-element elementor-element-8ea4a6d elementor-section-boxed elementor-section-height-default elementor-section-height-default\" data-id=\"8ea4a6d\" data-element_type=\"section\">\n\t\t\t\t\t\t<div class=\"elementor-container elementor-column-gap-default\">\n\t\t\t\t\t<div class=\"elementor-column elementor-col-100 elementor-top-column elementor-element elementor-element-25cc220\" data-id=\"25cc220\" data-element_type=\"column\">\n\t\t\t<div class=\"elementor-widget-wrap elementor-element-populated\">\n\t\t\t\t\t\t<div class=\"elementor-element elementor-element-d2cc6f5 elementor-widget elementor-widget-text-editor\" data-id=\"d2cc6f5\" data-element_type=\"widget\" data-widget_type=\"text-editor.default\">\n\t\t\t\t<div class=\"elementor-widget-container\">\n\t\t\t\t\t\t\t\t\t<h2>VPS para desarrolladores y empresas de dise\u00f1o y desarrollo de p\u00e1ginas web<\/h2>\n<p>Conociendo las dificultades y el tiempo que requiere atender las necesidades del cliente al que se ha desarrollado una p\u00e1gina web, en ServeisTIC tenemos una soluci\u00f3n de alojamiento de calidad, y muy adaptada, que complementa el buen trabajo realizado en los proyectos de desarrollo y programaci\u00f3n web. Se trata de los VPS para desarrolladores.<\/p>\n<p>Es un servicio muy especial, que incorpora todas las ventajas de nuestro servicio de VPS (Servidores Privados Virtuales), con la posibilidad de disponer de servicio t\u00e9cnico para que los usuarios finales dispongan de soporte, sin que nadie de la empresa tenga que dedicar su tiempo a resolver incidencias de los usuarios.<\/p>\n<p>En caso de incidencia, o necesidad de soporte en cualquier aspecto relacionado con el hospedaje, el responsable de la p\u00e1gina web no se tiene que preocupar, ya que se resolver\u00e1 la incidencia desde ServeisTIC, y se notificar\u00e1 al cliente y al usuario, para que puedan efectuar el seguimiento, y estar informados en el momento de la resoluci\u00f3n.<\/p>\t\t\t\t\t\t\t\t<\/div>\n\t\t\t\t<\/div>\n\t\t\t\t\t<\/div>\n\t\t<\/div>\n\t\t\t\t\t<\/div>\n\t\t<\/section>\n\t\t\t\t<\/div>\n\t\t","protected":false},"excerpt":{"rendered":"<p>VPS para desarrolladores y empresas de dise\u00f1o y desarrollo de p\u00e1ginas web Conociendo las dificultades y el tiempo que requiere atender las necesidades del cliente al que se ha desarrollado una p\u00e1gina web, en ServeisTIC tenemos una soluci\u00f3n de alojamiento de calidad, y muy adaptada, que complementa el buen trabajo realizado en los proyectos de [&hellip;]<\/p>\n","protected":false},"author":1,"featured_media":0,"parent":206,"menu_order":0,"comment_status":"closed","ping_status":"closed","template":"","meta":{"_uag_custom_page_level_css":"","site-sidebar-layout":"default","site-content-layout":"","ast-site-content-layout":"default","site-content-style":"default","site-sidebar-style":"default","ast-global-header-display":"","ast-banner-title-visibility":"","ast-main-header-display":"","ast-hfb-above-header-display":"","ast-hfb-below-header-display":"","ast-hfb-mobile-header-display":"","site-post-title":"","ast-breadcrumbs-content":"","ast-featured-img":"","footer-sml-layout":"","theme-transparent-header-meta":"","adv-header-id-meta":"","stick-header-meta":"","header-above-stick-meta":"","header-main-stick-meta":"","header-below-stick-meta":"","astra-migrate-meta-layouts":"default","ast-page-background-enabled":"default","ast-page-background-meta":{"desktop":{"background-color":"var(--ast-global-color-4)","background-image":"","background-repeat":"repeat","background-position":"center center","background-size":"auto","background-attachment":"scroll","background-type":"","background-media":"","overlay-type":"","overlay-color":"","overlay-opacity":"","overlay-gradient":""},"tablet":{"background-color":"","background-image":"","background-repeat":"repeat","background-position":"center center","background-size":"auto","background-attachment":"scroll","background-type":"","background-media":"","overlay-type":"","overlay-color":"","overlay-opacity":"","overlay-gradient":""},"mobile":{"background-color":"","background-image":"","background-repeat":"repeat","background-position":"center center","background-size":"auto","background-attachment":"scroll","background-type":"","background-media":"","overlay-type":"","overlay-color":"","overlay-opacity":"","overlay-gradient":""}},"ast-content-background-meta":{"desktop":{"background-color":"var(--ast-global-color-5)","background-image":"","background-repeat":"repeat","background-position":"center center","background-size":"auto","background-attachment":"scroll","background-type":"","background-media":"","overlay-type":"","overlay-color":"","overlay-opacity":"","overlay-gradient":""},"tablet":{"background-color":"var(--ast-global-color-5)","background-image":"","background-repeat":"repeat","background-position":"center center","background-size":"auto","background-attachment":"scroll","background-type":"","background-media":"","overlay-type":"","overlay-color":"","overlay-opacity":"","overlay-gradient":""},"mobile":{"background-color":"var(--ast-global-color-5)","background-image":"","background-repeat":"repeat","background-position":"center center","background-size":"auto","background-attachment":"scroll","background-type":"","background-media":"","overlay-type":"","overlay-color":"","overlay-opacity":"","overlay-gradient":""}},"footnotes":""},"class_list":["post-209","page","type-page","status-publish","hentry"],"aioseo_notices":[],"spectra_custom_meta":{"_aioseop_title":["VPS para empresas de desarrollo de p\u00e1ginas web"],"_aioseop_description":["Servidores VPS adaptados para empresas y profesionales del desarrollo de p\u00e1ginas web para no perder tiempo en resolver necesidades de clientes con el hosting"],"_aioseop_keywords":["vps, web, Manresa, desarrollo web"],"_edit_lock":["1767556912:1"],"_edit_last":["1"],"_aioseop_custom_link":[""],"_aioseop_sitemap_exclude":[""],"_aioseop_disable":[""],"_aioseop_disable_analytics":[""],"_aioseop_noindex":[""],"_aioseop_nofollow":[""],"_last_editor_used_jetpack":["block-editor"],"_aioseo_title":["VPS para desarrolladores de p\u00e1ginas web | #site_title"],"_aioseo_description":["Servidores VPS para desarrolladores, empresas y profesionales del desarrollo web para no tener que dedicar tiempo a resolver las necesidades de los usuarios"],"_aioseo_keywords":["vps,web,Manresa,desarrollo web"],"_aioseo_og_title":[null],"_aioseo_og_description":[null],"_aioseo_og_article_section":[""],"_aioseo_og_article_tags":[""],"_aioseo_twitter_title":[null],"_aioseo_twitter_description":[null],"_hostzine_page_header_enable":["enable"],"_hostzine_header_img_id":["2777"],"_hostzine_header_img":["https:\/\/serveistic.com\/wp-content\/uploads\/2018\/03\/olympya.jpg"],"_elementor_edit_mode":["builder"],"_elementor_template_type":["wp-page"],"_elementor_version":["3.1.4"],"_wp_page_template":["default"],"_elementor_data":["[{\"id\":\"8ea4a6d\",\"elType\":\"section\",\"settings\":{\"display_condition_list\":[{\"display_condition_login_status\":\"subscriber\",\"_id\":\"816d010\"}]},\"elements\":[{\"id\":\"25cc220\",\"elType\":\"column\",\"settings\":{\"_column_size\":100,\"_inline_size\":null,\"display_condition_list\":[{\"display_condition_login_status\":\"subscriber\",\"_id\":\"f97aacb\"}]},\"elements\":[{\"id\":\"d2cc6f5\",\"elType\":\"widget\",\"settings\":{\"editor\":\"<h2>VPS para desarrolladores y empresas de dise\\u00f1o y desarrollo de p\\u00e1ginas web<\\\/h2>\\n<p>Conociendo las dificultades y el tiempo que requiere atender las necesidades del cliente al que se ha desarrollado una p\\u00e1gina web, en ServeisTIC tenemos una soluci\\u00f3n de alojamiento de calidad, y muy adaptada, que complementa el buen trabajo realizado en los proyectos de desarrollo y programaci\\u00f3n web. Se trata de los VPS para desarrolladores.<\\\/p>\\n<p>Es un servicio muy especial, que incorpora todas las ventajas de nuestro servicio de VPS (Servidores Privados Virtuales), con la posibilidad de disponer de servicio t\\u00e9cnico para que los usuarios finales dispongan de soporte, sin que nadie de la empresa tenga que dedicar su tiempo a resolver incidencias de los usuarios.<\\\/p>\\n<p>En caso de incidencia, o necesidad de soporte en cualquier aspecto relacionado con el hospedaje, el responsable de la p\\u00e1gina web no se tiene que preocupar, ya que se resolver\\u00e1 la incidencia desde ServeisTIC, y se notificar\\u00e1 al cliente y al usuario, para que puedan efectuar el seguimiento, y estar informados en el momento de la resoluci\\u00f3n.<\\\/p>\",\"display_condition_list\":[{\"display_condition_login_status\":\"subscriber\",\"_id\":\"3507cca\"}]},\"elements\":[],\"widgetType\":\"text-editor\"}],\"isInner\":false}],\"isInner\":false}]"],"_last_translation_edit_mode":["native-editor"],"_elementor_page_settings":["a:0:{}"],"_elementor_controls_usage":["a:3:{s:11:\"text-editor\";a:3:{s:5:\"count\";i:1;s:15:\"control_percent\";i:1;s:8:\"controls\";a:2:{s:7:\"content\";a:1:{s:14:\"section_editor\";a:1:{s:6:\"editor\";i:1;}}s:8:\"advanced\";a:1:{s:26:\"display_conditions_section\";a:1:{s:22:\"display_condition_list\";i:1;}}}}s:6:\"column\";a:3:{s:5:\"count\";i:1;s:15:\"control_percent\";i:1;s:8:\"controls\";a:2:{s:6:\"layout\";a:1:{s:6:\"layout\";a:1:{s:12:\"_inline_size\";i:1;}}s:8:\"advanced\";a:1:{s:26:\"display_conditions_section\";a:1:{s:22:\"display_condition_list\";i:1;}}}}s:7:\"section\";a:3:{s:5:\"count\";i:1;s:15:\"control_percent\";i:0;s:8:\"controls\";a:1:{s:8:\"advanced\";a:1:{s:26:\"display_conditions_section\";a:1:{s:22:\"display_condition_list\";i:1;}}}}}"],"_wpml_word_count":["188"],"_elementor_template_widget_type":[""],"_elementor_popup_display_settings":[""],"_uag_page_assets":["a:9:{s:3:\"css\";s:7156:\".uag-blocks-common-selector{z-index:var(--z-index-desktop) !important}@media (max-width: 976px){.uag-blocks-common-selector{z-index:var(--z-index-tablet) !important}}@media (max-width: 767px){.uag-blocks-common-selector{z-index:var(--z-index-mobile) !important}}\n.wp-block-uagb-image{display:flex}.wp-block-uagb-image__figure{position:relative;display:flex;flex-direction:column;max-width:100%;height:auto;margin:0}.wp-block-uagb-image__figure img{height:auto;display:flex;max-width:100%;transition:box-shadow 0.2s ease}.wp-block-uagb-image__figure>a{display:inline-block}.wp-block-uagb-image__figure figcaption{text-align:center;margin-top:0.5em;margin-bottom:1em}.wp-block-uagb-image .components-placeholder.block-editor-media-placeholder .components-placeholder__instructions{align-self:center}.wp-block-uagb-image--align-left{text-align:left}.wp-block-uagb-image--align-right{text-align:right}.wp-block-uagb-image--align-center{text-align:center}.wp-block-uagb-image--align-full .wp-block-uagb-image__figure{margin-left:calc(50% - 50vw);margin-right:calc(50% - 50vw);max-width:100vw;width:100vw;height:auto}.wp-block-uagb-image--align-full .wp-block-uagb-image__figure img{height:auto;width:100% !important}.wp-block-uagb-image--align-wide .wp-block-uagb-image__figure img{height:auto;width:100%}.wp-block-uagb-image--layout-overlay__color-wrapper{position:absolute;left:0;top:0;right:0;bottom:0;opacity:0.2;background:rgba(0,0,0,0.5);transition:opacity 0.35s ease-in-out}.wp-block-uagb-image--layout-overlay-link{position:absolute;left:0;right:0;bottom:0;top:0}.wp-block-uagb-image--layout-overlay .wp-block-uagb-image__figure:hover .wp-block-uagb-image--layout-overlay__color-wrapper{opacity:1}.wp-block-uagb-image--layout-overlay__inner{position:absolute;left:15px;right:15px;bottom:15px;top:15px;display:flex;align-items:center;justify-content:center;flex-direction:column;border-color:#fff;transition:0.35s ease-in-out}.wp-block-uagb-image--layout-overlay__inner.top-left,.wp-block-uagb-image--layout-overlay__inner.top-center,.wp-block-uagb-image--layout-overlay__inner.top-right{justify-content:flex-start}.wp-block-uagb-image--layout-overlay__inner.bottom-left,.wp-block-uagb-image--layout-overlay__inner.bottom-center,.wp-block-uagb-image--layout-overlay__inner.bottom-right{justify-content:flex-end}.wp-block-uagb-image--layout-overlay__inner.top-left,.wp-block-uagb-image--layout-overlay__inner.center-left,.wp-block-uagb-image--layout-overlay__inner.bottom-left{align-items:flex-start}.wp-block-uagb-image--layout-overlay__inner.top-right,.wp-block-uagb-image--layout-overlay__inner.center-right,.wp-block-uagb-image--layout-overlay__inner.bottom-right{align-items:flex-end}.wp-block-uagb-image--layout-overlay__inner .uagb-image-heading{color:#fff;transition:transform 0.35s, opacity 0.35s ease-in-out;transform:translate3d(0, 24px, 0);margin:0;line-height:1em}.wp-block-uagb-image--layout-overlay__inner .uagb-image-separator{width:30%;border-top-width:2px;border-top-color:#fff;border-top-style:solid;margin-bottom:10px;opacity:0;transition:transform 0.4s, opacity 0.4s ease-in-out;transform:translate3d(0, 30px, 0)}.wp-block-uagb-image--layout-overlay__inner .uagb-image-caption{opacity:0;overflow:visible;color:#fff;transition:transform 0.45s, opacity 0.45s ease-in-out;transform:translate3d(0, 35px, 0)}.wp-block-uagb-image--layout-overlay__inner:hover .uagb-image-heading,.wp-block-uagb-image--layout-overlay__inner:hover .uagb-image-separator,.wp-block-uagb-image--layout-overlay__inner:hover .uagb-image-caption{opacity:1;transform:translate3d(0, 0, 0)}.wp-block-uagb-image--effect-zoomin .wp-block-uagb-image__figure img,.wp-block-uagb-image--effect-zoomin .wp-block-uagb-image__figure .wp-block-uagb-image--layout-overlay__color-wrapper{transform:scale(1);transition:transform 0.35s ease-in-out}.wp-block-uagb-image--effect-zoomin .wp-block-uagb-image__figure:hover img,.wp-block-uagb-image--effect-zoomin .wp-block-uagb-image__figure:hover .wp-block-uagb-image--layout-overlay__color-wrapper{transform:scale(1.05)}.wp-block-uagb-image--effect-slide .wp-block-uagb-image__figure img,.wp-block-uagb-image--effect-slide .wp-block-uagb-image__figure .wp-block-uagb-image--layout-overlay__color-wrapper{width:calc(100% + 40px) !important;max-width:none !important;transform:translate3d(-40px, 0, 0);transition:transform 0.35s ease-in-out}.wp-block-uagb-image--effect-slide .wp-block-uagb-image__figure:hover img,.wp-block-uagb-image--effect-slide .wp-block-uagb-image__figure:hover .wp-block-uagb-image--layout-overlay__color-wrapper{transform:translate3d(0, 0, 0)}.wp-block-uagb-image--effect-grayscale img{filter:grayscale(0%);transition:0.35s ease-in-out}.wp-block-uagb-image--effect-grayscale:hover img{filter:grayscale(100%)}.wp-block-uagb-image--effect-blur img{filter:blur(0);transition:0.35s ease-in-out}.wp-block-uagb-image--effect-blur:hover img{filter:blur(3px)}\n.uagb-block-4b4a202d.wp-block-uagb-image--layout-default figure img{box-shadow: 0px 0px 0 #00000070;}.uagb-block-4b4a202d.wp-block-uagb-image .wp-block-uagb-image__figure figcaption{font-style: normal;align-self: center;}.uagb-block-4b4a202d.wp-block-uagb-image--layout-overlay figure img{box-shadow: 0px 0px 0 #00000070;}.uagb-block-4b4a202d.wp-block-uagb-image--layout-overlay .wp-block-uagb-image--layout-overlay__color-wrapper{opacity: 0.2;}.uagb-block-4b4a202d.wp-block-uagb-image--layout-overlay .wp-block-uagb-image--layout-overlay__inner{left: 15px;right: 15px;top: 15px;bottom: 15px;}.uagb-block-4b4a202d.wp-block-uagb-image--layout-overlay .wp-block-uagb-image--layout-overlay__inner .uagb-image-heading{font-style: normal;color: #fff;opacity: 1;}.uagb-block-4b4a202d.wp-block-uagb-image--layout-overlay .wp-block-uagb-image--layout-overlay__inner .uagb-image-heading a{color: #fff;}.uagb-block-4b4a202d.wp-block-uagb-image--layout-overlay .wp-block-uagb-image--layout-overlay__inner .uagb-image-caption{opacity: 0;}.uagb-block-4b4a202d.wp-block-uagb-image--layout-overlay .wp-block-uagb-image__figure:hover .wp-block-uagb-image--layout-overlay__color-wrapper{opacity: 1;}.uagb-block-4b4a202d.wp-block-uagb-image .wp-block-uagb-image--layout-overlay__inner .uagb-image-separator{width: 30%;border-top-width: 2px;border-top-color: #fff;opacity: 0;}.uagb-block-4b4a202d.wp-block-uagb-image .wp-block-uagb-image__figure img{width: px;height: auto;}.uagb-block-4b4a202d.wp-block-uagb-image .wp-block-uagb-image__figure:hover .wp-block-uagb-image--layout-overlay__inner .uagb-image-caption{opacity: 1;}.uagb-block-4b4a202d.wp-block-uagb-image .wp-block-uagb-image__figure:hover .wp-block-uagb-image--layout-overlay__inner .uagb-image-separator{opacity: 1;}.uagb-block-4b4a202d.wp-block-uagb-image--layout-default figure:hover img{box-shadow: 0px 0px 0 #00000070;}.uagb-block-4b4a202d.wp-block-uagb-image--layout-overlay figure:hover img{box-shadow: 0px 0px 0 #00000070;}@media only screen and (max-width: 976px) {.uagb-block-4b4a202d.wp-block-uagb-image .wp-block-uagb-image__figure img{width: px;height: auto;}}@media only screen and (max-width: 767px) {.uagb-block-4b4a202d.wp-block-uagb-image .wp-block-uagb-image__figure img{width: px;height: auto;}}\";s:2:\"js\";s:0:\"\";s:18:\"current_block_list\";a:4:{i:0;s:14:\"core\/paragraph\";i:1;s:10:\"uagb\/image\";i:2;s:10:\"core\/image\";i:3;s:9:\"core\/code\";}s:8:\"uag_flag\";b:1;s:11:\"uag_version\";s:10:\"1777510191\";s:6:\"gfonts\";a:0:{}s:10:\"gfonts_url\";s:0:\"\";s:12:\"gfonts_files\";a:0:{}s:14:\"uag_faq_layout\";b:0;}"],"_elementor_css":["a:7:{s:4:\"time\";i:1777504405;s:5:\"fonts\";a:0:{}s:5:\"icons\";a:0:{}s:20:\"dynamic_elements_ids\";a:0:{}s:6:\"status\";s:5:\"empty\";i:0;s:0:\"\";s:3:\"css\";s:0:\"\";}"],"_elementor_page_assets":["a:1:{s:7:\"scripts\";a:1:{i:0;s:18:\"elementor-frontend\";}}"],"_elementor_element_cache":["{\"timeout\":1777598005,\"value\":{\"content\":\"\\t\\t<section class=\\\"elementor-section elementor-top-section elementor-element elementor-element-8ea4a6d elementor-section-boxed elementor-section-height-default elementor-section-height-default\\\" data-id=\\\"8ea4a6d\\\" data-element_type=\\\"section\\\">\\n\\t\\t\\t\\t\\t\\t<div class=\\\"elementor-container elementor-column-gap-default\\\">\\n\\t\\t\\t\\t\\t<div class=\\\"elementor-column elementor-col-100 elementor-top-column elementor-element elementor-element-25cc220\\\" data-id=\\\"25cc220\\\" data-element_type=\\\"column\\\">\\n\\t\\t\\t<div class=\\\"elementor-widget-wrap elementor-element-populated\\\">\\n\\t\\t\\t\\t[elementor-element k=\\\"d65f9af13c179ece6dd8e501eef1f87c\\\" data=\\\"eyJpZCI6ImQyY2M2ZjUiLCJlbFR5cGUiOiJ3aWRnZXQiLCJzZXR0aW5ncyI6eyJlZGl0b3IiOiI8aDI+VlBTIHBhcmEgZGVzYXJyb2xsYWRvcmVzIHkgZW1wcmVzYXMgZGUgZGlzZVx1MDBmMW8geSBkZXNhcnJvbGxvIGRlIHBcdTAwZTFnaW5hcyB3ZWI8XC9oMj5cbjxwPkNvbm9jaWVuZG8gbGFzIGRpZmljdWx0YWRlcyB5IGVsIHRpZW1wbyBxdWUgcmVxdWllcmUgYXRlbmRlciBsYXMgbmVjZXNpZGFkZXMgZGVsIGNsaWVudGUgYWwgcXVlIHNlIGhhIGRlc2Fycm9sbGFkbyB1bmEgcFx1MDBlMWdpbmEgd2ViLCBlbiBTZXJ2ZWlzVElDIHRlbmVtb3MgdW5hIHNvbHVjaVx1MDBmM24gZGUgYWxvamFtaWVudG8gZGUgY2FsaWRhZCwgeSBtdXkgYWRhcHRhZGEsIHF1ZSBjb21wbGVtZW50YSBlbCBidWVuIHRyYWJham8gcmVhbGl6YWRvIGVuIGxvcyBwcm95ZWN0b3MgZGUgZGVzYXJyb2xsbyB5IHByb2dyYW1hY2lcdTAwZjNuIHdlYi4gU2UgdHJhdGEgZGUgbG9zIFZQUyBwYXJhIGRlc2Fycm9sbGFkb3Jlcy48XC9wPlxuPHA+RXMgdW4gc2VydmljaW8gbXV5IGVzcGVjaWFsLCBxdWUgaW5jb3Jwb3JhIHRvZGFzIGxhcyB2ZW50YWphcyBkZSBudWVzdHJvIHNlcnZpY2lvIGRlIFZQUyAoU2Vydmlkb3JlcyBQcml2YWRvcyBWaXJ0dWFsZXMpLCBjb24gbGEgcG9zaWJpbGlkYWQgZGUgZGlzcG9uZXIgZGUgc2VydmljaW8gdFx1MDBlOWNuaWNvIHBhcmEgcXVlIGxvcyB1c3VhcmlvcyBmaW5hbGVzIGRpc3BvbmdhbiBkZSBzb3BvcnRlLCBzaW4gcXVlIG5hZGllIGRlIGxhIGVtcHJlc2EgdGVuZ2EgcXVlIGRlZGljYXIgc3UgdGllbXBvIGEgcmVzb2x2ZXIgaW5jaWRlbmNpYXMgZGUgbG9zIHVzdWFyaW9zLjxcL3A+XG48cD5FbiBjYXNvIGRlIGluY2lkZW5jaWEsIG8gbmVjZXNpZGFkIGRlIHNvcG9ydGUgZW4gY3VhbHF1aWVyIGFzcGVjdG8gcmVsYWNpb25hZG8gY29uIGVsIGhvc3BlZGFqZSwgZWwgcmVzcG9uc2FibGUgZGUgbGEgcFx1MDBlMWdpbmEgd2ViIG5vIHNlIHRpZW5lIHF1ZSBwcmVvY3VwYXIsIHlhIHF1ZSBzZSByZXNvbHZlclx1MDBlMSBsYSBpbmNpZGVuY2lhIGRlc2RlIFNlcnZlaXNUSUMsIHkgc2Ugbm90aWZpY2FyXHUwMGUxIGFsIGNsaWVudGUgeSBhbCB1c3VhcmlvLCBwYXJhIHF1ZSBwdWVkYW4gZWZlY3R1YXIgZWwgc2VndWltaWVudG8sIHkgZXN0YXIgaW5mb3JtYWRvcyBlbiBlbCBtb21lbnRvIGRlIGxhIHJlc29sdWNpXHUwMGYzbi48XC9wPiIsImRpc3BsYXlfY29uZGl0aW9uX2xpc3QiOlt7ImRpc3BsYXlfY29uZGl0aW9uX2xvZ2luX3N0YXR1cyI6InN1YnNjcmliZXIiLCJfaWQiOiIzNTA3Y2NhIn1dfSwiZWxlbWVudHMiOltdLCJ3aWRnZXRUeXBlIjoidGV4dC1lZGl0b3IifQ==\\\"]\\t\\t\\t<\\\/div>\\n\\t\\t<\\\/div>\\n\\t\\t\\t\\t\\t<\\\/div>\\n\\t\\t<\\\/section>\\n\\t\\t\",\"scripts\":[],\"styles\":[]}}"],"_uag_css_file_name":["uag-css-209.css"]},"uagb_featured_image_src":{"full":false,"thumbnail":false,"medium":false,"medium_large":false,"large":false,"1536x1536":false,"2048x2048":false},"uagb_author_info":{"display_name":"Serveis TIC","author_link":"https:\/\/www.serveistic.com\/es\/author\/anjo\/"},"uagb_comment_info":0,"uagb_excerpt":"VPS para desarrolladores y empresas de dise\u00f1o y desarrollo de p\u00e1ginas web Conociendo las dificultades y el tiempo que requiere atender las necesidades del cliente al que se ha desarrollado una p\u00e1gina web, en ServeisTIC tenemos una soluci\u00f3n de alojamiento de calidad, y muy adaptada, que complementa el buen trabajo realizado en los proyectos de&hellip;","_links":{"self":[{"href":"https:\/\/www.serveistic.com\/es\/wp-json\/wp\/v2\/pages\/209","targetHints":{"allow":["GET"]}}],"collection":[{"href":"https:\/\/www.serveistic.com\/es\/wp-json\/wp\/v2\/pages"}],"about":[{"href":"https:\/\/www.serveistic.com\/es\/wp-json\/wp\/v2\/types\/page"}],"author":[{"embeddable":true,"href":"https:\/\/www.serveistic.com\/es\/wp-json\/wp\/v2\/users\/1"}],"replies":[{"embeddable":true,"href":"https:\/\/www.serveistic.com\/es\/wp-json\/wp\/v2\/comments?post=209"}],"version-history":[{"count":3,"href":"https:\/\/www.serveistic.com\/es\/wp-json\/wp\/v2\/pages\/209\/revisions"}],"predecessor-version":[{"id":50375,"href":"https:\/\/www.serveistic.com\/es\/wp-json\/wp\/v2\/pages\/209\/revisions\/50375"}],"up":[{"embeddable":true,"href":"https:\/\/www.serveistic.com\/es\/wp-json\/wp\/v2\/pages\/206"}],"wp:attachment":[{"href":"https:\/\/www.serveistic.com\/es\/wp-json\/wp\/v2\/media?parent=209"}],"curies":[{"name":"wp","href":"https:\/\/api.w.org\/{rel}","templated":true}]}}