{"id":218,"date":"2020-08-30T09:38:03","date_gmt":"2020-08-30T07:38:03","guid":{"rendered":"http:\/\/192.168.1.131\/wordpress\/?page_id=218"},"modified":"2026-01-04T21:09:56","modified_gmt":"2026-01-04T20:09:56","slug":"revision-de-contenidos","status":"publish","type":"page","link":"https:\/\/www.serveistic.com\/es\/servicios-seo-y-sem\/revision-de-contenidos\/","title":{"rendered":"Revisi\u00f3n de contenidos"},"content":{"rendered":"\t\t<div data-elementor-type=\"wp-page\" data-elementor-id=\"218\" class=\"elementor elementor-218 elementor-70\">\n\t\t\t\t\t\t<section class=\"elementor-section elementor-top-section elementor-element elementor-element-cb907ca elementor-section-boxed elementor-section-height-default elementor-section-height-default\" data-id=\"cb907ca\" data-element_type=\"section\">\n\t\t\t\t\t\t<div class=\"elementor-container elementor-column-gap-default\">\n\t\t\t\t\t<div class=\"elementor-column elementor-col-100 elementor-top-column elementor-element elementor-element-54bfa34\" data-id=\"54bfa34\" data-element_type=\"column\">\n\t\t\t<div class=\"elementor-widget-wrap elementor-element-populated\">\n\t\t\t\t\t\t<div class=\"elementor-element elementor-element-d2cf0f1 elementor-widget elementor-widget-text-editor\" data-id=\"d2cf0f1\" data-element_type=\"widget\" data-widget_type=\"text-editor.default\">\n\t\t\t\t<div class=\"elementor-widget-container\">\n\t\t\t\t\t\t\t\t\t<h2>Revisi\u00f3n de contenidos de p\u00e1ginas web para mejorar el SEO. An\u00e1lisis gratuito de p\u00e1ginas web para incrementar las visitas desde Google<\/h2>\n<p><\/p>\n<p>Actualmente los principales gestores de contenidos (WordPress, Drupal, PrestaShop\u2026) consiguen que la programaci\u00f3n resulte pr\u00e1cticamente transparente para los buscadores. Pese a todo, sigue siendo habitual que p\u00e1ginas web con una programaci\u00f3n muy limpia y adecuada no den el resultado esperado. Para dar una soluci\u00f3n efectiva a esta problem\u00e1tica, ofrecemos el servicio de revisi\u00f3n de contenidos para mejorar el posicionamiento.<\/p>\n<p><\/p>\n<p>La causa puede ser que la p\u00e1gina no ha obtenido suficiente relevancia en los algoritmos de Google. Y por ello est\u00e9 en posiciones muy retrasadas de las b\u00fasquedas.<\/p>\n<p><\/p>\n<p>Sin embargo, habitualmente el motivo es mucho m\u00e1s simple. Google no encuentra la informaci\u00f3n que le permitir\u00eda incluir la p\u00e1gina entre los resultados de las b\u00fasquedas de personas que podr\u00edan estar interesadas.<\/p>\n<p><\/p>\n<p>Para solucionar esta carencia, lo mejor es realizar un an\u00e1lisis gratuito de la p\u00e1gina web. As\u00ed podremos averiguar las causas por las que la p\u00e1gina web no logra buenas posiciones. En funci\u00f3n de lo que se descubra en este an\u00e1lisis, se podr\u00e1 proponer la soluci\u00f3n m\u00e1s id\u00f3nea.<\/p>\t\t\t\t\t\t\t\t<\/div>\n\t\t\t\t<\/div>\n\t\t\t\t<div class=\"elementor-element elementor-element-11a4442 elementor-align-center elementor-widget elementor-widget-button\" data-id=\"11a4442\" data-element_type=\"widget\" data-widget_type=\"button.default\">\n\t\t\t\t<div class=\"elementor-widget-container\">\n\t\t\t\t\t\t\t\t\t<div class=\"elementor-button-wrapper\">\n\t\t\t\t\t<a class=\"elementor-button elementor-button-link elementor-size-xl\" href=\"#\">\n\t\t\t\t\t\t<span class=\"elementor-button-content-wrapper\">\n\t\t\t\t\t\t\t\t\t<span class=\"elementor-button-text\">Solicitar revisi\u00f3n gratuita de la p\u00e1gina web<\/span>\n\t\t\t\t\t<\/span>\n\t\t\t\t\t<\/a>\n\t\t\t\t<\/div>\n\t\t\t\t\t\t\t\t<\/div>\n\t\t\t\t<\/div>\n\t\t\t\t\t<\/div>\n\t\t<\/div>\n\t\t\t\t\t<\/div>\n\t\t<\/section>\n\t\t\t\t<\/div>\n\t\t","protected":false},"excerpt":{"rendered":"<p>Revisi\u00f3n de contenidos de p\u00e1ginas web para mejorar el SEO. An\u00e1lisis gratuito de p\u00e1ginas web para incrementar las visitas desde Google Actualmente los principales gestores de contenidos (WordPress, Drupal, PrestaShop\u2026) consiguen que la programaci\u00f3n resulte pr\u00e1cticamente transparente para los buscadores. Pese a todo, sigue siendo habitual que p\u00e1ginas web con una programaci\u00f3n muy limpia y [&hellip;]<\/p>\n","protected":false},"author":1,"featured_media":0,"parent":213,"menu_order":1,"comment_status":"closed","ping_status":"closed","template":"","meta":{"_uag_custom_page_level_css":"","site-sidebar-layout":"default","site-content-layout":"","ast-site-content-layout":"default","site-content-style":"default","site-sidebar-style":"default","ast-global-header-display":"","ast-banner-title-visibility":"","ast-main-header-display":"","ast-hfb-above-header-display":"","ast-hfb-below-header-display":"","ast-hfb-mobile-header-display":"","site-post-title":"","ast-breadcrumbs-content":"","ast-featured-img":"","footer-sml-layout":"","theme-transparent-header-meta":"","adv-header-id-meta":"","stick-header-meta":"","header-above-stick-meta":"","header-main-stick-meta":"","header-below-stick-meta":"","astra-migrate-meta-layouts":"default","ast-page-background-enabled":"default","ast-page-background-meta":{"desktop":{"background-color":"var(--ast-global-color-4)","background-image":"","background-repeat":"repeat","background-position":"center center","background-size":"auto","background-attachment":"scroll","background-type":"","background-media":"","overlay-type":"","overlay-color":"","overlay-opacity":"","overlay-gradient":""},"tablet":{"background-color":"","background-image":"","background-repeat":"repeat","background-position":"center center","background-size":"auto","background-attachment":"scroll","background-type":"","background-media":"","overlay-type":"","overlay-color":"","overlay-opacity":"","overlay-gradient":""},"mobile":{"background-color":"","background-image":"","background-repeat":"repeat","background-position":"center center","background-size":"auto","background-attachment":"scroll","background-type":"","background-media":"","overlay-type":"","overlay-color":"","overlay-opacity":"","overlay-gradient":""}},"ast-content-background-meta":{"desktop":{"background-color":"var(--ast-global-color-5)","background-image":"","background-repeat":"repeat","background-position":"center center","background-size":"auto","background-attachment":"scroll","background-type":"","background-media":"","overlay-type":"","overlay-color":"","overlay-opacity":"","overlay-gradient":""},"tablet":{"background-color":"var(--ast-global-color-5)","background-image":"","background-repeat":"repeat","background-position":"center center","background-size":"auto","background-attachment":"scroll","background-type":"","background-media":"","overlay-type":"","overlay-color":"","overlay-opacity":"","overlay-gradient":""},"mobile":{"background-color":"var(--ast-global-color-5)","background-image":"","background-repeat":"repeat","background-position":"center center","background-size":"auto","background-attachment":"scroll","background-type":"","background-media":"","overlay-type":"","overlay-color":"","overlay-opacity":"","overlay-gradient":""}},"footnotes":""},"class_list":["post-218","page","type-page","status-publish","hentry"],"aioseo_notices":[],"spectra_custom_meta":{"_aioseop_title":["Revisi\u00f3n de contenidos web para mejorar el SEO"],"_aioseop_description":["Revisi\u00f3n de contenidos de p\u00e1ginas web para mejorar el SEO an\u00e1lisis gratuito de p\u00e1ginas web para incrementar las visitas desde Google"],"_aioseop_keywords":["revisi\u00f3n de contenidos web, mejorar los textos, mejorar el SEO"],"_edit_lock":["1767557611:1"],"_edit_last":["1"],"_aioseop_custom_link":[""],"_aioseop_sitemap_exclude":[""],"_aioseop_disable":[""],"_aioseop_disable_analytics":[""],"_aioseop_noindex":[""],"_aioseop_nofollow":[""],"_last_editor_used_jetpack":["block-editor"],"_aioseo_title":["#post_title de p\u00e1ginas web para mejorar el SEO"],"_aioseo_description":["#post_title de p\u00e1ginas web para mejorar el posicionamiento web, aparecer en mejores posiciones y por m\u00e1s resultados"],"_aioseo_keywords":[""],"_aioseo_og_title":[null],"_aioseo_og_description":[null,null],"_aioseo_og_article_section":[null],"_aioseo_og_article_tags":[""],"_aioseo_twitter_title":[null],"_aioseo_twitter_description":[null],"_hostzine_page_header_enable":["enable"],"_hostzine_header_img_id":["2805"],"_hostzine_header_img":["https:\/\/serveistic.com\/wp-content\/uploads\/2018\/03\/564.jpg"],"_elementor_edit_mode":["builder"],"_elementor_template_type":["wp-page"],"_wp_page_template":["default"],"_elementor_data":["[{\"id\":\"cb907ca\",\"elType\":\"section\",\"settings\":{\"display_condition_list\":[{\"display_condition_login_status\":\"subscriber\",\"_id\":\"5d51631\"}]},\"elements\":[{\"id\":\"54bfa34\",\"elType\":\"column\",\"settings\":{\"_column_size\":100,\"_inline_size\":null,\"display_condition_list\":[{\"display_condition_login_status\":\"subscriber\",\"_id\":\"5e562cc\"}]},\"elements\":[{\"id\":\"d2cf0f1\",\"elType\":\"widget\",\"settings\":{\"editor\":\"<h2>Revisi\\u00f3n de contenidos de p\\u00e1ginas web para mejorar el SEO. An\\u00e1lisis gratuito de p\\u00e1ginas web para incrementar las visitas desde Google<\\\/h2>\\n<p><\\\/p>\\n<p>Actualmente los principales gestores de contenidos (WordPress, Drupal, PrestaShop\\u2026) consiguen que la programaci\\u00f3n resulte pr\\u00e1cticamente transparente para los buscadores. Pese a todo, sigue siendo habitual que p\\u00e1ginas web con una programaci\\u00f3n muy limpia y adecuada no den el resultado esperado. Para dar una soluci\\u00f3n efectiva a esta problem\\u00e1tica, ofrecemos el servicio de revisi\\u00f3n de contenidos para mejorar el posicionamiento.<\\\/p>\\n<p><\\\/p>\\n<p>La causa puede ser que la p\\u00e1gina no ha obtenido suficiente relevancia en los algoritmos de Google. Y por ello est\\u00e9 en posiciones muy retrasadas de las b\\u00fasquedas.<\\\/p>\\n<p><\\\/p>\\n<p>Sin embargo, habitualmente el motivo es mucho m\\u00e1s simple. Google no encuentra la informaci\\u00f3n que le permitir\\u00eda incluir la p\\u00e1gina entre los resultados de las b\\u00fasquedas de personas que podr\\u00edan estar interesadas.<\\\/p>\\n<p><\\\/p>\\n<p>Para solucionar esta carencia, lo mejor es realizar un an\\u00e1lisis gratuito de la p\\u00e1gina web. As\\u00ed podremos averiguar las causas por las que la p\\u00e1gina web no logra buenas posiciones. En funci\\u00f3n de lo que se descubra en este an\\u00e1lisis, se podr\\u00e1 proponer la soluci\\u00f3n m\\u00e1s id\\u00f3nea.<\\\/p>\",\"display_condition_list\":[{\"display_condition_login_status\":\"subscriber\",\"_id\":\"29fdca1\"}]},\"elements\":[],\"widgetType\":\"text-editor\"},{\"id\":\"11a4442\",\"elType\":\"widget\",\"settings\":{\"text\":\"Solicitar revisi\\u00f3n gratuita de la p\\u00e1gina web\",\"align\":\"center\",\"size\":\"xl\",\"__globals__\":{\"background_color\":\"globals\\\/colors?id=3b483b4\"},\"display_condition_list\":[{\"display_condition_login_status\":\"subscriber\",\"_id\":\"7613a56\"}]},\"elements\":[],\"widgetType\":\"button\"}],\"isInner\":false}],\"isInner\":false}]"],"_elementor_version":["3.31.2"],"_last_translation_edit_mode":["native-editor"],"_elementor_page_settings":["a:0:{}"],"_elementor_controls_usage":["a:4:{s:11:\"text-editor\";a:3:{s:5:\"count\";i:1;s:15:\"control_percent\";i:1;s:8:\"controls\";a:2:{s:7:\"content\";a:1:{s:14:\"section_editor\";a:1:{s:6:\"editor\";i:1;}}s:8:\"advanced\";a:1:{s:26:\"display_conditions_section\";a:1:{s:22:\"display_condition_list\";i:1;}}}}s:6:\"button\";a:3:{s:5:\"count\";i:1;s:15:\"control_percent\";i:1;s:8:\"controls\";a:3:{s:7:\"content\";a:1:{s:14:\"section_button\";a:2:{s:4:\"text\";i:1;s:4:\"size\";i:1;}}s:5:\"style\";a:1:{s:13:\"section_style\";a:1:{s:5:\"align\";i:1;}}s:8:\"advanced\";a:1:{s:26:\"display_conditions_section\";a:1:{s:22:\"display_condition_list\";i:1;}}}}s:6:\"column\";a:3:{s:5:\"count\";i:1;s:15:\"control_percent\";i:1;s:8:\"controls\";a:2:{s:6:\"layout\";a:1:{s:6:\"layout\";a:1:{s:12:\"_inline_size\";i:1;}}s:8:\"advanced\";a:1:{s:26:\"display_conditions_section\";a:1:{s:22:\"display_condition_list\";i:1;}}}}s:7:\"section\";a:3:{s:5:\"count\";i:1;s:15:\"control_percent\";i:0;s:8:\"controls\";a:1:{s:8:\"advanced\";a:1:{s:26:\"display_conditions_section\";a:1:{s:22:\"display_condition_list\";i:1;}}}}}"],"_wpml_word_count":["222"],"_elementor_template_widget_type":[""],"_elementor_popup_display_settings":[""],"_uag_page_assets":["a:9:{s:3:\"css\";s:7156:\".uag-blocks-common-selector{z-index:var(--z-index-desktop) !important}@media (max-width: 976px){.uag-blocks-common-selector{z-index:var(--z-index-tablet) !important}}@media (max-width: 767px){.uag-blocks-common-selector{z-index:var(--z-index-mobile) !important}}\n.wp-block-uagb-image{display:flex}.wp-block-uagb-image__figure{position:relative;display:flex;flex-direction:column;max-width:100%;height:auto;margin:0}.wp-block-uagb-image__figure img{height:auto;display:flex;max-width:100%;transition:box-shadow 0.2s ease}.wp-block-uagb-image__figure>a{display:inline-block}.wp-block-uagb-image__figure figcaption{text-align:center;margin-top:0.5em;margin-bottom:1em}.wp-block-uagb-image .components-placeholder.block-editor-media-placeholder .components-placeholder__instructions{align-self:center}.wp-block-uagb-image--align-left{text-align:left}.wp-block-uagb-image--align-right{text-align:right}.wp-block-uagb-image--align-center{text-align:center}.wp-block-uagb-image--align-full .wp-block-uagb-image__figure{margin-left:calc(50% - 50vw);margin-right:calc(50% - 50vw);max-width:100vw;width:100vw;height:auto}.wp-block-uagb-image--align-full .wp-block-uagb-image__figure img{height:auto;width:100% !important}.wp-block-uagb-image--align-wide .wp-block-uagb-image__figure img{height:auto;width:100%}.wp-block-uagb-image--layout-overlay__color-wrapper{position:absolute;left:0;top:0;right:0;bottom:0;opacity:0.2;background:rgba(0,0,0,0.5);transition:opacity 0.35s ease-in-out}.wp-block-uagb-image--layout-overlay-link{position:absolute;left:0;right:0;bottom:0;top:0}.wp-block-uagb-image--layout-overlay .wp-block-uagb-image__figure:hover .wp-block-uagb-image--layout-overlay__color-wrapper{opacity:1}.wp-block-uagb-image--layout-overlay__inner{position:absolute;left:15px;right:15px;bottom:15px;top:15px;display:flex;align-items:center;justify-content:center;flex-direction:column;border-color:#fff;transition:0.35s ease-in-out}.wp-block-uagb-image--layout-overlay__inner.top-left,.wp-block-uagb-image--layout-overlay__inner.top-center,.wp-block-uagb-image--layout-overlay__inner.top-right{justify-content:flex-start}.wp-block-uagb-image--layout-overlay__inner.bottom-left,.wp-block-uagb-image--layout-overlay__inner.bottom-center,.wp-block-uagb-image--layout-overlay__inner.bottom-right{justify-content:flex-end}.wp-block-uagb-image--layout-overlay__inner.top-left,.wp-block-uagb-image--layout-overlay__inner.center-left,.wp-block-uagb-image--layout-overlay__inner.bottom-left{align-items:flex-start}.wp-block-uagb-image--layout-overlay__inner.top-right,.wp-block-uagb-image--layout-overlay__inner.center-right,.wp-block-uagb-image--layout-overlay__inner.bottom-right{align-items:flex-end}.wp-block-uagb-image--layout-overlay__inner .uagb-image-heading{color:#fff;transition:transform 0.35s, opacity 0.35s ease-in-out;transform:translate3d(0, 24px, 0);margin:0;line-height:1em}.wp-block-uagb-image--layout-overlay__inner .uagb-image-separator{width:30%;border-top-width:2px;border-top-color:#fff;border-top-style:solid;margin-bottom:10px;opacity:0;transition:transform 0.4s, opacity 0.4s ease-in-out;transform:translate3d(0, 30px, 0)}.wp-block-uagb-image--layout-overlay__inner .uagb-image-caption{opacity:0;overflow:visible;color:#fff;transition:transform 0.45s, opacity 0.45s ease-in-out;transform:translate3d(0, 35px, 0)}.wp-block-uagb-image--layout-overlay__inner:hover .uagb-image-heading,.wp-block-uagb-image--layout-overlay__inner:hover .uagb-image-separator,.wp-block-uagb-image--layout-overlay__inner:hover .uagb-image-caption{opacity:1;transform:translate3d(0, 0, 0)}.wp-block-uagb-image--effect-zoomin .wp-block-uagb-image__figure img,.wp-block-uagb-image--effect-zoomin .wp-block-uagb-image__figure .wp-block-uagb-image--layout-overlay__color-wrapper{transform:scale(1);transition:transform 0.35s ease-in-out}.wp-block-uagb-image--effect-zoomin .wp-block-uagb-image__figure:hover img,.wp-block-uagb-image--effect-zoomin .wp-block-uagb-image__figure:hover .wp-block-uagb-image--layout-overlay__color-wrapper{transform:scale(1.05)}.wp-block-uagb-image--effect-slide .wp-block-uagb-image__figure img,.wp-block-uagb-image--effect-slide .wp-block-uagb-image__figure .wp-block-uagb-image--layout-overlay__color-wrapper{width:calc(100% + 40px) !important;max-width:none !important;transform:translate3d(-40px, 0, 0);transition:transform 0.35s ease-in-out}.wp-block-uagb-image--effect-slide .wp-block-uagb-image__figure:hover img,.wp-block-uagb-image--effect-slide .wp-block-uagb-image__figure:hover .wp-block-uagb-image--layout-overlay__color-wrapper{transform:translate3d(0, 0, 0)}.wp-block-uagb-image--effect-grayscale img{filter:grayscale(0%);transition:0.35s ease-in-out}.wp-block-uagb-image--effect-grayscale:hover img{filter:grayscale(100%)}.wp-block-uagb-image--effect-blur img{filter:blur(0);transition:0.35s ease-in-out}.wp-block-uagb-image--effect-blur:hover img{filter:blur(3px)}\n.uagb-block-4b4a202d.wp-block-uagb-image--layout-default figure img{box-shadow: 0px 0px 0 #00000070;}.uagb-block-4b4a202d.wp-block-uagb-image .wp-block-uagb-image__figure figcaption{font-style: normal;align-self: center;}.uagb-block-4b4a202d.wp-block-uagb-image--layout-overlay figure img{box-shadow: 0px 0px 0 #00000070;}.uagb-block-4b4a202d.wp-block-uagb-image--layout-overlay .wp-block-uagb-image--layout-overlay__color-wrapper{opacity: 0.2;}.uagb-block-4b4a202d.wp-block-uagb-image--layout-overlay .wp-block-uagb-image--layout-overlay__inner{left: 15px;right: 15px;top: 15px;bottom: 15px;}.uagb-block-4b4a202d.wp-block-uagb-image--layout-overlay .wp-block-uagb-image--layout-overlay__inner .uagb-image-heading{font-style: normal;color: #fff;opacity: 1;}.uagb-block-4b4a202d.wp-block-uagb-image--layout-overlay .wp-block-uagb-image--layout-overlay__inner .uagb-image-heading a{color: #fff;}.uagb-block-4b4a202d.wp-block-uagb-image--layout-overlay .wp-block-uagb-image--layout-overlay__inner .uagb-image-caption{opacity: 0;}.uagb-block-4b4a202d.wp-block-uagb-image--layout-overlay .wp-block-uagb-image__figure:hover .wp-block-uagb-image--layout-overlay__color-wrapper{opacity: 1;}.uagb-block-4b4a202d.wp-block-uagb-image .wp-block-uagb-image--layout-overlay__inner .uagb-image-separator{width: 30%;border-top-width: 2px;border-top-color: #fff;opacity: 0;}.uagb-block-4b4a202d.wp-block-uagb-image .wp-block-uagb-image__figure img{width: px;height: auto;}.uagb-block-4b4a202d.wp-block-uagb-image .wp-block-uagb-image__figure:hover .wp-block-uagb-image--layout-overlay__inner .uagb-image-caption{opacity: 1;}.uagb-block-4b4a202d.wp-block-uagb-image .wp-block-uagb-image__figure:hover .wp-block-uagb-image--layout-overlay__inner .uagb-image-separator{opacity: 1;}.uagb-block-4b4a202d.wp-block-uagb-image--layout-default figure:hover img{box-shadow: 0px 0px 0 #00000070;}.uagb-block-4b4a202d.wp-block-uagb-image--layout-overlay figure:hover img{box-shadow: 0px 0px 0 #00000070;}@media only screen and (max-width: 976px) {.uagb-block-4b4a202d.wp-block-uagb-image .wp-block-uagb-image__figure img{width: px;height: auto;}}@media only screen and (max-width: 767px) {.uagb-block-4b4a202d.wp-block-uagb-image .wp-block-uagb-image__figure img{width: px;height: auto;}}\";s:2:\"js\";s:0:\"\";s:18:\"current_block_list\";a:4:{i:0;s:14:\"core\/paragraph\";i:1;s:10:\"uagb\/image\";i:2;s:10:\"core\/image\";i:3;s:9:\"core\/code\";}s:8:\"uag_flag\";b:1;s:11:\"uag_version\";s:10:\"1777458088\";s:6:\"gfonts\";a:0:{}s:10:\"gfonts_url\";s:0:\"\";s:12:\"gfonts_files\";a:0:{}s:14:\"uag_faq_layout\";b:0;}"],"_elementor_page_assets":["a:1:{s:7:\"scripts\";a:1:{i:0;s:18:\"elementor-frontend\";}}"],"_elementor_css":["a:6:{s:4:\"time\";i:1776817281;s:5:\"fonts\";a:0:{}s:5:\"icons\";a:1:{i:0;s:0:\"\";}s:20:\"dynamic_elements_ids\";a:0:{}s:6:\"status\";s:4:\"file\";i:0;s:0:\"\";}"],"_elementor_element_cache":["{\"timeout\":1777509210,\"value\":{\"content\":\"\\t\\t<section class=\\\"elementor-section elementor-top-section elementor-element elementor-element-cb907ca elementor-section-boxed elementor-section-height-default elementor-section-height-default\\\" data-id=\\\"cb907ca\\\" data-element_type=\\\"section\\\">\\n\\t\\t\\t\\t\\t\\t<div class=\\\"elementor-container elementor-column-gap-default\\\">\\n\\t\\t\\t\\t\\t<div class=\\\"elementor-column elementor-col-100 elementor-top-column elementor-element elementor-element-54bfa34\\\" data-id=\\\"54bfa34\\\" data-element_type=\\\"column\\\">\\n\\t\\t\\t<div class=\\\"elementor-widget-wrap elementor-element-populated\\\">\\n\\t\\t\\t\\t[elementor-element k=\\\"d65f9af13c179ece6dd8e501eef1f87c\\\" data=\\\"eyJpZCI6ImQyY2YwZjEiLCJlbFR5cGUiOiJ3aWRnZXQiLCJzZXR0aW5ncyI6eyJlZGl0b3IiOiI8aDI+UmV2aXNpXHUwMGYzbiBkZSBjb250ZW5pZG9zIGRlIHBcdTAwZTFnaW5hcyB3ZWIgcGFyYSBtZWpvcmFyIGVsIFNFTy4gQW5cdTAwZTFsaXNpcyBncmF0dWl0byBkZSBwXHUwMGUxZ2luYXMgd2ViIHBhcmEgaW5jcmVtZW50YXIgbGFzIHZpc2l0YXMgZGVzZGUgR29vZ2xlPFwvaDI+XG48cD48XC9wPlxuPHA+QWN0dWFsbWVudGUgbG9zIHByaW5jaXBhbGVzIGdlc3RvcmVzIGRlIGNvbnRlbmlkb3MgKFdvcmRQcmVzcywgRHJ1cGFsLCBQcmVzdGFTaG9wXHUyMDI2KSBjb25zaWd1ZW4gcXVlIGxhIHByb2dyYW1hY2lcdTAwZjNuIHJlc3VsdGUgcHJcdTAwZTFjdGljYW1lbnRlIHRyYW5zcGFyZW50ZSBwYXJhIGxvcyBidXNjYWRvcmVzLiBQZXNlIGEgdG9kbywgc2lndWUgc2llbmRvIGhhYml0dWFsIHF1ZSBwXHUwMGUxZ2luYXMgd2ViIGNvbiB1bmEgcHJvZ3JhbWFjaVx1MDBmM24gbXV5IGxpbXBpYSB5IGFkZWN1YWRhIG5vIGRlbiBlbCByZXN1bHRhZG8gZXNwZXJhZG8uIFBhcmEgZGFyIHVuYSBzb2x1Y2lcdTAwZjNuIGVmZWN0aXZhIGEgZXN0YSBwcm9ibGVtXHUwMGUxdGljYSwgb2ZyZWNlbW9zIGVsIHNlcnZpY2lvIGRlIHJldmlzaVx1MDBmM24gZGUgY29udGVuaWRvcyBwYXJhIG1lam9yYXIgZWwgcG9zaWNpb25hbWllbnRvLjxcL3A+XG48cD48XC9wPlxuPHA+TGEgY2F1c2EgcHVlZGUgc2VyIHF1ZSBsYSBwXHUwMGUxZ2luYSBubyBoYSBvYnRlbmlkbyBzdWZpY2llbnRlIHJlbGV2YW5jaWEgZW4gbG9zIGFsZ29yaXRtb3MgZGUgR29vZ2xlLiBZIHBvciBlbGxvIGVzdFx1MDBlOSBlbiBwb3NpY2lvbmVzIG11eSByZXRyYXNhZGFzIGRlIGxhcyBiXHUwMGZhc3F1ZWRhcy48XC9wPlxuPHA+PFwvcD5cbjxwPlNpbiBlbWJhcmdvLCBoYWJpdHVhbG1lbnRlIGVsIG1vdGl2byBlcyBtdWNobyBtXHUwMGUxcyBzaW1wbGUuIEdvb2dsZSBubyBlbmN1ZW50cmEgbGEgaW5mb3JtYWNpXHUwMGYzbiBxdWUgbGUgcGVybWl0aXJcdTAwZWRhIGluY2x1aXIgbGEgcFx1MDBlMWdpbmEgZW50cmUgbG9zIHJlc3VsdGFkb3MgZGUgbGFzIGJcdTAwZmFzcXVlZGFzIGRlIHBlcnNvbmFzIHF1ZSBwb2RyXHUwMGVkYW4gZXN0YXIgaW50ZXJlc2FkYXMuPFwvcD5cbjxwPjxcL3A+XG48cD5QYXJhIHNvbHVjaW9uYXIgZXN0YSBjYXJlbmNpYSwgbG8gbWVqb3IgZXMgcmVhbGl6YXIgdW4gYW5cdTAwZTFsaXNpcyBncmF0dWl0byBkZSBsYSBwXHUwMGUxZ2luYSB3ZWIuIEFzXHUwMGVkIHBvZHJlbW9zIGF2ZXJpZ3VhciBsYXMgY2F1c2FzIHBvciBsYXMgcXVlIGxhIHBcdTAwZTFnaW5hIHdlYiBubyBsb2dyYSBidWVuYXMgcG9zaWNpb25lcy4gRW4gZnVuY2lcdTAwZjNuIGRlIGxvIHF1ZSBzZSBkZXNjdWJyYSBlbiBlc3RlIGFuXHUwMGUxbGlzaXMsIHNlIHBvZHJcdTAwZTEgcHJvcG9uZXIgbGEgc29sdWNpXHUwMGYzbiBtXHUwMGUxcyBpZFx1MDBmM25lYS48XC9wPiIsImRpc3BsYXlfY29uZGl0aW9uX2xpc3QiOlt7ImRpc3BsYXlfY29uZGl0aW9uX2xvZ2luX3N0YXR1cyI6InN1YnNjcmliZXIiLCJfaWQiOiIyOWZkY2ExIn1dfSwiZWxlbWVudHMiOltdLCJ3aWRnZXRUeXBlIjoidGV4dC1lZGl0b3IifQ==\\\"]\\t\\t<div class=\\\"elementor-element elementor-element-11a4442 elementor-align-center elementor-widget elementor-widget-button\\\" data-id=\\\"11a4442\\\" data-element_type=\\\"widget\\\" data-widget_type=\\\"button.default\\\">\\n\\t\\t\\t\\t<div class=\\\"elementor-widget-container\\\">\\n\\t\\t\\t\\t\\t\\t\\t\\t\\t<div class=\\\"elementor-button-wrapper\\\">\\n\\t\\t\\t\\t\\t<a class=\\\"elementor-button elementor-button-link elementor-size-xl\\\" href=\\\"#\\\">\\n\\t\\t\\t\\t\\t\\t<span class=\\\"elementor-button-content-wrapper\\\">\\n\\t\\t\\t\\t\\t\\t\\t\\t\\t<span class=\\\"elementor-button-text\\\">Solicitar revisi\\u00f3n gratuita de la p\\u00e1gina web<\\\/span>\\n\\t\\t\\t\\t\\t<\\\/span>\\n\\t\\t\\t\\t\\t<\\\/a>\\n\\t\\t\\t\\t<\\\/div>\\n\\t\\t\\t\\t\\t\\t\\t\\t<\\\/div>\\n\\t\\t\\t\\t<\\\/div>\\n\\t\\t\\t\\t\\t<\\\/div>\\n\\t\\t<\\\/div>\\n\\t\\t\\t\\t\\t<\\\/div>\\n\\t\\t<\\\/section>\\n\\t\\t\",\"scripts\":[],\"styles\":[]}}"],"_uag_css_file_name":["uag-css-218.css"]},"uagb_featured_image_src":{"full":false,"thumbnail":false,"medium":false,"medium_large":false,"large":false,"1536x1536":false,"2048x2048":false},"uagb_author_info":{"display_name":"Serveis TIC","author_link":"https:\/\/www.serveistic.com\/es\/author\/anjo\/"},"uagb_comment_info":0,"uagb_excerpt":"Revisi\u00f3n de contenidos de p\u00e1ginas web para mejorar el SEO. An\u00e1lisis gratuito de p\u00e1ginas web para incrementar las visitas desde Google Actualmente los principales gestores de contenidos (WordPress, Drupal, PrestaShop\u2026) consiguen que la programaci\u00f3n resulte pr\u00e1cticamente transparente para los buscadores. Pese a todo, sigue siendo habitual que p\u00e1ginas web con una programaci\u00f3n muy limpia y&hellip;","_links":{"self":[{"href":"https:\/\/www.serveistic.com\/es\/wp-json\/wp\/v2\/pages\/218","targetHints":{"allow":["GET"]}}],"collection":[{"href":"https:\/\/www.serveistic.com\/es\/wp-json\/wp\/v2\/pages"}],"about":[{"href":"https:\/\/www.serveistic.com\/es\/wp-json\/wp\/v2\/types\/page"}],"author":[{"embeddable":true,"href":"https:\/\/www.serveistic.com\/es\/wp-json\/wp\/v2\/users\/1"}],"replies":[{"embeddable":true,"href":"https:\/\/www.serveistic.com\/es\/wp-json\/wp\/v2\/comments?post=218"}],"version-history":[{"count":3,"href":"https:\/\/www.serveistic.com\/es\/wp-json\/wp\/v2\/pages\/218\/revisions"}],"predecessor-version":[{"id":50411,"href":"https:\/\/www.serveistic.com\/es\/wp-json\/wp\/v2\/pages\/218\/revisions\/50411"}],"up":[{"embeddable":true,"href":"https:\/\/www.serveistic.com\/es\/wp-json\/wp\/v2\/pages\/213"}],"wp:attachment":[{"href":"https:\/\/www.serveistic.com\/es\/wp-json\/wp\/v2\/media?parent=218"}],"curies":[{"name":"wp","href":"https:\/\/api.w.org\/{rel}","templated":true}]}}