{"id":220,"date":"2020-08-30T09:44:39","date_gmt":"2020-08-30T07:44:39","guid":{"rendered":"http:\/\/192.168.1.131\/wordpress\/?page_id=220"},"modified":"2026-01-04T21:07:04","modified_gmt":"2026-01-04T20:07:04","slug":"optimizacion-web","status":"publish","type":"page","link":"https:\/\/www.serveistic.com\/es\/servicios-seo-y-sem\/optimizacion-web\/","title":{"rendered":"Optimizaci\u00f3n web"},"content":{"rendered":"\t\t<div data-elementor-type=\"wp-page\" data-elementor-id=\"220\" class=\"elementor elementor-220 elementor-73\">\n\t\t\t\t\t\t<section class=\"elementor-section elementor-top-section elementor-element elementor-element-a585ba5 elementor-section-boxed elementor-section-height-default elementor-section-height-default\" data-id=\"a585ba5\" data-element_type=\"section\">\n\t\t\t\t\t\t<div class=\"elementor-container elementor-column-gap-default\">\n\t\t\t\t\t<div class=\"elementor-column elementor-col-100 elementor-top-column elementor-element elementor-element-3d50746\" data-id=\"3d50746\" data-element_type=\"column\">\n\t\t\t<div class=\"elementor-widget-wrap elementor-element-populated\">\n\t\t\t\t\t\t<div class=\"elementor-element elementor-element-200d7e6 elementor-widget elementor-widget-text-editor\" data-id=\"200d7e6\" data-element_type=\"widget\" data-widget_type=\"text-editor.default\">\n\t\t\t\t<div class=\"elementor-widget-container\">\n\t\t\t\t\t\t\t\t\t<h2>La optimizaci\u00f3n web, consiste en incorporar complementos a la p\u00e1gina. As\u00ed resulta m\u00e1s transparente para los buscadores, y mejora la velocidad y el posicionamiento.<\/h2>\n<p><\/p>\n<p>En algunos casos (afortunadamente cada vez menos), el desarrollador de la p\u00e1gina web no tiene en cuenta las necesidades de accesibilidad de los buscadores. De modo que a Google no le resulta f\u00e1cil indexar los contenidos, e incluir la p\u00e1gina en los resultados de las b\u00fasquedas. Es decir, si en el desarrollo de una p\u00e1gina no se han tenido en cuenta los requisitos necesarios en cuanto a optimizaci\u00f3n web. La p\u00e1gina no se posicionar\u00e1 adecuadamente.<\/p>\n<p><\/p>\n<p>Para resolverlo, podemos incorporar complementos para que la p\u00e1gina sea m\u00e1s transparente a los buscadores. Y tambi\u00e9n mejorar seguridad, y lograr que las pantallas carguen m\u00e1s r\u00e1pido.<\/p>\n<p><\/p>\n<p>Con las modificaciones de la programaci\u00f3n de la p\u00e1gina web para mejorar el SEO. Tambi\u00e9n se tienen en cuenta requisitos legales como las pol\u00edticas de privacidad. Al tiempo que se incorporan elementos para cumplir la legislaci\u00f3n vigente. Esto es; en materia de protecci\u00f3n de datos y dem\u00e1s. Otra de las mejoras que implementamos consiste en incrementar la seguridad. Por ejemplo con sistemas AntiRobots. As\u00ed se evita que alguien pueda utilizar el formulario corporativo para enviar spam a la empresa, o a cuentas de correo desconocidas.<\/p>\t\t\t\t\t\t\t\t<\/div>\n\t\t\t\t<\/div>\n\t\t\t\t\t<\/div>\n\t\t<\/div>\n\t\t\t\t\t<\/div>\n\t\t<\/section>\n\t\t\t\t<\/div>\n\t\t","protected":false},"excerpt":{"rendered":"<p>La optimizaci\u00f3n web, consiste en incorporar complementos a la p\u00e1gina. As\u00ed resulta m\u00e1s transparente para los buscadores, y mejora la velocidad y el posicionamiento. En algunos casos (afortunadamente cada vez menos), el desarrollador de la p\u00e1gina web no tiene en cuenta las necesidades de accesibilidad de los buscadores. De modo que a Google no le [&hellip;]<\/p>\n","protected":false},"author":1,"featured_media":0,"parent":213,"menu_order":2,"comment_status":"closed","ping_status":"closed","template":"","meta":{"_uag_custom_page_level_css":"","site-sidebar-layout":"default","site-content-layout":"","ast-site-content-layout":"default","site-content-style":"default","site-sidebar-style":"default","ast-global-header-display":"","ast-banner-title-visibility":"","ast-main-header-display":"","ast-hfb-above-header-display":"","ast-hfb-below-header-display":"","ast-hfb-mobile-header-display":"","site-post-title":"","ast-breadcrumbs-content":"","ast-featured-img":"","footer-sml-layout":"","theme-transparent-header-meta":"","adv-header-id-meta":"","stick-header-meta":"","header-above-stick-meta":"","header-main-stick-meta":"","header-below-stick-meta":"","astra-migrate-meta-layouts":"default","ast-page-background-enabled":"default","ast-page-background-meta":{"desktop":{"background-color":"var(--ast-global-color-4)","background-image":"","background-repeat":"repeat","background-position":"center center","background-size":"auto","background-attachment":"scroll","background-type":"","background-media":"","overlay-type":"","overlay-color":"","overlay-opacity":"","overlay-gradient":""},"tablet":{"background-color":"","background-image":"","background-repeat":"repeat","background-position":"center center","background-size":"auto","background-attachment":"scroll","background-type":"","background-media":"","overlay-type":"","overlay-color":"","overlay-opacity":"","overlay-gradient":""},"mobile":{"background-color":"","background-image":"","background-repeat":"repeat","background-position":"center center","background-size":"auto","background-attachment":"scroll","background-type":"","background-media":"","overlay-type":"","overlay-color":"","overlay-opacity":"","overlay-gradient":""}},"ast-content-background-meta":{"desktop":{"background-color":"var(--ast-global-color-5)","background-image":"","background-repeat":"repeat","background-position":"center center","background-size":"auto","background-attachment":"scroll","background-type":"","background-media":"","overlay-type":"","overlay-color":"","overlay-opacity":"","overlay-gradient":""},"tablet":{"background-color":"var(--ast-global-color-5)","background-image":"","background-repeat":"repeat","background-position":"center center","background-size":"auto","background-attachment":"scroll","background-type":"","background-media":"","overlay-type":"","overlay-color":"","overlay-opacity":"","overlay-gradient":""},"mobile":{"background-color":"var(--ast-global-color-5)","background-image":"","background-repeat":"repeat","background-position":"center center","background-size":"auto","background-attachment":"scroll","background-type":"","background-media":"","overlay-type":"","overlay-color":"","overlay-opacity":"","overlay-gradient":""}},"footnotes":""},"class_list":["post-220","page","type-page","status-publish","hentry"],"aioseo_notices":[],"spectra_custom_meta":{"_aioseop_title":["Optimizaci\u00f3n de p\u00e1ginas web en Manresa"],"_aioseop_description":["Incorporar complementos a la p\u00e1gina para que sea m\u00e1s transparente para los buscadores, y mejorar la velocidad y el posicionamiento"],"_aioseop_keywords":["optimizaci\u00f3n web Manresa, optimizar p\u00e1ginas web, seo p\u00e1ginas web"],"_edit_lock":["1767557198:1"],"_edit_last":["1"],"_aioseop_custom_link":[""],"_aioseop_sitemap_exclude":[""],"_aioseop_disable":[""],"_aioseop_disable_analytics":[""],"_aioseop_noindex":[""],"_aioseop_nofollow":[""],"_last_editor_used_jetpack":["block-editor"],"_aioseo_title":["Optimizaci\u00f3n web para posicionamiento | #site_title"],"_aioseo_description":["La optimizaci\u00f3n web consiste en Incorporar complementos a la p\u00e1gina para hacerla transparente a los buscadores, y mejorar su velocidad y posicionamiento."],"_aioseo_keywords":["optimizaci\u00f3n web Manresa,optimizar p\u00e1ginas web,seo p\u00e1ginas web"],"_aioseo_og_title":[null],"_aioseo_og_description":[null],"_aioseo_og_article_section":[""],"_aioseo_og_article_tags":[""],"_aioseo_twitter_title":[null],"_aioseo_twitter_description":[null],"_hostzine_page_header_enable":["enable"],"_hostzine_header_img_id":["5280"],"_hostzine_header_img":["https:\/\/serveistic.com\/wp-content\/uploads\/2018\/11\/banner1-2.jpg"],"_elementor_edit_mode":["builder"],"_elementor_template_type":["wp-page"],"_wp_page_template":["default"],"_elementor_data":["[{\"id\":\"a585ba5\",\"elType\":\"section\",\"settings\":{\"display_condition_list\":[{\"display_condition_login_status\":\"subscriber\",\"_id\":\"55ce14a\"}]},\"elements\":[{\"id\":\"3d50746\",\"elType\":\"column\",\"settings\":{\"_column_size\":100,\"_inline_size\":null,\"display_condition_list\":[{\"display_condition_login_status\":\"subscriber\",\"_id\":\"6e54199\"}]},\"elements\":[{\"id\":\"200d7e6\",\"elType\":\"widget\",\"settings\":{\"editor\":\"<h2>La optimizaci\\u00f3n web, consiste en incorporar complementos a la p\\u00e1gina. As\\u00ed resulta m\\u00e1s transparente para los buscadores, y mejora la velocidad y el posicionamiento.<\\\/h2>\\n<p><\\\/p>\\n<p>En algunos casos (afortunadamente cada vez menos), el desarrollador de la p\\u00e1gina web no tiene en cuenta las necesidades de accesibilidad de los buscadores. De modo que a Google no le resulta f\\u00e1cil indexar los contenidos, e incluir la p\\u00e1gina en los resultados de las b\\u00fasquedas. Es decir, si en el desarrollo de una p\\u00e1gina no se han tenido en cuenta los requisitos necesarios en cuanto a optimizaci\\u00f3n web. La p\\u00e1gina no se posicionar\\u00e1 adecuadamente.<\\\/p>\\n<p><\\\/p>\\n<p>Para resolverlo, podemos incorporar complementos para que la p\\u00e1gina sea m\\u00e1s transparente a los buscadores. Y tambi\\u00e9n mejorar seguridad, y lograr que las pantallas carguen m\\u00e1s r\\u00e1pido.<\\\/p>\\n<p><\\\/p>\\n<p>Con las modificaciones de la programaci\\u00f3n de la p\\u00e1gina web para mejorar el SEO. Tambi\\u00e9n se tienen en cuenta requisitos legales como las pol\\u00edticas de privacidad. Al tiempo que se incorporan elementos para cumplir la legislaci\\u00f3n vigente. Esto es; en materia de protecci\\u00f3n de datos y dem\\u00e1s. Otra de las mejoras que implementamos consiste en incrementar la seguridad. Por ejemplo con sistemas AntiRobots. As\\u00ed se evita que alguien pueda utilizar el formulario corporativo para enviar spam a la empresa, o a cuentas de correo desconocidas.<\\\/p>\",\"display_condition_list\":[{\"display_condition_login_status\":\"subscriber\",\"_id\":\"af37ca1\"}]},\"elements\":[],\"widgetType\":\"text-editor\"}],\"isInner\":false}],\"isInner\":false}]"],"_elementor_version":["3.31.2"],"_last_translation_edit_mode":["native-editor"],"_elementor_page_settings":["a:0:{}"],"_elementor_controls_usage":["a:3:{s:11:\"text-editor\";a:3:{s:5:\"count\";i:1;s:15:\"control_percent\";i:1;s:8:\"controls\";a:2:{s:7:\"content\";a:1:{s:14:\"section_editor\";a:1:{s:6:\"editor\";i:1;}}s:8:\"advanced\";a:1:{s:26:\"display_conditions_section\";a:1:{s:22:\"display_condition_list\";i:1;}}}}s:6:\"column\";a:3:{s:5:\"count\";i:1;s:15:\"control_percent\";i:1;s:8:\"controls\";a:2:{s:6:\"layout\";a:1:{s:6:\"layout\";a:1:{s:12:\"_inline_size\";i:1;}}s:8:\"advanced\";a:1:{s:26:\"display_conditions_section\";a:1:{s:22:\"display_condition_list\";i:1;}}}}s:7:\"section\";a:3:{s:5:\"count\";i:1;s:15:\"control_percent\";i:0;s:8:\"controls\";a:1:{s:8:\"advanced\";a:1:{s:26:\"display_conditions_section\";a:1:{s:22:\"display_condition_list\";i:1;}}}}}"],"_wpml_word_count":["232"],"_elementor_template_widget_type":[""],"_elementor_popup_display_settings":[""],"_uag_page_assets":["a:9:{s:3:\"css\";s:7156:\".uag-blocks-common-selector{z-index:var(--z-index-desktop) !important}@media (max-width: 976px){.uag-blocks-common-selector{z-index:var(--z-index-tablet) !important}}@media (max-width: 767px){.uag-blocks-common-selector{z-index:var(--z-index-mobile) !important}}\n.wp-block-uagb-image{display:flex}.wp-block-uagb-image__figure{position:relative;display:flex;flex-direction:column;max-width:100%;height:auto;margin:0}.wp-block-uagb-image__figure img{height:auto;display:flex;max-width:100%;transition:box-shadow 0.2s ease}.wp-block-uagb-image__figure>a{display:inline-block}.wp-block-uagb-image__figure figcaption{text-align:center;margin-top:0.5em;margin-bottom:1em}.wp-block-uagb-image .components-placeholder.block-editor-media-placeholder .components-placeholder__instructions{align-self:center}.wp-block-uagb-image--align-left{text-align:left}.wp-block-uagb-image--align-right{text-align:right}.wp-block-uagb-image--align-center{text-align:center}.wp-block-uagb-image--align-full .wp-block-uagb-image__figure{margin-left:calc(50% - 50vw);margin-right:calc(50% - 50vw);max-width:100vw;width:100vw;height:auto}.wp-block-uagb-image--align-full .wp-block-uagb-image__figure img{height:auto;width:100% !important}.wp-block-uagb-image--align-wide .wp-block-uagb-image__figure img{height:auto;width:100%}.wp-block-uagb-image--layout-overlay__color-wrapper{position:absolute;left:0;top:0;right:0;bottom:0;opacity:0.2;background:rgba(0,0,0,0.5);transition:opacity 0.35s ease-in-out}.wp-block-uagb-image--layout-overlay-link{position:absolute;left:0;right:0;bottom:0;top:0}.wp-block-uagb-image--layout-overlay .wp-block-uagb-image__figure:hover .wp-block-uagb-image--layout-overlay__color-wrapper{opacity:1}.wp-block-uagb-image--layout-overlay__inner{position:absolute;left:15px;right:15px;bottom:15px;top:15px;display:flex;align-items:center;justify-content:center;flex-direction:column;border-color:#fff;transition:0.35s ease-in-out}.wp-block-uagb-image--layout-overlay__inner.top-left,.wp-block-uagb-image--layout-overlay__inner.top-center,.wp-block-uagb-image--layout-overlay__inner.top-right{justify-content:flex-start}.wp-block-uagb-image--layout-overlay__inner.bottom-left,.wp-block-uagb-image--layout-overlay__inner.bottom-center,.wp-block-uagb-image--layout-overlay__inner.bottom-right{justify-content:flex-end}.wp-block-uagb-image--layout-overlay__inner.top-left,.wp-block-uagb-image--layout-overlay__inner.center-left,.wp-block-uagb-image--layout-overlay__inner.bottom-left{align-items:flex-start}.wp-block-uagb-image--layout-overlay__inner.top-right,.wp-block-uagb-image--layout-overlay__inner.center-right,.wp-block-uagb-image--layout-overlay__inner.bottom-right{align-items:flex-end}.wp-block-uagb-image--layout-overlay__inner .uagb-image-heading{color:#fff;transition:transform 0.35s, opacity 0.35s ease-in-out;transform:translate3d(0, 24px, 0);margin:0;line-height:1em}.wp-block-uagb-image--layout-overlay__inner .uagb-image-separator{width:30%;border-top-width:2px;border-top-color:#fff;border-top-style:solid;margin-bottom:10px;opacity:0;transition:transform 0.4s, opacity 0.4s ease-in-out;transform:translate3d(0, 30px, 0)}.wp-block-uagb-image--layout-overlay__inner .uagb-image-caption{opacity:0;overflow:visible;color:#fff;transition:transform 0.45s, opacity 0.45s ease-in-out;transform:translate3d(0, 35px, 0)}.wp-block-uagb-image--layout-overlay__inner:hover .uagb-image-heading,.wp-block-uagb-image--layout-overlay__inner:hover .uagb-image-separator,.wp-block-uagb-image--layout-overlay__inner:hover .uagb-image-caption{opacity:1;transform:translate3d(0, 0, 0)}.wp-block-uagb-image--effect-zoomin .wp-block-uagb-image__figure img,.wp-block-uagb-image--effect-zoomin .wp-block-uagb-image__figure .wp-block-uagb-image--layout-overlay__color-wrapper{transform:scale(1);transition:transform 0.35s ease-in-out}.wp-block-uagb-image--effect-zoomin .wp-block-uagb-image__figure:hover img,.wp-block-uagb-image--effect-zoomin .wp-block-uagb-image__figure:hover .wp-block-uagb-image--layout-overlay__color-wrapper{transform:scale(1.05)}.wp-block-uagb-image--effect-slide .wp-block-uagb-image__figure img,.wp-block-uagb-image--effect-slide .wp-block-uagb-image__figure .wp-block-uagb-image--layout-overlay__color-wrapper{width:calc(100% + 40px) !important;max-width:none !important;transform:translate3d(-40px, 0, 0);transition:transform 0.35s ease-in-out}.wp-block-uagb-image--effect-slide .wp-block-uagb-image__figure:hover img,.wp-block-uagb-image--effect-slide .wp-block-uagb-image__figure:hover .wp-block-uagb-image--layout-overlay__color-wrapper{transform:translate3d(0, 0, 0)}.wp-block-uagb-image--effect-grayscale img{filter:grayscale(0%);transition:0.35s ease-in-out}.wp-block-uagb-image--effect-grayscale:hover img{filter:grayscale(100%)}.wp-block-uagb-image--effect-blur img{filter:blur(0);transition:0.35s ease-in-out}.wp-block-uagb-image--effect-blur:hover img{filter:blur(3px)}\n.uagb-block-4b4a202d.wp-block-uagb-image--layout-default figure img{box-shadow: 0px 0px 0 #00000070;}.uagb-block-4b4a202d.wp-block-uagb-image .wp-block-uagb-image__figure figcaption{font-style: normal;align-self: center;}.uagb-block-4b4a202d.wp-block-uagb-image--layout-overlay figure img{box-shadow: 0px 0px 0 #00000070;}.uagb-block-4b4a202d.wp-block-uagb-image--layout-overlay .wp-block-uagb-image--layout-overlay__color-wrapper{opacity: 0.2;}.uagb-block-4b4a202d.wp-block-uagb-image--layout-overlay .wp-block-uagb-image--layout-overlay__inner{left: 15px;right: 15px;top: 15px;bottom: 15px;}.uagb-block-4b4a202d.wp-block-uagb-image--layout-overlay .wp-block-uagb-image--layout-overlay__inner .uagb-image-heading{font-style: normal;color: #fff;opacity: 1;}.uagb-block-4b4a202d.wp-block-uagb-image--layout-overlay .wp-block-uagb-image--layout-overlay__inner .uagb-image-heading a{color: #fff;}.uagb-block-4b4a202d.wp-block-uagb-image--layout-overlay .wp-block-uagb-image--layout-overlay__inner .uagb-image-caption{opacity: 0;}.uagb-block-4b4a202d.wp-block-uagb-image--layout-overlay .wp-block-uagb-image__figure:hover .wp-block-uagb-image--layout-overlay__color-wrapper{opacity: 1;}.uagb-block-4b4a202d.wp-block-uagb-image .wp-block-uagb-image--layout-overlay__inner .uagb-image-separator{width: 30%;border-top-width: 2px;border-top-color: #fff;opacity: 0;}.uagb-block-4b4a202d.wp-block-uagb-image .wp-block-uagb-image__figure img{width: px;height: auto;}.uagb-block-4b4a202d.wp-block-uagb-image .wp-block-uagb-image__figure:hover .wp-block-uagb-image--layout-overlay__inner .uagb-image-caption{opacity: 1;}.uagb-block-4b4a202d.wp-block-uagb-image .wp-block-uagb-image__figure:hover .wp-block-uagb-image--layout-overlay__inner .uagb-image-separator{opacity: 1;}.uagb-block-4b4a202d.wp-block-uagb-image--layout-default figure:hover img{box-shadow: 0px 0px 0 #00000070;}.uagb-block-4b4a202d.wp-block-uagb-image--layout-overlay figure:hover img{box-shadow: 0px 0px 0 #00000070;}@media only screen and (max-width: 976px) {.uagb-block-4b4a202d.wp-block-uagb-image .wp-block-uagb-image__figure img{width: px;height: auto;}}@media only screen and (max-width: 767px) {.uagb-block-4b4a202d.wp-block-uagb-image .wp-block-uagb-image__figure img{width: px;height: auto;}}\";s:2:\"js\";s:0:\"\";s:18:\"current_block_list\";a:4:{i:0;s:14:\"core\/paragraph\";i:1;s:10:\"uagb\/image\";i:2;s:10:\"core\/image\";i:3;s:9:\"core\/code\";}s:8:\"uag_flag\";b:1;s:11:\"uag_version\";s:10:\"1776896443\";s:6:\"gfonts\";a:0:{}s:10:\"gfonts_url\";s:0:\"\";s:12:\"gfonts_files\";a:0:{}s:14:\"uag_faq_layout\";b:0;}"],"_elementor_page_assets":["a:1:{s:7:\"scripts\";a:1:{i:0;s:18:\"elementor-frontend\";}}"],"_elementor_css":["a:7:{s:4:\"time\";i:1776817277;s:5:\"fonts\";a:0:{}s:5:\"icons\";a:0:{}s:20:\"dynamic_elements_ids\";a:0:{}s:6:\"status\";s:5:\"empty\";i:0;s:0:\"\";s:3:\"css\";s:0:\"\";}"],"_elementor_element_cache":["{\"timeout\":1777026014,\"value\":{\"content\":\"\\t\\t<section class=\\\"elementor-section elementor-top-section elementor-element elementor-element-a585ba5 elementor-section-boxed elementor-section-height-default elementor-section-height-default\\\" data-id=\\\"a585ba5\\\" data-element_type=\\\"section\\\">\\n\\t\\t\\t\\t\\t\\t<div class=\\\"elementor-container elementor-column-gap-default\\\">\\n\\t\\t\\t\\t\\t<div class=\\\"elementor-column elementor-col-100 elementor-top-column elementor-element elementor-element-3d50746\\\" data-id=\\\"3d50746\\\" data-element_type=\\\"column\\\">\\n\\t\\t\\t<div class=\\\"elementor-widget-wrap elementor-element-populated\\\">\\n\\t\\t\\t\\t[elementor-element k=\\\"d65f9af13c179ece6dd8e501eef1f87c\\\" data=\\\"eyJpZCI6IjIwMGQ3ZTYiLCJlbFR5cGUiOiJ3aWRnZXQiLCJzZXR0aW5ncyI6eyJlZGl0b3IiOiI8aDI+TGEgb3B0aW1pemFjaVx1MDBmM24gd2ViLCBjb25zaXN0ZSBlbiBpbmNvcnBvcmFyIGNvbXBsZW1lbnRvcyBhIGxhIHBcdTAwZTFnaW5hLiBBc1x1MDBlZCByZXN1bHRhIG1cdTAwZTFzIHRyYW5zcGFyZW50ZSBwYXJhIGxvcyBidXNjYWRvcmVzLCB5IG1lam9yYSBsYSB2ZWxvY2lkYWQgeSBlbCBwb3NpY2lvbmFtaWVudG8uPFwvaDI+XG48cD48XC9wPlxuPHA+RW4gYWxndW5vcyBjYXNvcyAoYWZvcnR1bmFkYW1lbnRlIGNhZGEgdmV6IG1lbm9zKSwgZWwgZGVzYXJyb2xsYWRvciBkZSBsYSBwXHUwMGUxZ2luYSB3ZWIgbm8gdGllbmUgZW4gY3VlbnRhIGxhcyBuZWNlc2lkYWRlcyBkZSBhY2Nlc2liaWxpZGFkIGRlIGxvcyBidXNjYWRvcmVzLiBEZSBtb2RvIHF1ZSBhIEdvb2dsZSBubyBsZSByZXN1bHRhIGZcdTAwZTFjaWwgaW5kZXhhciBsb3MgY29udGVuaWRvcywgZSBpbmNsdWlyIGxhIHBcdTAwZTFnaW5hIGVuIGxvcyByZXN1bHRhZG9zIGRlIGxhcyBiXHUwMGZhc3F1ZWRhcy4gRXMgZGVjaXIsIHNpIGVuIGVsIGRlc2Fycm9sbG8gZGUgdW5hIHBcdTAwZTFnaW5hIG5vIHNlIGhhbiB0ZW5pZG8gZW4gY3VlbnRhIGxvcyByZXF1aXNpdG9zIG5lY2VzYXJpb3MgZW4gY3VhbnRvIGEgb3B0aW1pemFjaVx1MDBmM24gd2ViLiBMYSBwXHUwMGUxZ2luYSBubyBzZSBwb3NpY2lvbmFyXHUwMGUxIGFkZWN1YWRhbWVudGUuPFwvcD5cbjxwPjxcL3A+XG48cD5QYXJhIHJlc29sdmVybG8sIHBvZGVtb3MgaW5jb3Jwb3JhciBjb21wbGVtZW50b3MgcGFyYSBxdWUgbGEgcFx1MDBlMWdpbmEgc2VhIG1cdTAwZTFzIHRyYW5zcGFyZW50ZSBhIGxvcyBidXNjYWRvcmVzLiBZIHRhbWJpXHUwMGU5biBtZWpvcmFyIHNlZ3VyaWRhZCwgeSBsb2dyYXIgcXVlIGxhcyBwYW50YWxsYXMgY2FyZ3VlbiBtXHUwMGUxcyByXHUwMGUxcGlkby48XC9wPlxuPHA+PFwvcD5cbjxwPkNvbiBsYXMgbW9kaWZpY2FjaW9uZXMgZGUgbGEgcHJvZ3JhbWFjaVx1MDBmM24gZGUgbGEgcFx1MDBlMWdpbmEgd2ViIHBhcmEgbWVqb3JhciBlbCBTRU8uIFRhbWJpXHUwMGU5biBzZSB0aWVuZW4gZW4gY3VlbnRhIHJlcXVpc2l0b3MgbGVnYWxlcyBjb21vIGxhcyBwb2xcdTAwZWR0aWNhcyBkZSBwcml2YWNpZGFkLiBBbCB0aWVtcG8gcXVlIHNlIGluY29ycG9yYW4gZWxlbWVudG9zIHBhcmEgY3VtcGxpciBsYSBsZWdpc2xhY2lcdTAwZjNuIHZpZ2VudGUuIEVzdG8gZXM7IGVuIG1hdGVyaWEgZGUgcHJvdGVjY2lcdTAwZjNuIGRlIGRhdG9zIHkgZGVtXHUwMGUxcy4gT3RyYSBkZSBsYXMgbWVqb3JhcyBxdWUgaW1wbGVtZW50YW1vcyBjb25zaXN0ZSBlbiBpbmNyZW1lbnRhciBsYSBzZWd1cmlkYWQuIFBvciBlamVtcGxvIGNvbiBzaXN0ZW1hcyBBbnRpUm9ib3RzLiBBc1x1MDBlZCBzZSBldml0YSBxdWUgYWxndWllbiBwdWVkYSB1dGlsaXphciBlbCBmb3JtdWxhcmlvIGNvcnBvcmF0aXZvIHBhcmEgZW52aWFyIHNwYW0gYSBsYSBlbXByZXNhLCBvIGEgY3VlbnRhcyBkZSBjb3JyZW8gZGVzY29ub2NpZGFzLjxcL3A+IiwiZGlzcGxheV9jb25kaXRpb25fbGlzdCI6W3siZGlzcGxheV9jb25kaXRpb25fbG9naW5fc3RhdHVzIjoic3Vic2NyaWJlciIsIl9pZCI6ImFmMzdjYTEifV19LCJlbGVtZW50cyI6W10sIndpZGdldFR5cGUiOiJ0ZXh0LWVkaXRvciJ9\\\"]\\t\\t\\t<\\\/div>\\n\\t\\t<\\\/div>\\n\\t\\t\\t\\t\\t<\\\/div>\\n\\t\\t<\\\/section>\\n\\t\\t\",\"scripts\":[],\"styles\":[]}}"],"_uag_css_file_name":["uag-css-220.css"]},"uagb_featured_image_src":{"full":false,"thumbnail":false,"medium":false,"medium_large":false,"large":false,"1536x1536":false,"2048x2048":false},"uagb_author_info":{"display_name":"Serveis TIC","author_link":"https:\/\/www.serveistic.com\/es\/author\/anjo\/"},"uagb_comment_info":0,"uagb_excerpt":"La optimizaci\u00f3n web, consiste en incorporar complementos a la p\u00e1gina. As\u00ed resulta m\u00e1s transparente para los buscadores, y mejora la velocidad y el posicionamiento. En algunos casos (afortunadamente cada vez menos), el desarrollador de la p\u00e1gina web no tiene en cuenta las necesidades de accesibilidad de los buscadores. De modo que a Google no le&hellip;","_links":{"self":[{"href":"https:\/\/www.serveistic.com\/es\/wp-json\/wp\/v2\/pages\/220","targetHints":{"allow":["GET"]}}],"collection":[{"href":"https:\/\/www.serveistic.com\/es\/wp-json\/wp\/v2\/pages"}],"about":[{"href":"https:\/\/www.serveistic.com\/es\/wp-json\/wp\/v2\/types\/page"}],"author":[{"embeddable":true,"href":"https:\/\/www.serveistic.com\/es\/wp-json\/wp\/v2\/users\/1"}],"replies":[{"embeddable":true,"href":"https:\/\/www.serveistic.com\/es\/wp-json\/wp\/v2\/comments?post=220"}],"version-history":[{"count":3,"href":"https:\/\/www.serveistic.com\/es\/wp-json\/wp\/v2\/pages\/220\/revisions"}],"predecessor-version":[{"id":50399,"href":"https:\/\/www.serveistic.com\/es\/wp-json\/wp\/v2\/pages\/220\/revisions\/50399"}],"up":[{"embeddable":true,"href":"https:\/\/www.serveistic.com\/es\/wp-json\/wp\/v2\/pages\/213"}],"wp:attachment":[{"href":"https:\/\/www.serveistic.com\/es\/wp-json\/wp\/v2\/media?parent=220"}],"curies":[{"name":"wp","href":"https:\/\/api.w.org\/{rel}","templated":true}]}}