{"id":223,"date":"2020-08-30T09:52:59","date_gmt":"2020-08-30T07:52:59","guid":{"rendered":"http:\/\/192.168.1.131\/wordpress\/?page_id=223"},"modified":"2026-01-04T21:32:09","modified_gmt":"2026-01-04T20:32:09","slug":"sem","status":"publish","type":"page","link":"https:\/\/www.serveistic.com\/es\/servicios-seo-y-sem\/sem\/","title":{"rendered":"Campa\u00f1as de SEM"},"content":{"rendered":"\t\t<div data-elementor-type=\"wp-page\" data-elementor-id=\"223\" class=\"elementor elementor-223 elementor-77\">\n\t\t\t\t\t\t<section class=\"elementor-section elementor-top-section elementor-element elementor-element-90780f9 elementor-section-boxed elementor-section-height-default elementor-section-height-default\" data-id=\"90780f9\" data-element_type=\"section\">\n\t\t\t\t\t\t<div class=\"elementor-container elementor-column-gap-default\">\n\t\t\t\t\t<div class=\"elementor-column elementor-col-100 elementor-top-column elementor-element elementor-element-9e63571\" data-id=\"9e63571\" data-element_type=\"column\">\n\t\t\t<div class=\"elementor-widget-wrap elementor-element-populated\">\n\t\t\t\t\t\t<div class=\"elementor-element elementor-element-4eb9a76 elementor-widget elementor-widget-text-editor\" data-id=\"4eb9a76\" data-element_type=\"widget\" data-widget_type=\"text-editor.default\">\n\t\t\t\t<div class=\"elementor-widget-container\">\n\t\t\t\t\t\t\t\t\t<h2>Campa\u00f1as de SEM; marketing en buscadores para optimizar el gasto en publicidad por Internet.<\/h2>\n<p><\/p>\n<p>Podemos entender como campa\u00f1as de SEM las campa\u00f1as de promoci\u00f3n de pago que se contratan. Sirven para aparecer antes que los primeros resultados de las b\u00fasquedas. Elaborar campa\u00f1as de SEM puede parecer sencillo. De hecho, lo es, pero hay que tener en cuenta que el objetivo de las campa\u00f1as SEM, no es obtener visitas al precio que sea. La clave est\u00e0 en conseguir las visitas m\u00e1s rentables por el m\u00ednimo precio.<\/p>\n<p><\/p>\n<p>En la planificaci\u00f3n de las campa\u00f1as de SEM, se puede establecer el m\u00e1ximo que se quiere gastar. Tambi\u00e9n se puede establecer el presupuesto diario. Especialmente al principio, cuando todav\u00eda no se tienen bonificaciones. Entonces nos puede interesar para aparecer en b\u00fasquedas m\u00e1s concretas, que resultar\u00e1n m\u00e1s econ\u00f3micas y eficientes, que en b\u00fasquedas gen\u00e9ricas.<\/p>\n<p><\/p>\n<p>Adem\u00e1s, las campa\u00f1as de SEM ayudan a mejorar el posicionamiento org\u00e1nico (gratuito).<\/p>\n<p><\/p>\n<p>Si tiene inter\u00e9s en iniciar la promoci\u00f3n de sus productos o servicios con campa\u00f1as SEO y SEM. Puede completar un formulario de contacto, o abrir una conversaci\u00f3n y le ayudaremos en lo posible.<\/p>\t\t\t\t\t\t\t\t<\/div>\n\t\t\t\t<\/div>\n\t\t\t\t\t<\/div>\n\t\t<\/div>\n\t\t\t\t\t<\/div>\n\t\t<\/section>\n\t\t\t\t<\/div>\n\t\t","protected":false},"excerpt":{"rendered":"<p>Campa\u00f1as de SEM; marketing en buscadores para optimizar el gasto en publicidad por Internet. Podemos entender como campa\u00f1as de SEM las campa\u00f1as de promoci\u00f3n de pago que se contratan. Sirven para aparecer antes que los primeros resultados de las b\u00fasquedas. Elaborar campa\u00f1as de SEM puede parecer sencillo. De hecho, lo es, pero hay que tener [&hellip;]<\/p>\n","protected":false},"author":1,"featured_media":0,"parent":213,"menu_order":3,"comment_status":"closed","ping_status":"closed","template":"","meta":{"_uag_custom_page_level_css":"","site-sidebar-layout":"default","site-content-layout":"","ast-site-content-layout":"default","site-content-style":"default","site-sidebar-style":"default","ast-global-header-display":"","ast-banner-title-visibility":"","ast-main-header-display":"","ast-hfb-above-header-display":"","ast-hfb-below-header-display":"","ast-hfb-mobile-header-display":"","site-post-title":"","ast-breadcrumbs-content":"","ast-featured-img":"","footer-sml-layout":"","theme-transparent-header-meta":"","adv-header-id-meta":"","stick-header-meta":"","header-above-stick-meta":"","header-main-stick-meta":"","header-below-stick-meta":"","astra-migrate-meta-layouts":"default","ast-page-background-enabled":"default","ast-page-background-meta":{"desktop":{"background-color":"var(--ast-global-color-4)","background-image":"","background-repeat":"repeat","background-position":"center center","background-size":"auto","background-attachment":"scroll","background-type":"","background-media":"","overlay-type":"","overlay-color":"","overlay-opacity":"","overlay-gradient":""},"tablet":{"background-color":"","background-image":"","background-repeat":"repeat","background-position":"center center","background-size":"auto","background-attachment":"scroll","background-type":"","background-media":"","overlay-type":"","overlay-color":"","overlay-opacity":"","overlay-gradient":""},"mobile":{"background-color":"","background-image":"","background-repeat":"repeat","background-position":"center center","background-size":"auto","background-attachment":"scroll","background-type":"","background-media":"","overlay-type":"","overlay-color":"","overlay-opacity":"","overlay-gradient":""}},"ast-content-background-meta":{"desktop":{"background-color":"var(--ast-global-color-5)","background-image":"","background-repeat":"repeat","background-position":"center center","background-size":"auto","background-attachment":"scroll","background-type":"","background-media":"","overlay-type":"","overlay-color":"","overlay-opacity":"","overlay-gradient":""},"tablet":{"background-color":"var(--ast-global-color-5)","background-image":"","background-repeat":"repeat","background-position":"center center","background-size":"auto","background-attachment":"scroll","background-type":"","background-media":"","overlay-type":"","overlay-color":"","overlay-opacity":"","overlay-gradient":""},"mobile":{"background-color":"var(--ast-global-color-5)","background-image":"","background-repeat":"repeat","background-position":"center center","background-size":"auto","background-attachment":"scroll","background-type":"","background-media":"","overlay-type":"","overlay-color":"","overlay-opacity":"","overlay-gradient":""}},"footnotes":""},"class_list":["post-223","page","type-page","status-publish","hentry"],"aioseo_notices":[],"spectra_custom_meta":{"_aioseop_title":["Campa\u00f1as de SEM marketing en buscadores"],"_aioseop_description":["Campa\u00f1as de marketing en buscadores para optimizar el gasto en publicidad SEM en Manresa en campa\u00f1as de publicidad en los resultados de los buscadores"],"_aioseop_keywords":["SEM, campa\u00f1as de marketing en buscadores"],"_edit_lock":["1767558699:1"],"_edit_last":["1"],"_aioseop_custom_link":[""],"_aioseop_sitemap_exclude":[""],"_aioseop_disable":[""],"_aioseop_disable_analytics":[""],"_aioseop_noindex":[""],"_aioseop_nofollow":[""],"_last_editor_used_jetpack":["block-editor"],"_aioseo_title":["Campa\u00f1as de SEM marketing en buscadores | #site_title"],"_aioseo_description":["Campa\u00f1as de SEM, marketing en buscadores para optimizar el gasto en publicidad SEM en Manresa, campa\u00f1as de publicidad en los resultados de los buscadores"],"_aioseo_keywords":["SEM,campa\u00f1as de marketing en buscadores"],"_aioseo_og_title":[null],"_aioseo_og_description":[null],"_aioseo_og_article_section":[null],"_aioseo_og_article_tags":[""],"_aioseo_twitter_title":[null],"_aioseo_twitter_description":[null],"_hostzine_page_header_enable":["enable"],"_hostzine_header_img_id":["3211"],"_hostzine_header_img":["https:\/\/serveistic.com\/wp-content\/uploads\/2018\/03\/banner-obj-1.png"],"_elementor_edit_mode":["builder"],"_elementor_template_type":["wp-page"],"_wp_page_template":["default"],"_elementor_data":["[{\"id\":\"90780f9\",\"elType\":\"section\",\"settings\":{\"display_condition_list\":[{\"display_condition_login_status\":\"subscriber\",\"_id\":\"5895a20\"}]},\"elements\":[{\"id\":\"9e63571\",\"elType\":\"column\",\"settings\":{\"_column_size\":100,\"_inline_size\":null,\"display_condition_list\":[{\"display_condition_login_status\":\"subscriber\",\"_id\":\"0a19301\"}]},\"elements\":[{\"id\":\"4eb9a76\",\"elType\":\"widget\",\"settings\":{\"editor\":\"<h2>Campa\\u00f1as de SEM; marketing en buscadores para optimizar el gasto en publicidad por Internet.<\\\/h2>\\n<p><\\\/p>\\n<p>Podemos entender como campa\\u00f1as de SEM las campa\\u00f1as de promoci\\u00f3n de pago que se contratan. Sirven para aparecer antes que los primeros resultados de las b\\u00fasquedas. Elaborar campa\\u00f1as de SEM puede parecer sencillo. De hecho, lo es, pero hay que tener en cuenta que el objetivo de las campa\\u00f1as SEM, no es obtener visitas al precio que sea. La clave est\\u00e0 en conseguir las visitas m\\u00e1s rentables por el m\\u00ednimo precio.<\\\/p>\\n<p><\\\/p>\\n<p>En la planificaci\\u00f3n de las campa\\u00f1as de SEM, se puede establecer el m\\u00e1ximo que se quiere gastar. Tambi\\u00e9n se puede establecer el presupuesto diario. Especialmente al principio, cuando todav\\u00eda no se tienen bonificaciones. Entonces nos puede interesar para aparecer en b\\u00fasquedas m\\u00e1s concretas, que resultar\\u00e1n m\\u00e1s econ\\u00f3micas y eficientes, que en b\\u00fasquedas gen\\u00e9ricas.<\\\/p>\\n<p><\\\/p>\\n<p>Adem\\u00e1s, las campa\\u00f1as de SEM ayudan a mejorar el posicionamiento org\\u00e1nico (gratuito).<\\\/p>\\n<p><\\\/p>\\n<p>Si tiene inter\\u00e9s en iniciar la promoci\\u00f3n de sus productos o servicios con campa\\u00f1as SEO y SEM. Puede completar un formulario de contacto, o abrir una conversaci\\u00f3n y le ayudaremos en lo posible.<\\\/p>\",\"display_condition_list\":[{\"display_condition_login_status\":\"subscriber\",\"_id\":\"7e1266e\"}]},\"elements\":[],\"widgetType\":\"text-editor\"}],\"isInner\":false}],\"isInner\":false}]"],"_elementor_version":["3.31.2"],"_last_translation_edit_mode":["native-editor"],"_elementor_page_settings":["a:0:{}"],"_elementor_controls_usage":["a:3:{s:11:\"text-editor\";a:3:{s:5:\"count\";i:1;s:15:\"control_percent\";i:1;s:8:\"controls\";a:2:{s:7:\"content\";a:1:{s:14:\"section_editor\";a:1:{s:6:\"editor\";i:1;}}s:8:\"advanced\";a:1:{s:26:\"display_conditions_section\";a:1:{s:22:\"display_condition_list\";i:1;}}}}s:6:\"column\";a:3:{s:5:\"count\";i:1;s:15:\"control_percent\";i:1;s:8:\"controls\";a:2:{s:6:\"layout\";a:1:{s:6:\"layout\";a:1:{s:12:\"_inline_size\";i:1;}}s:8:\"advanced\";a:1:{s:26:\"display_conditions_section\";a:1:{s:22:\"display_condition_list\";i:1;}}}}s:7:\"section\";a:3:{s:5:\"count\";i:1;s:15:\"control_percent\";i:0;s:8:\"controls\";a:1:{s:8:\"advanced\";a:1:{s:26:\"display_conditions_section\";a:1:{s:22:\"display_condition_list\";i:1;}}}}}"],"_wpml_word_count":["201"],"_elementor_template_widget_type":[""],"_elementor_popup_display_settings":[""],"_uag_page_assets":["a:9:{s:3:\"css\";s:7156:\".uag-blocks-common-selector{z-index:var(--z-index-desktop) !important}@media (max-width: 976px){.uag-blocks-common-selector{z-index:var(--z-index-tablet) !important}}@media (max-width: 767px){.uag-blocks-common-selector{z-index:var(--z-index-mobile) !important}}\n.wp-block-uagb-image{display:flex}.wp-block-uagb-image__figure{position:relative;display:flex;flex-direction:column;max-width:100%;height:auto;margin:0}.wp-block-uagb-image__figure img{height:auto;display:flex;max-width:100%;transition:box-shadow 0.2s ease}.wp-block-uagb-image__figure>a{display:inline-block}.wp-block-uagb-image__figure figcaption{text-align:center;margin-top:0.5em;margin-bottom:1em}.wp-block-uagb-image .components-placeholder.block-editor-media-placeholder .components-placeholder__instructions{align-self:center}.wp-block-uagb-image--align-left{text-align:left}.wp-block-uagb-image--align-right{text-align:right}.wp-block-uagb-image--align-center{text-align:center}.wp-block-uagb-image--align-full .wp-block-uagb-image__figure{margin-left:calc(50% - 50vw);margin-right:calc(50% - 50vw);max-width:100vw;width:100vw;height:auto}.wp-block-uagb-image--align-full .wp-block-uagb-image__figure img{height:auto;width:100% !important}.wp-block-uagb-image--align-wide .wp-block-uagb-image__figure img{height:auto;width:100%}.wp-block-uagb-image--layout-overlay__color-wrapper{position:absolute;left:0;top:0;right:0;bottom:0;opacity:0.2;background:rgba(0,0,0,0.5);transition:opacity 0.35s ease-in-out}.wp-block-uagb-image--layout-overlay-link{position:absolute;left:0;right:0;bottom:0;top:0}.wp-block-uagb-image--layout-overlay .wp-block-uagb-image__figure:hover .wp-block-uagb-image--layout-overlay__color-wrapper{opacity:1}.wp-block-uagb-image--layout-overlay__inner{position:absolute;left:15px;right:15px;bottom:15px;top:15px;display:flex;align-items:center;justify-content:center;flex-direction:column;border-color:#fff;transition:0.35s ease-in-out}.wp-block-uagb-image--layout-overlay__inner.top-left,.wp-block-uagb-image--layout-overlay__inner.top-center,.wp-block-uagb-image--layout-overlay__inner.top-right{justify-content:flex-start}.wp-block-uagb-image--layout-overlay__inner.bottom-left,.wp-block-uagb-image--layout-overlay__inner.bottom-center,.wp-block-uagb-image--layout-overlay__inner.bottom-right{justify-content:flex-end}.wp-block-uagb-image--layout-overlay__inner.top-left,.wp-block-uagb-image--layout-overlay__inner.center-left,.wp-block-uagb-image--layout-overlay__inner.bottom-left{align-items:flex-start}.wp-block-uagb-image--layout-overlay__inner.top-right,.wp-block-uagb-image--layout-overlay__inner.center-right,.wp-block-uagb-image--layout-overlay__inner.bottom-right{align-items:flex-end}.wp-block-uagb-image--layout-overlay__inner .uagb-image-heading{color:#fff;transition:transform 0.35s, opacity 0.35s ease-in-out;transform:translate3d(0, 24px, 0);margin:0;line-height:1em}.wp-block-uagb-image--layout-overlay__inner .uagb-image-separator{width:30%;border-top-width:2px;border-top-color:#fff;border-top-style:solid;margin-bottom:10px;opacity:0;transition:transform 0.4s, opacity 0.4s ease-in-out;transform:translate3d(0, 30px, 0)}.wp-block-uagb-image--layout-overlay__inner .uagb-image-caption{opacity:0;overflow:visible;color:#fff;transition:transform 0.45s, opacity 0.45s ease-in-out;transform:translate3d(0, 35px, 0)}.wp-block-uagb-image--layout-overlay__inner:hover .uagb-image-heading,.wp-block-uagb-image--layout-overlay__inner:hover .uagb-image-separator,.wp-block-uagb-image--layout-overlay__inner:hover .uagb-image-caption{opacity:1;transform:translate3d(0, 0, 0)}.wp-block-uagb-image--effect-zoomin .wp-block-uagb-image__figure img,.wp-block-uagb-image--effect-zoomin .wp-block-uagb-image__figure .wp-block-uagb-image--layout-overlay__color-wrapper{transform:scale(1);transition:transform 0.35s ease-in-out}.wp-block-uagb-image--effect-zoomin .wp-block-uagb-image__figure:hover img,.wp-block-uagb-image--effect-zoomin .wp-block-uagb-image__figure:hover .wp-block-uagb-image--layout-overlay__color-wrapper{transform:scale(1.05)}.wp-block-uagb-image--effect-slide .wp-block-uagb-image__figure img,.wp-block-uagb-image--effect-slide .wp-block-uagb-image__figure .wp-block-uagb-image--layout-overlay__color-wrapper{width:calc(100% + 40px) !important;max-width:none !important;transform:translate3d(-40px, 0, 0);transition:transform 0.35s ease-in-out}.wp-block-uagb-image--effect-slide .wp-block-uagb-image__figure:hover img,.wp-block-uagb-image--effect-slide .wp-block-uagb-image__figure:hover .wp-block-uagb-image--layout-overlay__color-wrapper{transform:translate3d(0, 0, 0)}.wp-block-uagb-image--effect-grayscale img{filter:grayscale(0%);transition:0.35s ease-in-out}.wp-block-uagb-image--effect-grayscale:hover img{filter:grayscale(100%)}.wp-block-uagb-image--effect-blur img{filter:blur(0);transition:0.35s ease-in-out}.wp-block-uagb-image--effect-blur:hover img{filter:blur(3px)}\n.uagb-block-4b4a202d.wp-block-uagb-image--layout-default figure img{box-shadow: 0px 0px 0 #00000070;}.uagb-block-4b4a202d.wp-block-uagb-image .wp-block-uagb-image__figure figcaption{font-style: normal;align-self: center;}.uagb-block-4b4a202d.wp-block-uagb-image--layout-overlay figure img{box-shadow: 0px 0px 0 #00000070;}.uagb-block-4b4a202d.wp-block-uagb-image--layout-overlay .wp-block-uagb-image--layout-overlay__color-wrapper{opacity: 0.2;}.uagb-block-4b4a202d.wp-block-uagb-image--layout-overlay .wp-block-uagb-image--layout-overlay__inner{left: 15px;right: 15px;top: 15px;bottom: 15px;}.uagb-block-4b4a202d.wp-block-uagb-image--layout-overlay .wp-block-uagb-image--layout-overlay__inner .uagb-image-heading{font-style: normal;color: #fff;opacity: 1;}.uagb-block-4b4a202d.wp-block-uagb-image--layout-overlay .wp-block-uagb-image--layout-overlay__inner .uagb-image-heading a{color: #fff;}.uagb-block-4b4a202d.wp-block-uagb-image--layout-overlay .wp-block-uagb-image--layout-overlay__inner .uagb-image-caption{opacity: 0;}.uagb-block-4b4a202d.wp-block-uagb-image--layout-overlay .wp-block-uagb-image__figure:hover .wp-block-uagb-image--layout-overlay__color-wrapper{opacity: 1;}.uagb-block-4b4a202d.wp-block-uagb-image .wp-block-uagb-image--layout-overlay__inner .uagb-image-separator{width: 30%;border-top-width: 2px;border-top-color: #fff;opacity: 0;}.uagb-block-4b4a202d.wp-block-uagb-image .wp-block-uagb-image__figure img{width: px;height: auto;}.uagb-block-4b4a202d.wp-block-uagb-image .wp-block-uagb-image__figure:hover .wp-block-uagb-image--layout-overlay__inner .uagb-image-caption{opacity: 1;}.uagb-block-4b4a202d.wp-block-uagb-image .wp-block-uagb-image__figure:hover .wp-block-uagb-image--layout-overlay__inner .uagb-image-separator{opacity: 1;}.uagb-block-4b4a202d.wp-block-uagb-image--layout-default figure:hover img{box-shadow: 0px 0px 0 #00000070;}.uagb-block-4b4a202d.wp-block-uagb-image--layout-overlay figure:hover img{box-shadow: 0px 0px 0 #00000070;}@media only screen and (max-width: 976px) {.uagb-block-4b4a202d.wp-block-uagb-image .wp-block-uagb-image__figure img{width: px;height: auto;}}@media only screen and (max-width: 767px) {.uagb-block-4b4a202d.wp-block-uagb-image .wp-block-uagb-image__figure img{width: px;height: auto;}}\";s:2:\"js\";s:0:\"\";s:18:\"current_block_list\";a:4:{i:0;s:14:\"core\/paragraph\";i:1;s:10:\"uagb\/image\";i:2;s:10:\"core\/image\";i:3;s:9:\"core\/code\";}s:8:\"uag_flag\";b:1;s:11:\"uag_version\";s:10:\"1778715365\";s:6:\"gfonts\";a:0:{}s:10:\"gfonts_url\";s:0:\"\";s:12:\"gfonts_files\";a:0:{}s:14:\"uag_faq_layout\";b:0;}"],"_elementor_page_assets":["a:1:{s:7:\"scripts\";a:1:{i:0;s:18:\"elementor-frontend\";}}"],"_elementor_css":["a:7:{s:4:\"time\";i:1778638021;s:5:\"fonts\";a:0:{}s:5:\"icons\";a:0:{}s:20:\"dynamic_elements_ids\";a:0:{}s:6:\"status\";s:5:\"empty\";i:0;s:0:\"\";s:3:\"css\";s:0:\"\";}"],"_elementor_element_cache":["{\"timeout\":1778830730,\"value\":{\"content\":\"\\t\\t<section class=\\\"elementor-section elementor-top-section elementor-element elementor-element-90780f9 elementor-section-boxed elementor-section-height-default elementor-section-height-default\\\" data-id=\\\"90780f9\\\" data-element_type=\\\"section\\\">\\n\\t\\t\\t\\t\\t\\t<div class=\\\"elementor-container elementor-column-gap-default\\\">\\n\\t\\t\\t\\t\\t<div class=\\\"elementor-column elementor-col-100 elementor-top-column elementor-element elementor-element-9e63571\\\" data-id=\\\"9e63571\\\" data-element_type=\\\"column\\\">\\n\\t\\t\\t<div class=\\\"elementor-widget-wrap elementor-element-populated\\\">\\n\\t\\t\\t\\t[elementor-element k=\\\"d65f9af13c179ece6dd8e501eef1f87c\\\" data=\\\"eyJpZCI6IjRlYjlhNzYiLCJlbFR5cGUiOiJ3aWRnZXQiLCJzZXR0aW5ncyI6eyJlZGl0b3IiOiI8aDI+Q2FtcGFcdTAwZjFhcyBkZSBTRU07IG1hcmtldGluZyBlbiBidXNjYWRvcmVzIHBhcmEgb3B0aW1pemFyIGVsIGdhc3RvIGVuIHB1YmxpY2lkYWQgcG9yIEludGVybmV0LjxcL2gyPlxuPHA+PFwvcD5cbjxwPlBvZGVtb3MgZW50ZW5kZXIgY29tbyBjYW1wYVx1MDBmMWFzIGRlIFNFTSBsYXMgY2FtcGFcdTAwZjFhcyBkZSBwcm9tb2NpXHUwMGYzbiBkZSBwYWdvIHF1ZSBzZSBjb250cmF0YW4uIFNpcnZlbiBwYXJhIGFwYXJlY2VyIGFudGVzIHF1ZSBsb3MgcHJpbWVyb3MgcmVzdWx0YWRvcyBkZSBsYXMgYlx1MDBmYXNxdWVkYXMuIEVsYWJvcmFyIGNhbXBhXHUwMGYxYXMgZGUgU0VNIHB1ZWRlIHBhcmVjZXIgc2VuY2lsbG8uIERlIGhlY2hvLCBsbyBlcywgcGVybyBoYXkgcXVlIHRlbmVyIGVuIGN1ZW50YSBxdWUgZWwgb2JqZXRpdm8gZGUgbGFzIGNhbXBhXHUwMGYxYXMgU0VNLCBubyBlcyBvYnRlbmVyIHZpc2l0YXMgYWwgcHJlY2lvIHF1ZSBzZWEuIExhIGNsYXZlIGVzdFx1MDBlMCBlbiBjb25zZWd1aXIgbGFzIHZpc2l0YXMgbVx1MDBlMXMgcmVudGFibGVzIHBvciBlbCBtXHUwMGVkbmltbyBwcmVjaW8uPFwvcD5cbjxwPjxcL3A+XG48cD5FbiBsYSBwbGFuaWZpY2FjaVx1MDBmM24gZGUgbGFzIGNhbXBhXHUwMGYxYXMgZGUgU0VNLCBzZSBwdWVkZSBlc3RhYmxlY2VyIGVsIG1cdTAwZTF4aW1vIHF1ZSBzZSBxdWllcmUgZ2FzdGFyLiBUYW1iaVx1MDBlOW4gc2UgcHVlZGUgZXN0YWJsZWNlciBlbCBwcmVzdXB1ZXN0byBkaWFyaW8uIEVzcGVjaWFsbWVudGUgYWwgcHJpbmNpcGlvLCBjdWFuZG8gdG9kYXZcdTAwZWRhIG5vIHNlIHRpZW5lbiBib25pZmljYWNpb25lcy4gRW50b25jZXMgbm9zIHB1ZWRlIGludGVyZXNhciBwYXJhIGFwYXJlY2VyIGVuIGJcdTAwZmFzcXVlZGFzIG1cdTAwZTFzIGNvbmNyZXRhcywgcXVlIHJlc3VsdGFyXHUwMGUxbiBtXHUwMGUxcyBlY29uXHUwMGYzbWljYXMgeSBlZmljaWVudGVzLCBxdWUgZW4gYlx1MDBmYXNxdWVkYXMgZ2VuXHUwMGU5cmljYXMuPFwvcD5cbjxwPjxcL3A+XG48cD5BZGVtXHUwMGUxcywgbGFzIGNhbXBhXHUwMGYxYXMgZGUgU0VNIGF5dWRhbiBhIG1lam9yYXIgZWwgcG9zaWNpb25hbWllbnRvIG9yZ1x1MDBlMW5pY28gKGdyYXR1aXRvKS48XC9wPlxuPHA+PFwvcD5cbjxwPlNpIHRpZW5lIGludGVyXHUwMGU5cyBlbiBpbmljaWFyIGxhIHByb21vY2lcdTAwZjNuIGRlIHN1cyBwcm9kdWN0b3MgbyBzZXJ2aWNpb3MgY29uIGNhbXBhXHUwMGYxYXMgU0VPIHkgU0VNLiBQdWVkZSBjb21wbGV0YXIgdW4gZm9ybXVsYXJpbyBkZSBjb250YWN0bywgbyBhYnJpciB1bmEgY29udmVyc2FjaVx1MDBmM24geSBsZSBheXVkYXJlbW9zIGVuIGxvIHBvc2libGUuPFwvcD4iLCJkaXNwbGF5X2NvbmRpdGlvbl9saXN0IjpbeyJkaXNwbGF5X2NvbmRpdGlvbl9sb2dpbl9zdGF0dXMiOiJzdWJzY3JpYmVyIiwiX2lkIjoiN2UxMjY2ZSJ9XX0sImVsZW1lbnRzIjpbXSwid2lkZ2V0VHlwZSI6InRleHQtZWRpdG9yIn0=\\\"]\\t\\t\\t<\\\/div>\\n\\t\\t<\\\/div>\\n\\t\\t\\t\\t\\t<\\\/div>\\n\\t\\t<\\\/section>\\n\\t\\t\",\"scripts\":[],\"styles\":[]}}"]},"uagb_featured_image_src":{"full":false,"thumbnail":false,"medium":false,"medium_large":false,"large":false,"1536x1536":false,"2048x2048":false},"uagb_author_info":{"display_name":"Serveis TIC","author_link":"https:\/\/www.serveistic.com\/es\/author\/anjo\/"},"uagb_comment_info":0,"uagb_excerpt":"Campa\u00f1as de SEM; marketing en buscadores para optimizar el gasto en publicidad por Internet. Podemos entender como campa\u00f1as de SEM las campa\u00f1as de promoci\u00f3n de pago que se contratan. Sirven para aparecer antes que los primeros resultados de las b\u00fasquedas. Elaborar campa\u00f1as de SEM puede parecer sencillo. De hecho, lo es, pero hay que tener&hellip;","_links":{"self":[{"href":"https:\/\/www.serveistic.com\/es\/wp-json\/wp\/v2\/pages\/223","targetHints":{"allow":["GET"]}}],"collection":[{"href":"https:\/\/www.serveistic.com\/es\/wp-json\/wp\/v2\/pages"}],"about":[{"href":"https:\/\/www.serveistic.com\/es\/wp-json\/wp\/v2\/types\/page"}],"author":[{"embeddable":true,"href":"https:\/\/www.serveistic.com\/es\/wp-json\/wp\/v2\/users\/1"}],"replies":[{"embeddable":true,"href":"https:\/\/www.serveistic.com\/es\/wp-json\/wp\/v2\/comments?post=223"}],"version-history":[{"count":3,"href":"https:\/\/www.serveistic.com\/es\/wp-json\/wp\/v2\/pages\/223\/revisions"}],"predecessor-version":[{"id":50474,"href":"https:\/\/www.serveistic.com\/es\/wp-json\/wp\/v2\/pages\/223\/revisions\/50474"}],"up":[{"embeddable":true,"href":"https:\/\/www.serveistic.com\/es\/wp-json\/wp\/v2\/pages\/213"}],"wp:attachment":[{"href":"https:\/\/www.serveistic.com\/es\/wp-json\/wp\/v2\/media?parent=223"}],"curies":[{"name":"wp","href":"https:\/\/api.w.org\/{rel}","templated":true}]}}