{"id":231,"date":"2020-09-03T08:45:01","date_gmt":"2020-09-03T06:45:01","guid":{"rendered":"http:\/\/192.168.1.131\/wordpress\/?page_id=231"},"modified":"2026-01-04T21:12:15","modified_gmt":"2026-01-04T20:12:15","slug":"campanas-de-posicionamiento","status":"publish","type":"page","link":"https:\/\/www.serveistic.com\/es\/servicios\/campanas-de-posicionamiento\/","title":{"rendered":"Campa\u00f1as de posicionamiento"},"content":{"rendered":"\t\t<div data-elementor-type=\"wp-page\" data-elementor-id=\"231\" class=\"elementor elementor-231 elementor-225\">\n\t\t\t\t\t\t<section class=\"elementor-section elementor-top-section elementor-element elementor-element-0839d37 elementor-section-boxed elementor-section-height-default elementor-section-height-default\" data-id=\"0839d37\" data-element_type=\"section\">\n\t\t\t\t\t\t<div class=\"elementor-container elementor-column-gap-default\">\n\t\t\t\t\t<div class=\"elementor-column elementor-col-100 elementor-top-column elementor-element elementor-element-990ce7f\" data-id=\"990ce7f\" data-element_type=\"column\">\n\t\t\t<div class=\"elementor-widget-wrap elementor-element-populated\">\n\t\t\t\t\t\t<div class=\"elementor-element elementor-element-382ac82 elementor-widget elementor-widget-text-editor\" data-id=\"382ac82\" data-element_type=\"widget\" data-widget_type=\"text-editor.default\">\n\t\t\t\t<div class=\"elementor-widget-container\">\n\t\t\t\t\t\t\t\t\t<h2>Campa\u00f1as de posicionamiento para lograr enlaces de calidad por t\u00e9rminos de inter\u00e9s que llevar\u00e1n m\u00e1s visitas a la p\u00e1gina web.<\/h2>\n<p><\/p>\n<p>Tradicionalmente el posicionamiento se han considerado el objetivo principal del SEO. Cuando ya se dispone de una p\u00e1gina, r\u00e1pida, con contenido de calidad, y una programaci\u00f3n adecuada. Llega el momento de sacar provecho de las campa\u00f1as de posicionamiento.<\/p>\n<p><\/p>\n<p>Las campa\u00f1as de posicionamiento consisten en conseguir enlaces de calidad. Estos enlaces dar\u00e1n mayor credibilidad a la p\u00e1gina por los t\u00e9rminos utilizados en los links. Y estos enlaces har\u00e1n en definitiva, que mejoren las posiciones en los resultados de las b\u00fasquedas. En las que aparezcan estos t\u00e9rminos.<\/p>\n<p><\/p>\n<p>La base parece simple, pero al haberse producido un abuso importante de estas estrategias se complica un poco m\u00e1s. Actualmente la b\u00fasqueda de enlaces precisa de tareas complementarias, como la promoci\u00f3n social. Que en la p\u00e1gina se encuentren los contenidos necesarios para aparecer en b\u00fasquedas relevantes, y que estos contenidos generen inter\u00e9s en los usuarios que accedan a la p\u00e1gina web (y evitar el \u00abrebote\u00bb).<\/p>\n<p><\/p>\n<p>En Serveis TIC, las campa\u00f1as de posicionamiento m\u00ednimo se prolongan durante un per\u00edodo de 9 meses. Y se complementan con tareas para maximizar su aprovechamiento. Si desea ampliar la informaci\u00f3n, s\u00f3lo tiene que contactar con nosotros.<\/p>\t\t\t\t\t\t\t\t<\/div>\n\t\t\t\t<\/div>\n\t\t\t\t\t<\/div>\n\t\t<\/div>\n\t\t\t\t\t<\/div>\n\t\t<\/section>\n\t\t\t\t<\/div>\n\t\t","protected":false},"excerpt":{"rendered":"<p>Campa\u00f1as de posicionamiento para lograr enlaces de calidad por t\u00e9rminos de inter\u00e9s que llevar\u00e1n m\u00e1s visitas a la p\u00e1gina web. Tradicionalmente el posicionamiento se han considerado el objetivo principal del SEO. Cuando ya se dispone de una p\u00e1gina, r\u00e1pida, con contenido de calidad, y una programaci\u00f3n adecuada. Llega el momento de sacar provecho de las [&hellip;]<\/p>\n","protected":false},"author":1,"featured_media":0,"parent":195,"menu_order":5,"comment_status":"closed","ping_status":"closed","template":"","meta":{"_uag_custom_page_level_css":"","site-sidebar-layout":"default","site-content-layout":"","ast-site-content-layout":"default","site-content-style":"default","site-sidebar-style":"default","ast-global-header-display":"","ast-banner-title-visibility":"","ast-main-header-display":"","ast-hfb-above-header-display":"","ast-hfb-below-header-display":"","ast-hfb-mobile-header-display":"","site-post-title":"","ast-breadcrumbs-content":"","ast-featured-img":"","footer-sml-layout":"","theme-transparent-header-meta":"","adv-header-id-meta":"","stick-header-meta":"","header-above-stick-meta":"","header-main-stick-meta":"","header-below-stick-meta":"","astra-migrate-meta-layouts":"default","ast-page-background-enabled":"default","ast-page-background-meta":{"desktop":{"background-color":"var(--ast-global-color-4)","background-image":"","background-repeat":"repeat","background-position":"center center","background-size":"auto","background-attachment":"scroll","background-type":"","background-media":"","overlay-type":"","overlay-color":"","overlay-opacity":"","overlay-gradient":""},"tablet":{"background-color":"","background-image":"","background-repeat":"repeat","background-position":"center center","background-size":"auto","background-attachment":"scroll","background-type":"","background-media":"","overlay-type":"","overlay-color":"","overlay-opacity":"","overlay-gradient":""},"mobile":{"background-color":"","background-image":"","background-repeat":"repeat","background-position":"center center","background-size":"auto","background-attachment":"scroll","background-type":"","background-media":"","overlay-type":"","overlay-color":"","overlay-opacity":"","overlay-gradient":""}},"ast-content-background-meta":{"desktop":{"background-color":"var(--ast-global-color-5)","background-image":"","background-repeat":"repeat","background-position":"center center","background-size":"auto","background-attachment":"scroll","background-type":"","background-media":"","overlay-type":"","overlay-color":"","overlay-opacity":"","overlay-gradient":""},"tablet":{"background-color":"var(--ast-global-color-5)","background-image":"","background-repeat":"repeat","background-position":"center center","background-size":"auto","background-attachment":"scroll","background-type":"","background-media":"","overlay-type":"","overlay-color":"","overlay-opacity":"","overlay-gradient":""},"mobile":{"background-color":"var(--ast-global-color-5)","background-image":"","background-repeat":"repeat","background-position":"center center","background-size":"auto","background-attachment":"scroll","background-type":"","background-media":"","overlay-type":"","overlay-color":"","overlay-opacity":"","overlay-gradient":""}},"footnotes":""},"class_list":["post-231","page","type-page","status-publish","hentry"],"aioseo_notices":[],"spectra_custom_meta":{"_aioseop_title":["Campa\u00f1as de posicionamiento en Google"],"_aioseop_description":["Campa\u00f1as de posicionamiento para lograr enlaces de calidad por t\u00e9rminos de inter\u00e9s que llevar\u00e1n m\u00e1s visitas a la p\u00e1gina web"],"_aioseop_keywords":["campa\u00f1as de posicionamiento, posicionamiento web, conseguir enlaces de calidad"],"_edit_lock":["1767557565:1"],"_edit_last":["1"],"_aioseop_custom_link":[""],"_aioseop_sitemap_exclude":[""],"_aioseop_disable":[""],"_aioseop_disable_analytics":[""],"_aioseop_noindex":[""],"_aioseop_nofollow":[""],"_last_editor_used_jetpack":["block-editor"],"_aioseo_title":["Campa\u00f1as de posicionamiento en Google | #site_title"],"_aioseo_description":["Campa\u00f1as de posicionamiento para conseguir enlaces de calidad por t\u00e9rminos de inter\u00e9s que llevar\u00e1n m\u00e1s visitas interesadas en los contenidos de a la p\u00e1gina web"],"_aioseo_keywords":["campa\u00f1as de posicionamiento,posicionamiento web,conseguir enlaces de calidad"],"_aioseo_og_title":[null],"_aioseo_og_description":[null],"_aioseo_og_article_section":[null],"_aioseo_og_article_tags":[""],"_aioseo_twitter_title":[null],"_aioseo_twitter_description":[null],"_hostzine_page_header_enable":["enable"],"_hostzine_header_img_id":["6475"],"_hostzine_header_img":["https:\/\/serveistic.com\/wp-content\/uploads\/2021\/02\/buscadors.png"],"_elementor_edit_mode":["builder"],"_elementor_template_type":["wp-page"],"_elementor_version":["3.1.1"],"_wp_page_template":["default"],"_elementor_data":["[{\"id\":\"0839d37\",\"elType\":\"section\",\"settings\":{\"display_condition_list\":[{\"display_condition_login_status\":\"subscriber\",\"_id\":\"86e6bc4\"}]},\"elements\":[{\"id\":\"990ce7f\",\"elType\":\"column\",\"settings\":{\"_column_size\":100,\"_inline_size\":null,\"display_condition_list\":[{\"display_condition_login_status\":\"subscriber\",\"_id\":\"d196a8c\"}]},\"elements\":[{\"id\":\"382ac82\",\"elType\":\"widget\",\"settings\":{\"editor\":\"<h2>Campa\\u00f1as de posicionamiento para lograr enlaces de calidad por t\\u00e9rminos de inter\\u00e9s que llevar\\u00e1n m\\u00e1s visitas a la p\\u00e1gina web.<\\\/h2>\\n<p><\\\/p>\\n<p>Tradicionalmente el posicionamiento se han considerado el objetivo principal del SEO. Cuando ya se dispone de una p\\u00e1gina, r\\u00e1pida, con contenido de calidad, y una programaci\\u00f3n adecuada. Llega el momento de sacar provecho de las campa\\u00f1as de posicionamiento.<\\\/p>\\n<p><\\\/p>\\n<p>Las campa\\u00f1as de posicionamiento consisten en conseguir enlaces de calidad. Estos enlaces dar\\u00e1n mayor credibilidad a la p\\u00e1gina por los t\\u00e9rminos utilizados en los links. Y estos enlaces har\\u00e1n en definitiva, que mejoren las posiciones en los resultados de las b\\u00fasquedas. En las que aparezcan estos t\\u00e9rminos.<\\\/p>\\n<p><\\\/p>\\n<p>La base parece simple, pero al haberse producido un abuso importante de estas estrategias se complica un poco m\\u00e1s. Actualmente la b\\u00fasqueda de enlaces precisa de tareas complementarias, como la promoci\\u00f3n social. Que en la p\\u00e1gina se encuentren los contenidos necesarios para aparecer en b\\u00fasquedas relevantes, y que estos contenidos generen inter\\u00e9s en los usuarios que accedan a la p\\u00e1gina web (y evitar el \\\"rebote\\\").<\\\/p>\\n<p><\\\/p>\\n<p>En Serveis TIC, las campa\\u00f1as de posicionamiento m\\u00ednimo se prolongan durante un per\\u00edodo de 9 meses. Y se complementan con tareas para maximizar su aprovechamiento. Si desea ampliar la informaci\\u00f3n, s\\u00f3lo tiene que contactar con nosotros.<\\\/p>\",\"display_condition_list\":[{\"display_condition_login_status\":\"subscriber\",\"_id\":\"afe27f4\"}]},\"elements\":[],\"widgetType\":\"text-editor\"}],\"isInner\":false}],\"isInner\":false}]"],"_last_translation_edit_mode":["native-editor"],"_elementor_page_settings":["a:0:{}"],"_elementor_controls_usage":["a:3:{s:11:\"text-editor\";a:3:{s:5:\"count\";i:1;s:15:\"control_percent\";i:1;s:8:\"controls\";a:2:{s:7:\"content\";a:1:{s:14:\"section_editor\";a:1:{s:6:\"editor\";i:1;}}s:8:\"advanced\";a:1:{s:26:\"display_conditions_section\";a:1:{s:22:\"display_condition_list\";i:1;}}}}s:6:\"column\";a:3:{s:5:\"count\";i:1;s:15:\"control_percent\";i:1;s:8:\"controls\";a:2:{s:6:\"layout\";a:1:{s:6:\"layout\";a:1:{s:12:\"_inline_size\";i:1;}}s:8:\"advanced\";a:1:{s:26:\"display_conditions_section\";a:1:{s:22:\"display_condition_list\";i:1;}}}}s:7:\"section\";a:3:{s:5:\"count\";i:1;s:15:\"control_percent\";i:0;s:8:\"controls\";a:1:{s:8:\"advanced\";a:1:{s:26:\"display_conditions_section\";a:1:{s:22:\"display_condition_list\";i:1;}}}}}"],"_wpml_word_count":["237"],"_elementor_template_widget_type":[""],"_elementor_popup_display_settings":[""],"_uag_page_assets":["a:9:{s:3:\"css\";s:7156:\".uag-blocks-common-selector{z-index:var(--z-index-desktop) !important}@media (max-width: 976px){.uag-blocks-common-selector{z-index:var(--z-index-tablet) !important}}@media (max-width: 767px){.uag-blocks-common-selector{z-index:var(--z-index-mobile) !important}}\n.wp-block-uagb-image{display:flex}.wp-block-uagb-image__figure{position:relative;display:flex;flex-direction:column;max-width:100%;height:auto;margin:0}.wp-block-uagb-image__figure img{height:auto;display:flex;max-width:100%;transition:box-shadow 0.2s ease}.wp-block-uagb-image__figure>a{display:inline-block}.wp-block-uagb-image__figure figcaption{text-align:center;margin-top:0.5em;margin-bottom:1em}.wp-block-uagb-image .components-placeholder.block-editor-media-placeholder .components-placeholder__instructions{align-self:center}.wp-block-uagb-image--align-left{text-align:left}.wp-block-uagb-image--align-right{text-align:right}.wp-block-uagb-image--align-center{text-align:center}.wp-block-uagb-image--align-full .wp-block-uagb-image__figure{margin-left:calc(50% - 50vw);margin-right:calc(50% - 50vw);max-width:100vw;width:100vw;height:auto}.wp-block-uagb-image--align-full .wp-block-uagb-image__figure img{height:auto;width:100% !important}.wp-block-uagb-image--align-wide .wp-block-uagb-image__figure img{height:auto;width:100%}.wp-block-uagb-image--layout-overlay__color-wrapper{position:absolute;left:0;top:0;right:0;bottom:0;opacity:0.2;background:rgba(0,0,0,0.5);transition:opacity 0.35s ease-in-out}.wp-block-uagb-image--layout-overlay-link{position:absolute;left:0;right:0;bottom:0;top:0}.wp-block-uagb-image--layout-overlay .wp-block-uagb-image__figure:hover .wp-block-uagb-image--layout-overlay__color-wrapper{opacity:1}.wp-block-uagb-image--layout-overlay__inner{position:absolute;left:15px;right:15px;bottom:15px;top:15px;display:flex;align-items:center;justify-content:center;flex-direction:column;border-color:#fff;transition:0.35s ease-in-out}.wp-block-uagb-image--layout-overlay__inner.top-left,.wp-block-uagb-image--layout-overlay__inner.top-center,.wp-block-uagb-image--layout-overlay__inner.top-right{justify-content:flex-start}.wp-block-uagb-image--layout-overlay__inner.bottom-left,.wp-block-uagb-image--layout-overlay__inner.bottom-center,.wp-block-uagb-image--layout-overlay__inner.bottom-right{justify-content:flex-end}.wp-block-uagb-image--layout-overlay__inner.top-left,.wp-block-uagb-image--layout-overlay__inner.center-left,.wp-block-uagb-image--layout-overlay__inner.bottom-left{align-items:flex-start}.wp-block-uagb-image--layout-overlay__inner.top-right,.wp-block-uagb-image--layout-overlay__inner.center-right,.wp-block-uagb-image--layout-overlay__inner.bottom-right{align-items:flex-end}.wp-block-uagb-image--layout-overlay__inner .uagb-image-heading{color:#fff;transition:transform 0.35s, opacity 0.35s ease-in-out;transform:translate3d(0, 24px, 0);margin:0;line-height:1em}.wp-block-uagb-image--layout-overlay__inner .uagb-image-separator{width:30%;border-top-width:2px;border-top-color:#fff;border-top-style:solid;margin-bottom:10px;opacity:0;transition:transform 0.4s, opacity 0.4s ease-in-out;transform:translate3d(0, 30px, 0)}.wp-block-uagb-image--layout-overlay__inner .uagb-image-caption{opacity:0;overflow:visible;color:#fff;transition:transform 0.45s, opacity 0.45s ease-in-out;transform:translate3d(0, 35px, 0)}.wp-block-uagb-image--layout-overlay__inner:hover .uagb-image-heading,.wp-block-uagb-image--layout-overlay__inner:hover .uagb-image-separator,.wp-block-uagb-image--layout-overlay__inner:hover .uagb-image-caption{opacity:1;transform:translate3d(0, 0, 0)}.wp-block-uagb-image--effect-zoomin .wp-block-uagb-image__figure img,.wp-block-uagb-image--effect-zoomin .wp-block-uagb-image__figure .wp-block-uagb-image--layout-overlay__color-wrapper{transform:scale(1);transition:transform 0.35s ease-in-out}.wp-block-uagb-image--effect-zoomin .wp-block-uagb-image__figure:hover img,.wp-block-uagb-image--effect-zoomin .wp-block-uagb-image__figure:hover .wp-block-uagb-image--layout-overlay__color-wrapper{transform:scale(1.05)}.wp-block-uagb-image--effect-slide .wp-block-uagb-image__figure img,.wp-block-uagb-image--effect-slide .wp-block-uagb-image__figure .wp-block-uagb-image--layout-overlay__color-wrapper{width:calc(100% + 40px) !important;max-width:none !important;transform:translate3d(-40px, 0, 0);transition:transform 0.35s ease-in-out}.wp-block-uagb-image--effect-slide .wp-block-uagb-image__figure:hover img,.wp-block-uagb-image--effect-slide .wp-block-uagb-image__figure:hover .wp-block-uagb-image--layout-overlay__color-wrapper{transform:translate3d(0, 0, 0)}.wp-block-uagb-image--effect-grayscale img{filter:grayscale(0%);transition:0.35s ease-in-out}.wp-block-uagb-image--effect-grayscale:hover img{filter:grayscale(100%)}.wp-block-uagb-image--effect-blur img{filter:blur(0);transition:0.35s ease-in-out}.wp-block-uagb-image--effect-blur:hover img{filter:blur(3px)}\n.uagb-block-4b4a202d.wp-block-uagb-image--layout-default figure img{box-shadow: 0px 0px 0 #00000070;}.uagb-block-4b4a202d.wp-block-uagb-image .wp-block-uagb-image__figure figcaption{font-style: normal;align-self: center;}.uagb-block-4b4a202d.wp-block-uagb-image--layout-overlay figure img{box-shadow: 0px 0px 0 #00000070;}.uagb-block-4b4a202d.wp-block-uagb-image--layout-overlay .wp-block-uagb-image--layout-overlay__color-wrapper{opacity: 0.2;}.uagb-block-4b4a202d.wp-block-uagb-image--layout-overlay .wp-block-uagb-image--layout-overlay__inner{left: 15px;right: 15px;top: 15px;bottom: 15px;}.uagb-block-4b4a202d.wp-block-uagb-image--layout-overlay .wp-block-uagb-image--layout-overlay__inner .uagb-image-heading{font-style: normal;color: #fff;opacity: 1;}.uagb-block-4b4a202d.wp-block-uagb-image--layout-overlay .wp-block-uagb-image--layout-overlay__inner .uagb-image-heading a{color: #fff;}.uagb-block-4b4a202d.wp-block-uagb-image--layout-overlay .wp-block-uagb-image--layout-overlay__inner .uagb-image-caption{opacity: 0;}.uagb-block-4b4a202d.wp-block-uagb-image--layout-overlay .wp-block-uagb-image__figure:hover .wp-block-uagb-image--layout-overlay__color-wrapper{opacity: 1;}.uagb-block-4b4a202d.wp-block-uagb-image .wp-block-uagb-image--layout-overlay__inner .uagb-image-separator{width: 30%;border-top-width: 2px;border-top-color: #fff;opacity: 0;}.uagb-block-4b4a202d.wp-block-uagb-image .wp-block-uagb-image__figure img{width: px;height: auto;}.uagb-block-4b4a202d.wp-block-uagb-image .wp-block-uagb-image__figure:hover .wp-block-uagb-image--layout-overlay__inner .uagb-image-caption{opacity: 1;}.uagb-block-4b4a202d.wp-block-uagb-image .wp-block-uagb-image__figure:hover .wp-block-uagb-image--layout-overlay__inner .uagb-image-separator{opacity: 1;}.uagb-block-4b4a202d.wp-block-uagb-image--layout-default figure:hover img{box-shadow: 0px 0px 0 #00000070;}.uagb-block-4b4a202d.wp-block-uagb-image--layout-overlay figure:hover img{box-shadow: 0px 0px 0 #00000070;}@media only screen and (max-width: 976px) {.uagb-block-4b4a202d.wp-block-uagb-image .wp-block-uagb-image__figure img{width: px;height: auto;}}@media only screen and (max-width: 767px) {.uagb-block-4b4a202d.wp-block-uagb-image .wp-block-uagb-image__figure img{width: px;height: auto;}}\";s:2:\"js\";s:0:\"\";s:18:\"current_block_list\";a:4:{i:0;s:14:\"core\/paragraph\";i:1;s:10:\"uagb\/image\";i:2;s:10:\"core\/image\";i:3;s:9:\"core\/code\";}s:8:\"uag_flag\";b:1;s:11:\"uag_version\";s:10:\"1776578868\";s:6:\"gfonts\";a:0:{}s:10:\"gfonts_url\";s:0:\"\";s:12:\"gfonts_files\";a:0:{}s:14:\"uag_faq_layout\";b:0;}"],"_elementor_page_assets":["a:1:{s:7:\"scripts\";a:1:{i:0;s:18:\"elementor-frontend\";}}"],"_elementor_css":["a:7:{s:4:\"time\";i:1776468078;s:5:\"fonts\";a:0:{}s:5:\"icons\";a:0:{}s:20:\"dynamic_elements_ids\";a:0:{}s:6:\"status\";s:5:\"empty\";i:0;s:0:\"\";s:3:\"css\";s:0:\"\";}"],"_elementor_element_cache":["{\"timeout\":1776672468,\"value\":{\"content\":\"\\t\\t<section class=\\\"elementor-section elementor-top-section elementor-element elementor-element-0839d37 elementor-section-boxed elementor-section-height-default elementor-section-height-default\\\" data-id=\\\"0839d37\\\" data-element_type=\\\"section\\\">\\n\\t\\t\\t\\t\\t\\t<div class=\\\"elementor-container elementor-column-gap-default\\\">\\n\\t\\t\\t\\t\\t<div class=\\\"elementor-column elementor-col-100 elementor-top-column elementor-element elementor-element-990ce7f\\\" data-id=\\\"990ce7f\\\" data-element_type=\\\"column\\\">\\n\\t\\t\\t<div class=\\\"elementor-widget-wrap elementor-element-populated\\\">\\n\\t\\t\\t\\t[elementor-element k=\\\"d65f9af13c179ece6dd8e501eef1f87c\\\" data=\\\"eyJpZCI6IjM4MmFjODIiLCJlbFR5cGUiOiJ3aWRnZXQiLCJzZXR0aW5ncyI6eyJlZGl0b3IiOiI8aDI+Q2FtcGFcdTAwZjFhcyBkZSBwb3NpY2lvbmFtaWVudG8gcGFyYSBsb2dyYXIgZW5sYWNlcyBkZSBjYWxpZGFkIHBvciB0XHUwMGU5cm1pbm9zIGRlIGludGVyXHUwMGU5cyBxdWUgbGxldmFyXHUwMGUxbiBtXHUwMGUxcyB2aXNpdGFzIGEgbGEgcFx1MDBlMWdpbmEgd2ViLjxcL2gyPlxuPHA+PFwvcD5cbjxwPlRyYWRpY2lvbmFsbWVudGUgZWwgcG9zaWNpb25hbWllbnRvIHNlIGhhbiBjb25zaWRlcmFkbyBlbCBvYmpldGl2byBwcmluY2lwYWwgZGVsIFNFTy4gQ3VhbmRvIHlhIHNlIGRpc3BvbmUgZGUgdW5hIHBcdTAwZTFnaW5hLCByXHUwMGUxcGlkYSwgY29uIGNvbnRlbmlkbyBkZSBjYWxpZGFkLCB5IHVuYSBwcm9ncmFtYWNpXHUwMGYzbiBhZGVjdWFkYS4gTGxlZ2EgZWwgbW9tZW50byBkZSBzYWNhciBwcm92ZWNobyBkZSBsYXMgY2FtcGFcdTAwZjFhcyBkZSBwb3NpY2lvbmFtaWVudG8uPFwvcD5cbjxwPjxcL3A+XG48cD5MYXMgY2FtcGFcdTAwZjFhcyBkZSBwb3NpY2lvbmFtaWVudG8gY29uc2lzdGVuIGVuIGNvbnNlZ3VpciBlbmxhY2VzIGRlIGNhbGlkYWQuIEVzdG9zIGVubGFjZXMgZGFyXHUwMGUxbiBtYXlvciBjcmVkaWJpbGlkYWQgYSBsYSBwXHUwMGUxZ2luYSBwb3IgbG9zIHRcdTAwZTlybWlub3MgdXRpbGl6YWRvcyBlbiBsb3MgbGlua3MuIFkgZXN0b3MgZW5sYWNlcyBoYXJcdTAwZTFuIGVuIGRlZmluaXRpdmEsIHF1ZSBtZWpvcmVuIGxhcyBwb3NpY2lvbmVzIGVuIGxvcyByZXN1bHRhZG9zIGRlIGxhcyBiXHUwMGZhc3F1ZWRhcy4gRW4gbGFzIHF1ZSBhcGFyZXpjYW4gZXN0b3MgdFx1MDBlOXJtaW5vcy48XC9wPlxuPHA+PFwvcD5cbjxwPkxhIGJhc2UgcGFyZWNlIHNpbXBsZSwgcGVybyBhbCBoYWJlcnNlIHByb2R1Y2lkbyB1biBhYnVzbyBpbXBvcnRhbnRlIGRlIGVzdGFzIGVzdHJhdGVnaWFzIHNlIGNvbXBsaWNhIHVuIHBvY28gbVx1MDBlMXMuIEFjdHVhbG1lbnRlIGxhIGJcdTAwZmFzcXVlZGEgZGUgZW5sYWNlcyBwcmVjaXNhIGRlIHRhcmVhcyBjb21wbGVtZW50YXJpYXMsIGNvbW8gbGEgcHJvbW9jaVx1MDBmM24gc29jaWFsLiBRdWUgZW4gbGEgcFx1MDBlMWdpbmEgc2UgZW5jdWVudHJlbiBsb3MgY29udGVuaWRvcyBuZWNlc2FyaW9zIHBhcmEgYXBhcmVjZXIgZW4gYlx1MDBmYXNxdWVkYXMgcmVsZXZhbnRlcywgeSBxdWUgZXN0b3MgY29udGVuaWRvcyBnZW5lcmVuIGludGVyXHUwMGU5cyBlbiBsb3MgdXN1YXJpb3MgcXVlIGFjY2VkYW4gYSBsYSBwXHUwMGUxZ2luYSB3ZWIgKHkgZXZpdGFyIGVsIFwicmVib3RlXCIpLjxcL3A+XG48cD48XC9wPlxuPHA+RW4gU2VydmVpcyBUSUMsIGxhcyBjYW1wYVx1MDBmMWFzIGRlIHBvc2ljaW9uYW1pZW50byBtXHUwMGVkbmltbyBzZSBwcm9sb25nYW4gZHVyYW50ZSB1biBwZXJcdTAwZWRvZG8gZGUgOSBtZXNlcy4gWSBzZSBjb21wbGVtZW50YW4gY29uIHRhcmVhcyBwYXJhIG1heGltaXphciBzdSBhcHJvdmVjaGFtaWVudG8uIFNpIGRlc2VhIGFtcGxpYXIgbGEgaW5mb3JtYWNpXHUwMGYzbiwgc1x1MDBmM2xvIHRpZW5lIHF1ZSBjb250YWN0YXIgY29uIG5vc290cm9zLjxcL3A+IiwiZGlzcGxheV9jb25kaXRpb25fbGlzdCI6W3siZGlzcGxheV9jb25kaXRpb25fbG9naW5fc3RhdHVzIjoic3Vic2NyaWJlciIsIl9pZCI6ImFmZTI3ZjQifV19LCJlbGVtZW50cyI6W10sIndpZGdldFR5cGUiOiJ0ZXh0LWVkaXRvciJ9\\\"]\\t\\t\\t<\\\/div>\\n\\t\\t<\\\/div>\\n\\t\\t\\t\\t\\t<\\\/div>\\n\\t\\t<\\\/section>\\n\\t\\t\",\"scripts\":[],\"styles\":[]}}"]},"uagb_featured_image_src":{"full":false,"thumbnail":false,"medium":false,"medium_large":false,"large":false,"1536x1536":false,"2048x2048":false},"uagb_author_info":{"display_name":"Serveis TIC","author_link":"https:\/\/www.serveistic.com\/es\/author\/anjo\/"},"uagb_comment_info":0,"uagb_excerpt":"Campa\u00f1as de posicionamiento para lograr enlaces de calidad por t\u00e9rminos de inter\u00e9s que llevar\u00e1n m\u00e1s visitas a la p\u00e1gina web. Tradicionalmente el posicionamiento se han considerado el objetivo principal del SEO. Cuando ya se dispone de una p\u00e1gina, r\u00e1pida, con contenido de calidad, y una programaci\u00f3n adecuada. Llega el momento de sacar provecho de las&hellip;","_links":{"self":[{"href":"https:\/\/www.serveistic.com\/es\/wp-json\/wp\/v2\/pages\/231","targetHints":{"allow":["GET"]}}],"collection":[{"href":"https:\/\/www.serveistic.com\/es\/wp-json\/wp\/v2\/pages"}],"about":[{"href":"https:\/\/www.serveistic.com\/es\/wp-json\/wp\/v2\/types\/page"}],"author":[{"embeddable":true,"href":"https:\/\/www.serveistic.com\/es\/wp-json\/wp\/v2\/users\/1"}],"replies":[{"embeddable":true,"href":"https:\/\/www.serveistic.com\/es\/wp-json\/wp\/v2\/comments?post=231"}],"version-history":[{"count":3,"href":"https:\/\/www.serveistic.com\/es\/wp-json\/wp\/v2\/pages\/231\/revisions"}],"predecessor-version":[{"id":50415,"href":"https:\/\/www.serveistic.com\/es\/wp-json\/wp\/v2\/pages\/231\/revisions\/50415"}],"up":[{"embeddable":true,"href":"https:\/\/www.serveistic.com\/es\/wp-json\/wp\/v2\/pages\/195"}],"wp:attachment":[{"href":"https:\/\/www.serveistic.com\/es\/wp-json\/wp\/v2\/media?parent=231"}],"curies":[{"name":"wp","href":"https:\/\/api.w.org\/{rel}","templated":true}]}}