{"id":235,"date":"2020-08-30T09:58:44","date_gmt":"2020-08-30T07:58:44","guid":{"rendered":"http:\/\/192.168.1.131\/wordpress\/?page_id=235"},"modified":"2026-01-04T21:33:09","modified_gmt":"2026-01-04T20:33:09","slug":"promocion-social","status":"publish","type":"page","link":"https:\/\/www.serveistic.com\/es\/servicios\/promocion-social\/","title":{"rendered":"Promoci\u00f3n social"},"content":{"rendered":"\t\t<div data-elementor-type=\"wp-page\" data-elementor-id=\"235\" class=\"elementor elementor-235 elementor-80\">\n\t\t\t\t\t\t<section class=\"elementor-section elementor-top-section elementor-element elementor-element-0707cc2 elementor-section-boxed elementor-section-height-default elementor-section-height-default\" data-id=\"0707cc2\" data-element_type=\"section\">\n\t\t\t\t\t\t<div class=\"elementor-container elementor-column-gap-default\">\n\t\t\t\t\t<div class=\"elementor-column elementor-col-100 elementor-top-column elementor-element elementor-element-2266c64\" data-id=\"2266c64\" data-element_type=\"column\">\n\t\t\t<div class=\"elementor-widget-wrap elementor-element-populated\">\n\t\t\t\t\t\t<div class=\"elementor-element elementor-element-0e45d36 elementor-widget elementor-widget-text-editor\" data-id=\"0e45d36\" data-element_type=\"widget\" data-widget_type=\"text-editor.default\">\n\t\t\t\t<div class=\"elementor-widget-container\">\n\t\t\t\t\t\t\t\t\t<h2>Promoci\u00f3n social de la p\u00e1gina web de la empresa publicando posts y anuncios en redes sociales.<\/h2>\n<p><\/p>\n<p>La promoci\u00f3n social es laque se efect\u00faa mediante redes sociales. Es una de las opciones destacadas a tener en cuenta para dar a conocer una p\u00e1gina web, y conseguir tr\u00e1fico r\u00e1pidamente. Especialmente si se ofrecen productos o servicios destinados al p\u00fablico de un \u00e1rea geogr\u00e1fica muy determinada.<\/p>\n<p><\/p>\n<p>Desde ServeisTIC, podemos facilitar que su p\u00fablico potencial conozca los productos y servicios que le puede ofrecer. Para hacerlo es indispensable publicar asiduamente en un blog, y compartir las publicaciones en cuentas de las principales redes sociales.<\/p>\n<p><\/p>\n<p>Una ventaja adicional de tener un blog, en el que publicar con frecuencia y compartir los contenidos como estrategia de promoci\u00f3n social, es que permite incrementar las pantallas de la p\u00e1gina web, siguiendo una estrategia de palabras clave, y centrando los posts en tem\u00e1ticas de inter\u00e9s, se consiguen m\u00e1s t\u00e9rminos por los que la p\u00e1gina web aparecer\u00e1 en los resultados de los buscadores.<\/p>\t\t\t\t\t\t\t\t<\/div>\n\t\t\t\t<\/div>\n\t\t\t\t\t<\/div>\n\t\t<\/div>\n\t\t\t\t\t<\/div>\n\t\t<\/section>\n\t\t\t\t<\/div>\n\t\t","protected":false},"excerpt":{"rendered":"<p>Promoci\u00f3n social de la p\u00e1gina web de la empresa publicando posts y anuncios en redes sociales. La promoci\u00f3n social es laque se efect\u00faa mediante redes sociales. Es una de las opciones destacadas a tener en cuenta para dar a conocer una p\u00e1gina web, y conseguir tr\u00e1fico r\u00e1pidamente. Especialmente si se ofrecen productos o servicios destinados [&hellip;]<\/p>\n","protected":false},"author":1,"featured_media":0,"parent":195,"menu_order":0,"comment_status":"closed","ping_status":"closed","template":"","meta":{"_uag_custom_page_level_css":"","site-sidebar-layout":"default","site-content-layout":"","ast-site-content-layout":"default","site-content-style":"default","site-sidebar-style":"default","ast-global-header-display":"","ast-banner-title-visibility":"","ast-main-header-display":"","ast-hfb-above-header-display":"","ast-hfb-below-header-display":"","ast-hfb-mobile-header-display":"","site-post-title":"","ast-breadcrumbs-content":"","ast-featured-img":"","footer-sml-layout":"","theme-transparent-header-meta":"","adv-header-id-meta":"","stick-header-meta":"","header-above-stick-meta":"","header-main-stick-meta":"","header-below-stick-meta":"","astra-migrate-meta-layouts":"default","ast-page-background-enabled":"default","ast-page-background-meta":{"desktop":{"background-color":"var(--ast-global-color-4)","background-image":"","background-repeat":"repeat","background-position":"center center","background-size":"auto","background-attachment":"scroll","background-type":"","background-media":"","overlay-type":"","overlay-color":"","overlay-opacity":"","overlay-gradient":""},"tablet":{"background-color":"","background-image":"","background-repeat":"repeat","background-position":"center center","background-size":"auto","background-attachment":"scroll","background-type":"","background-media":"","overlay-type":"","overlay-color":"","overlay-opacity":"","overlay-gradient":""},"mobile":{"background-color":"","background-image":"","background-repeat":"repeat","background-position":"center center","background-size":"auto","background-attachment":"scroll","background-type":"","background-media":"","overlay-type":"","overlay-color":"","overlay-opacity":"","overlay-gradient":""}},"ast-content-background-meta":{"desktop":{"background-color":"var(--ast-global-color-5)","background-image":"","background-repeat":"repeat","background-position":"center center","background-size":"auto","background-attachment":"scroll","background-type":"","background-media":"","overlay-type":"","overlay-color":"","overlay-opacity":"","overlay-gradient":""},"tablet":{"background-color":"var(--ast-global-color-5)","background-image":"","background-repeat":"repeat","background-position":"center center","background-size":"auto","background-attachment":"scroll","background-type":"","background-media":"","overlay-type":"","overlay-color":"","overlay-opacity":"","overlay-gradient":""},"mobile":{"background-color":"var(--ast-global-color-5)","background-image":"","background-repeat":"repeat","background-position":"center center","background-size":"auto","background-attachment":"scroll","background-type":"","background-media":"","overlay-type":"","overlay-color":"","overlay-opacity":"","overlay-gradient":""}},"footnotes":""},"class_list":["post-235","page","type-page","status-publish","hentry"],"aioseo_notices":[],"spectra_custom_meta":{"_aioseop_title":["Servicios de promoci\u00f3n social"],"_aioseop_description":["Promoci\u00f3n de la p\u00e1gina web de la empresa compartiendo posts del blog y anuncios orientados a un target definido utilizando las redes sociales"],"_aioseop_keywords":["promoci\u00f3n social, promoci\u00f3n redes sociales, publicar posts en redes sociales"],"_edit_lock":["1767562364:1"],"_edit_last":["1"],"_aioseop_custom_link":[""],"_aioseop_sitemap_exclude":[""],"_aioseop_disable":[""],"_aioseop_disable_analytics":[""],"_aioseop_noindex":[""],"_aioseop_nofollow":[""],"_last_editor_used_jetpack":["block-editor"],"_aioseo_title":["Servicios de promoci\u00f3n social | #site_title"],"_aioseo_description":["Promoci\u00f3n social de p\u00e1ginas web de empresas, compartiendo posts del blog y anuncios orientados a un target definido utilizando las redes sociales"],"_aioseo_keywords":["promoci\u00f3n social,promoci\u00f3n redes sociales,publicar posts en redes sociales"],"_aioseo_og_title":[null],"_aioseo_og_description":[null],"_aioseo_og_article_section":[null],"_aioseo_og_article_tags":[""],"_aioseo_twitter_title":[null],"_aioseo_twitter_description":[null],"_hostzine_page_header_enable":["enable"],"_hostzine_header_img_id":["3271"],"_hostzine_header_img":["https:\/\/serveistic.com\/wp-content\/uploads\/2018\/03\/564-1.jpg"],"_elementor_edit_mode":["builder"],"_elementor_template_type":["wp-page"],"_elementor_version":["3.1.1"],"_wp_page_template":["default"],"_elementor_data":["[{\"id\":\"0707cc2\",\"elType\":\"section\",\"settings\":{\"display_condition_list\":[{\"display_condition_login_status\":\"subscriber\",\"_id\":\"cc228f8\"}]},\"elements\":[{\"id\":\"2266c64\",\"elType\":\"column\",\"settings\":{\"_column_size\":100,\"_inline_size\":null,\"display_condition_list\":[{\"display_condition_login_status\":\"subscriber\",\"_id\":\"e6b005d\"}]},\"elements\":[{\"id\":\"0e45d36\",\"elType\":\"widget\",\"settings\":{\"editor\":\"<h2>Promoci\\u00f3n social de la p\\u00e1gina web de la empresa publicando posts y anuncios en redes sociales.<\\\/h2>\\n<p><\\\/p>\\n<p>La promoci\\u00f3n social es laque se efect\\u00faa mediante redes sociales. Es una de las opciones destacadas a tener en cuenta para dar a conocer una p\\u00e1gina web, y conseguir tr\\u00e1fico r\\u00e1pidamente. Especialmente si se ofrecen productos o servicios destinados al p\\u00fablico de un \\u00e1rea geogr\\u00e1fica muy determinada.<\\\/p>\\n<p><\\\/p>\\n<p>Desde ServeisTIC, podemos facilitar que su p\\u00fablico potencial conozca los productos y servicios que le puede ofrecer. Para hacerlo es indispensable publicar asiduamente en un blog, y compartir las publicaciones en cuentas de las principales redes sociales.<\\\/p>\\n<p><\\\/p>\\n<p>Una ventaja adicional de tener un blog, en el que publicar con frecuencia y compartir los contenidos como estrategia de promoci\\u00f3n social, es que permite incrementar las pantallas de la p\\u00e1gina web, siguiendo una estrategia de palabras clave, y centrando los posts en tem\\u00e1ticas de inter\\u00e9s, se consiguen m\\u00e1s t\\u00e9rminos por los que la p\\u00e1gina web aparecer\\u00e1 en los resultados de los buscadores.<\\\/p>\",\"display_condition_list\":[{\"display_condition_login_status\":\"subscriber\",\"_id\":\"ff36414\"}]},\"elements\":[],\"widgetType\":\"text-editor\"}],\"isInner\":false}],\"isInner\":false}]"],"_last_translation_edit_mode":["native-editor"],"_elementor_page_settings":["a:0:{}"],"_elementor_controls_usage":["a:3:{s:11:\"text-editor\";a:3:{s:5:\"count\";i:1;s:15:\"control_percent\";i:1;s:8:\"controls\";a:2:{s:7:\"content\";a:1:{s:14:\"section_editor\";a:1:{s:6:\"editor\";i:1;}}s:8:\"advanced\";a:1:{s:26:\"display_conditions_section\";a:1:{s:22:\"display_condition_list\";i:1;}}}}s:6:\"column\";a:3:{s:5:\"count\";i:1;s:15:\"control_percent\";i:1;s:8:\"controls\";a:2:{s:6:\"layout\";a:1:{s:6:\"layout\";a:1:{s:12:\"_inline_size\";i:1;}}s:8:\"advanced\";a:1:{s:26:\"display_conditions_section\";a:1:{s:22:\"display_condition_list\";i:1;}}}}s:7:\"section\";a:3:{s:5:\"count\";i:1;s:15:\"control_percent\";i:0;s:8:\"controls\";a:1:{s:8:\"advanced\";a:1:{s:26:\"display_conditions_section\";a:1:{s:22:\"display_condition_list\";i:1;}}}}}"],"_wpml_word_count":["181"],"_elementor_template_widget_type":[""],"_elementor_popup_display_settings":[""],"_uag_page_assets":["a:9:{s:3:\"css\";s:7156:\".uag-blocks-common-selector{z-index:var(--z-index-desktop) !important}@media (max-width: 976px){.uag-blocks-common-selector{z-index:var(--z-index-tablet) !important}}@media (max-width: 767px){.uag-blocks-common-selector{z-index:var(--z-index-mobile) !important}}\n.wp-block-uagb-image{display:flex}.wp-block-uagb-image__figure{position:relative;display:flex;flex-direction:column;max-width:100%;height:auto;margin:0}.wp-block-uagb-image__figure img{height:auto;display:flex;max-width:100%;transition:box-shadow 0.2s ease}.wp-block-uagb-image__figure>a{display:inline-block}.wp-block-uagb-image__figure figcaption{text-align:center;margin-top:0.5em;margin-bottom:1em}.wp-block-uagb-image .components-placeholder.block-editor-media-placeholder .components-placeholder__instructions{align-self:center}.wp-block-uagb-image--align-left{text-align:left}.wp-block-uagb-image--align-right{text-align:right}.wp-block-uagb-image--align-center{text-align:center}.wp-block-uagb-image--align-full .wp-block-uagb-image__figure{margin-left:calc(50% - 50vw);margin-right:calc(50% - 50vw);max-width:100vw;width:100vw;height:auto}.wp-block-uagb-image--align-full .wp-block-uagb-image__figure img{height:auto;width:100% !important}.wp-block-uagb-image--align-wide .wp-block-uagb-image__figure img{height:auto;width:100%}.wp-block-uagb-image--layout-overlay__color-wrapper{position:absolute;left:0;top:0;right:0;bottom:0;opacity:0.2;background:rgba(0,0,0,0.5);transition:opacity 0.35s ease-in-out}.wp-block-uagb-image--layout-overlay-link{position:absolute;left:0;right:0;bottom:0;top:0}.wp-block-uagb-image--layout-overlay .wp-block-uagb-image__figure:hover .wp-block-uagb-image--layout-overlay__color-wrapper{opacity:1}.wp-block-uagb-image--layout-overlay__inner{position:absolute;left:15px;right:15px;bottom:15px;top:15px;display:flex;align-items:center;justify-content:center;flex-direction:column;border-color:#fff;transition:0.35s ease-in-out}.wp-block-uagb-image--layout-overlay__inner.top-left,.wp-block-uagb-image--layout-overlay__inner.top-center,.wp-block-uagb-image--layout-overlay__inner.top-right{justify-content:flex-start}.wp-block-uagb-image--layout-overlay__inner.bottom-left,.wp-block-uagb-image--layout-overlay__inner.bottom-center,.wp-block-uagb-image--layout-overlay__inner.bottom-right{justify-content:flex-end}.wp-block-uagb-image--layout-overlay__inner.top-left,.wp-block-uagb-image--layout-overlay__inner.center-left,.wp-block-uagb-image--layout-overlay__inner.bottom-left{align-items:flex-start}.wp-block-uagb-image--layout-overlay__inner.top-right,.wp-block-uagb-image--layout-overlay__inner.center-right,.wp-block-uagb-image--layout-overlay__inner.bottom-right{align-items:flex-end}.wp-block-uagb-image--layout-overlay__inner .uagb-image-heading{color:#fff;transition:transform 0.35s, opacity 0.35s ease-in-out;transform:translate3d(0, 24px, 0);margin:0;line-height:1em}.wp-block-uagb-image--layout-overlay__inner .uagb-image-separator{width:30%;border-top-width:2px;border-top-color:#fff;border-top-style:solid;margin-bottom:10px;opacity:0;transition:transform 0.4s, opacity 0.4s ease-in-out;transform:translate3d(0, 30px, 0)}.wp-block-uagb-image--layout-overlay__inner .uagb-image-caption{opacity:0;overflow:visible;color:#fff;transition:transform 0.45s, opacity 0.45s ease-in-out;transform:translate3d(0, 35px, 0)}.wp-block-uagb-image--layout-overlay__inner:hover .uagb-image-heading,.wp-block-uagb-image--layout-overlay__inner:hover .uagb-image-separator,.wp-block-uagb-image--layout-overlay__inner:hover .uagb-image-caption{opacity:1;transform:translate3d(0, 0, 0)}.wp-block-uagb-image--effect-zoomin .wp-block-uagb-image__figure img,.wp-block-uagb-image--effect-zoomin .wp-block-uagb-image__figure .wp-block-uagb-image--layout-overlay__color-wrapper{transform:scale(1);transition:transform 0.35s ease-in-out}.wp-block-uagb-image--effect-zoomin .wp-block-uagb-image__figure:hover img,.wp-block-uagb-image--effect-zoomin .wp-block-uagb-image__figure:hover .wp-block-uagb-image--layout-overlay__color-wrapper{transform:scale(1.05)}.wp-block-uagb-image--effect-slide .wp-block-uagb-image__figure img,.wp-block-uagb-image--effect-slide .wp-block-uagb-image__figure .wp-block-uagb-image--layout-overlay__color-wrapper{width:calc(100% + 40px) !important;max-width:none !important;transform:translate3d(-40px, 0, 0);transition:transform 0.35s ease-in-out}.wp-block-uagb-image--effect-slide .wp-block-uagb-image__figure:hover img,.wp-block-uagb-image--effect-slide .wp-block-uagb-image__figure:hover .wp-block-uagb-image--layout-overlay__color-wrapper{transform:translate3d(0, 0, 0)}.wp-block-uagb-image--effect-grayscale img{filter:grayscale(0%);transition:0.35s ease-in-out}.wp-block-uagb-image--effect-grayscale:hover img{filter:grayscale(100%)}.wp-block-uagb-image--effect-blur img{filter:blur(0);transition:0.35s ease-in-out}.wp-block-uagb-image--effect-blur:hover img{filter:blur(3px)}\n.uagb-block-4b4a202d.wp-block-uagb-image--layout-default figure img{box-shadow: 0px 0px 0 #00000070;}.uagb-block-4b4a202d.wp-block-uagb-image .wp-block-uagb-image__figure figcaption{font-style: normal;align-self: center;}.uagb-block-4b4a202d.wp-block-uagb-image--layout-overlay figure img{box-shadow: 0px 0px 0 #00000070;}.uagb-block-4b4a202d.wp-block-uagb-image--layout-overlay .wp-block-uagb-image--layout-overlay__color-wrapper{opacity: 0.2;}.uagb-block-4b4a202d.wp-block-uagb-image--layout-overlay .wp-block-uagb-image--layout-overlay__inner{left: 15px;right: 15px;top: 15px;bottom: 15px;}.uagb-block-4b4a202d.wp-block-uagb-image--layout-overlay .wp-block-uagb-image--layout-overlay__inner .uagb-image-heading{font-style: normal;color: #fff;opacity: 1;}.uagb-block-4b4a202d.wp-block-uagb-image--layout-overlay .wp-block-uagb-image--layout-overlay__inner .uagb-image-heading a{color: #fff;}.uagb-block-4b4a202d.wp-block-uagb-image--layout-overlay .wp-block-uagb-image--layout-overlay__inner .uagb-image-caption{opacity: 0;}.uagb-block-4b4a202d.wp-block-uagb-image--layout-overlay .wp-block-uagb-image__figure:hover .wp-block-uagb-image--layout-overlay__color-wrapper{opacity: 1;}.uagb-block-4b4a202d.wp-block-uagb-image .wp-block-uagb-image--layout-overlay__inner .uagb-image-separator{width: 30%;border-top-width: 2px;border-top-color: #fff;opacity: 0;}.uagb-block-4b4a202d.wp-block-uagb-image .wp-block-uagb-image__figure img{width: px;height: auto;}.uagb-block-4b4a202d.wp-block-uagb-image .wp-block-uagb-image__figure:hover .wp-block-uagb-image--layout-overlay__inner .uagb-image-caption{opacity: 1;}.uagb-block-4b4a202d.wp-block-uagb-image .wp-block-uagb-image__figure:hover .wp-block-uagb-image--layout-overlay__inner .uagb-image-separator{opacity: 1;}.uagb-block-4b4a202d.wp-block-uagb-image--layout-default figure:hover img{box-shadow: 0px 0px 0 #00000070;}.uagb-block-4b4a202d.wp-block-uagb-image--layout-overlay figure:hover img{box-shadow: 0px 0px 0 #00000070;}@media only screen and (max-width: 976px) {.uagb-block-4b4a202d.wp-block-uagb-image .wp-block-uagb-image__figure img{width: px;height: auto;}}@media only screen and (max-width: 767px) {.uagb-block-4b4a202d.wp-block-uagb-image .wp-block-uagb-image__figure img{width: px;height: auto;}}\";s:2:\"js\";s:0:\"\";s:18:\"current_block_list\";a:4:{i:0;s:14:\"core\/paragraph\";i:1;s:10:\"uagb\/image\";i:2;s:10:\"core\/image\";i:3;s:9:\"core\/code\";}s:8:\"uag_flag\";b:1;s:11:\"uag_version\";s:10:\"1778137067\";s:6:\"gfonts\";a:0:{}s:10:\"gfonts_url\";s:0:\"\";s:12:\"gfonts_files\";a:0:{}s:14:\"uag_faq_layout\";b:0;}"],"_elementor_page_assets":["a:1:{s:7:\"scripts\";a:1:{i:0;s:18:\"elementor-frontend\";}}"],"_elementor_css":["a:7:{s:4:\"time\";i:1777938301;s:5:\"fonts\";a:0:{}s:5:\"icons\";a:0:{}s:20:\"dynamic_elements_ids\";a:0:{}s:6:\"status\";s:5:\"empty\";i:0;s:0:\"\";s:3:\"css\";s:0:\"\";}"],"_elementor_element_cache":["{\"timeout\":1778252829,\"value\":{\"content\":\"\\t\\t<section class=\\\"elementor-section elementor-top-section elementor-element elementor-element-0707cc2 elementor-section-boxed elementor-section-height-default elementor-section-height-default\\\" data-id=\\\"0707cc2\\\" data-element_type=\\\"section\\\">\\n\\t\\t\\t\\t\\t\\t<div class=\\\"elementor-container elementor-column-gap-default\\\">\\n\\t\\t\\t\\t\\t<div class=\\\"elementor-column elementor-col-100 elementor-top-column elementor-element elementor-element-2266c64\\\" data-id=\\\"2266c64\\\" data-element_type=\\\"column\\\">\\n\\t\\t\\t<div class=\\\"elementor-widget-wrap elementor-element-populated\\\">\\n\\t\\t\\t\\t[elementor-element k=\\\"d65f9af13c179ece6dd8e501eef1f87c\\\" data=\\\"eyJpZCI6IjBlNDVkMzYiLCJlbFR5cGUiOiJ3aWRnZXQiLCJzZXR0aW5ncyI6eyJlZGl0b3IiOiI8aDI+UHJvbW9jaVx1MDBmM24gc29jaWFsIGRlIGxhIHBcdTAwZTFnaW5hIHdlYiBkZSBsYSBlbXByZXNhIHB1YmxpY2FuZG8gcG9zdHMgeSBhbnVuY2lvcyBlbiByZWRlcyBzb2NpYWxlcy48XC9oMj5cbjxwPjxcL3A+XG48cD5MYSBwcm9tb2NpXHUwMGYzbiBzb2NpYWwgZXMgbGFxdWUgc2UgZWZlY3RcdTAwZmFhIG1lZGlhbnRlIHJlZGVzIHNvY2lhbGVzLiBFcyB1bmEgZGUgbGFzIG9wY2lvbmVzIGRlc3RhY2FkYXMgYSB0ZW5lciBlbiBjdWVudGEgcGFyYSBkYXIgYSBjb25vY2VyIHVuYSBwXHUwMGUxZ2luYSB3ZWIsIHkgY29uc2VndWlyIHRyXHUwMGUxZmljbyByXHUwMGUxcGlkYW1lbnRlLiBFc3BlY2lhbG1lbnRlIHNpIHNlIG9mcmVjZW4gcHJvZHVjdG9zIG8gc2VydmljaW9zIGRlc3RpbmFkb3MgYWwgcFx1MDBmYWJsaWNvIGRlIHVuIFx1MDBlMXJlYSBnZW9nclx1MDBlMWZpY2EgbXV5IGRldGVybWluYWRhLjxcL3A+XG48cD48XC9wPlxuPHA+RGVzZGUgU2VydmVpc1RJQywgcG9kZW1vcyBmYWNpbGl0YXIgcXVlIHN1IHBcdTAwZmFibGljbyBwb3RlbmNpYWwgY29ub3pjYSBsb3MgcHJvZHVjdG9zIHkgc2VydmljaW9zIHF1ZSBsZSBwdWVkZSBvZnJlY2VyLiBQYXJhIGhhY2VybG8gZXMgaW5kaXNwZW5zYWJsZSBwdWJsaWNhciBhc2lkdWFtZW50ZSBlbiB1biBibG9nLCB5IGNvbXBhcnRpciBsYXMgcHVibGljYWNpb25lcyBlbiBjdWVudGFzIGRlIGxhcyBwcmluY2lwYWxlcyByZWRlcyBzb2NpYWxlcy48XC9wPlxuPHA+PFwvcD5cbjxwPlVuYSB2ZW50YWphIGFkaWNpb25hbCBkZSB0ZW5lciB1biBibG9nLCBlbiBlbCBxdWUgcHVibGljYXIgY29uIGZyZWN1ZW5jaWEgeSBjb21wYXJ0aXIgbG9zIGNvbnRlbmlkb3MgY29tbyBlc3RyYXRlZ2lhIGRlIHByb21vY2lcdTAwZjNuIHNvY2lhbCwgZXMgcXVlIHBlcm1pdGUgaW5jcmVtZW50YXIgbGFzIHBhbnRhbGxhcyBkZSBsYSBwXHUwMGUxZ2luYSB3ZWIsIHNpZ3VpZW5kbyB1bmEgZXN0cmF0ZWdpYSBkZSBwYWxhYnJhcyBjbGF2ZSwgeSBjZW50cmFuZG8gbG9zIHBvc3RzIGVuIHRlbVx1MDBlMXRpY2FzIGRlIGludGVyXHUwMGU5cywgc2UgY29uc2lndWVuIG1cdTAwZTFzIHRcdTAwZTlybWlub3MgcG9yIGxvcyBxdWUgbGEgcFx1MDBlMWdpbmEgd2ViIGFwYXJlY2VyXHUwMGUxIGVuIGxvcyByZXN1bHRhZG9zIGRlIGxvcyBidXNjYWRvcmVzLjxcL3A+IiwiZGlzcGxheV9jb25kaXRpb25fbGlzdCI6W3siZGlzcGxheV9jb25kaXRpb25fbG9naW5fc3RhdHVzIjoic3Vic2NyaWJlciIsIl9pZCI6ImZmMzY0MTQifV19LCJlbGVtZW50cyI6W10sIndpZGdldFR5cGUiOiJ0ZXh0LWVkaXRvciJ9\\\"]\\t\\t\\t<\\\/div>\\n\\t\\t<\\\/div>\\n\\t\\t\\t\\t\\t<\\\/div>\\n\\t\\t<\\\/section>\\n\\t\\t\",\"scripts\":[],\"styles\":[]}}"],"_uag_css_file_name":["uag-css-235.css"]},"uagb_featured_image_src":{"full":false,"thumbnail":false,"medium":false,"medium_large":false,"large":false,"1536x1536":false,"2048x2048":false},"uagb_author_info":{"display_name":"Serveis TIC","author_link":"https:\/\/www.serveistic.com\/es\/author\/anjo\/"},"uagb_comment_info":0,"uagb_excerpt":"Promoci\u00f3n social de la p\u00e1gina web de la empresa publicando posts y anuncios en redes sociales. La promoci\u00f3n social es laque se efect\u00faa mediante redes sociales. Es una de las opciones destacadas a tener en cuenta para dar a conocer una p\u00e1gina web, y conseguir tr\u00e1fico r\u00e1pidamente. Especialmente si se ofrecen productos o servicios destinados&hellip;","_links":{"self":[{"href":"https:\/\/www.serveistic.com\/es\/wp-json\/wp\/v2\/pages\/235","targetHints":{"allow":["GET"]}}],"collection":[{"href":"https:\/\/www.serveistic.com\/es\/wp-json\/wp\/v2\/pages"}],"about":[{"href":"https:\/\/www.serveistic.com\/es\/wp-json\/wp\/v2\/types\/page"}],"author":[{"embeddable":true,"href":"https:\/\/www.serveistic.com\/es\/wp-json\/wp\/v2\/users\/1"}],"replies":[{"embeddable":true,"href":"https:\/\/www.serveistic.com\/es\/wp-json\/wp\/v2\/comments?post=235"}],"version-history":[{"count":3,"href":"https:\/\/www.serveistic.com\/es\/wp-json\/wp\/v2\/pages\/235\/revisions"}],"predecessor-version":[{"id":50477,"href":"https:\/\/www.serveistic.com\/es\/wp-json\/wp\/v2\/pages\/235\/revisions\/50477"}],"up":[{"embeddable":true,"href":"https:\/\/www.serveistic.com\/es\/wp-json\/wp\/v2\/pages\/195"}],"wp:attachment":[{"href":"https:\/\/www.serveistic.com\/es\/wp-json\/wp\/v2\/media?parent=235"}],"curies":[{"name":"wp","href":"https:\/\/api.w.org\/{rel}","templated":true}]}}