{"id":37826,"date":"2022-02-07T07:33:43","date_gmt":"2022-02-07T05:33:43","guid":{"rendered":"https:\/\/www.serveistic.com\/?page_id=37826"},"modified":"2022-02-07T07:33:45","modified_gmt":"2022-02-07T05:33:45","slug":"modificaciones-cancelacion-y-finalizacion-de-servicios","status":"publish","type":"page","link":"https:\/\/www.serveistic.com\/es\/modificaciones-cancelacion-y-finalizacion-de-servicios\/","title":{"rendered":"Modificaciones, cancelaci\u00f3n y finalizaci\u00f3n de servicios"},"content":{"rendered":"\n<h2 class=\"wp-block-heading\">Servicios de alojamiento:<\/h2>\n\n\n\n<p>Todos los servicios de alojamiento ofrecidos por Serveis TIC incluyen un periodo de prueba de 30 d\u00edas, durante los cuales se puede solicitar la cancelaci\u00f3n y reembolso de los importes correspondientes a los servicios de alojamiento.<\/p>\n\n\n\n<p>Transcurrido este periodo se puede cancelar el servicio contratado en cualquier momento, pero sin que esta cancelaci\u00f3n de lugar a la devoluci\u00f3n de ning\u00fan importe (Y NO HAY PERMANENCIA OBLIGATORIA).<\/p>\n\n\n\n<h2 class=\"wp-block-heading\">Cancelaci\u00f3n de dominios:<\/h2>\n\n\n\n<p>Por las caracter\u00edsticas personal\u00edsimas del servicio, la imposibilidad de reaprovechamiento, y debido a que \u00fanicamente realizamos la mediaci\u00f3n entre el agente registrador y el cliente final, los registros, las transferencias y las renovaciones de dominios, no est\u00e1n sujetos a estas pol\u00edticas de cancelaci\u00f3n. Y por lo tanto en ning\u00fan caso se producir\u00e1 el reembolso de ning\u00fan importe, salvo error directo por parte de Serveis TIC. No obstante, si el cliente desea trasladar sus registros, podr\u00e1 hacerlo desde el momento en que este traslado sea administrativamente posible, y siempre teniendo en cuenta las caracter\u00edsticas t\u00e9cnicas particulares de cada caso (habitualmente un dominio no puede ser trasladado hasta 60 d\u00edas despu\u00e9s de su registro, traslado, modificaci\u00f3n o renovaci\u00f3n).<\/p>\n\n\n\n<h2 class=\"wp-block-heading\">Complementos contratados:<\/h2>\n\n\n\n<p>En todo momento se pueden contratar servicios que complementen los contratados inicialmente. Los servicios contratados como complemento de servicios principales, se considerar\u00e1n parte del servicio pincipal a todos los efectos.<\/p>\n\n\n\n<h2 class=\"wp-block-heading\">Cambios de planes:<\/h2>\n\n\n\n<p>En todo momento se pueden realizar cambios de planes, ya sea a planes superiores o inferiores.<\/p>\n\n\n\n<p>En caso de que los cambios se hagan a planes o paquetes superiores, los importes correspondientes a los servicios no consumidos (los que correspondan a los d\u00edas restantes de la contrataci\u00f3n vigente), incrementar\u00e1n el per\u00edodo de duraci\u00f3n del nuevo servicio contratado.<\/p>\n\n\n\n<p>En caso de cambiar a un paquete inferior, se proceder\u00e1 al cambio de paquete autom\u00e1ticamente, pero sin dar derecho a devoluci\u00f3n de importes, renovaci\u00f3n, pr\u00f3rroga ni incremento de la duraci\u00f3n del servicio, al considerar que el cliente ha cancelado parte del servicio contratado inicialmente.<\/p>\n\n\n\n<h2 class=\"wp-block-heading\">Cancelaci\u00f3n de servicios:<\/h2>\n\n\n\n<p>En caso de tramitar una solicitud de cancelaci\u00f3n de servicios deber\u00e1 realizarse enviando un ticket de soporte, desde el \u00e1rea privada del mismo cliente, o bien solicit\u00e1ndolo por correo electr\u00f3nico desde la direcci\u00f3n de e-mail del cliente que consta en nuestra base de datos como autorizada. Estas solicitudes se har\u00e1n efectivas desde el departamento t\u00e9cnico en las 24 horas posteriores a la solicitud por parte del cliente.<\/p>\n\n\n\n<p>El cliente tambi\u00e9n puede cancelar los servicios d\u00e1ndolos de baja \u00e9l mismo desde su \u00e1rea privada.<\/p>\n\n\n\n<p>Independientemente del proceso elegido para la cancelaci\u00f3n de servicios, debe tener en cuenta que se eliminar\u00e1n autom\u00e1ticamente todos sus contenidos hospedados en nuestros servidores, por lo que le recomendamos que antes de dar de baja los servicios, realice o bien solicite una copia de los contenidos hospedados en su servidor. Dicha copia se pondr\u00e1 a su disposici\u00f3n en formato zip para su descarga durante 7 d\u00edas tras el env\u00edo de la notificaci\u00f3n de disponibilidad.<\/p>\n\n\n\n<h2 class=\"wp-block-heading\">Finalizaci\u00f3n de los servicios:<\/h2>\n\n\n\n<p>En Serveis TIC, nos tomamos muy en serio la legalidad, la \u00e9tica y el respeto hacia otras personas y usuarios, y en caso de que se produzca cualquier vulneraci\u00f3n de las pol\u00edticas de prestaci\u00f3n de servicios, que podemos resumir en utilizaci\u00f3n il\u00edcita, inapropiada, contraria al derecho o a las buenas costumbres (mencionando especialmente pero no exclusivamente software sin licencia, cracks u otros programas con finalidad il\u00edcita o simplemente dudosa), o que implique inconvenientes a otros usuarios, as\u00ed como por el impago de los servicios. Nos reservamos el derecho a suspender o cancelar la cuenta del cliente sin previo aviso.<\/p>\n\n\n\n<h3 class=\"wp-block-heading\">Finalizaci\u00f3n por impago de los servicios:<\/h3>\n\n\n\n<p>Tanto los servicios contratados como las renovaciones se har\u00e1n efectivos desde el \u00e1rea privada previamente a la finalizaci\u00f3n del per\u00edodo contratado. En caso contrario los servicios contratados no ser\u00e1n renovados (registros de dominio oncluidos), y las cuentas quedar\u00e1n suspendidas durante un per\u00edodo de 30 d\u00edas. Tras los cuales los servicios ser\u00e1n cancelados y eliminados autom\u00e1ticamente de los servidores.<\/p>\n\n\n\n<p>Para evitar estos inconvenientes, notificamos varias veces la proximidad de las fechas de finalizaci\u00f3n\/renovaci\u00f3n de los servicios, mediante mensajes de correo electr\u00f3nico a la direcci\u00f3n de contacto que el cliente se compromete a mantener activa con la finalidad de recibir las notificaciones.<\/p>\n","protected":false},"excerpt":{"rendered":"<p>Servicios de alojamiento: Todos los servicios de alojamiento ofrecidos por Serveis TIC incluyen un periodo de prueba de 30 d\u00edas, durante los cuales se puede solicitar la cancelaci\u00f3n y reembolso de los importes correspondientes a los servicios de alojamiento. Transcurrido este periodo se puede cancelar el servicio contratado en cualquier momento, pero sin que esta [&hellip;]<\/p>\n","protected":false},"author":1,"featured_media":0,"parent":0,"menu_order":0,"comment_status":"closed","ping_status":"closed","template":"","meta":{"_uag_custom_page_level_css":"","site-sidebar-layout":"default","site-content-layout":"","ast-site-content-layout":"default","site-content-style":"default","site-sidebar-style":"default","ast-global-header-display":"","ast-banner-title-visibility":"","ast-main-header-display":"","ast-hfb-above-header-display":"","ast-hfb-below-header-display":"","ast-hfb-mobile-header-display":"","site-post-title":"","ast-breadcrumbs-content":"","ast-featured-img":"","footer-sml-layout":"","theme-transparent-header-meta":"","adv-header-id-meta":"","stick-header-meta":"","header-above-stick-meta":"","header-main-stick-meta":"","header-below-stick-meta":"","astra-migrate-meta-layouts":"default","ast-page-background-enabled":"default","ast-page-background-meta":{"desktop":{"background-color":"var(--ast-global-color-4)","background-image":"","background-repeat":"repeat","background-position":"center center","background-size":"auto","background-attachment":"scroll","background-type":"","background-media":"","overlay-type":"","overlay-color":"","overlay-opacity":"","overlay-gradient":""},"tablet":{"background-color":"","background-image":"","background-repeat":"repeat","background-position":"center center","background-size":"auto","background-attachment":"scroll","background-type":"","background-media":"","overlay-type":"","overlay-color":"","overlay-opacity":"","overlay-gradient":""},"mobile":{"background-color":"","background-image":"","background-repeat":"repeat","background-position":"center center","background-size":"auto","background-attachment":"scroll","background-type":"","background-media":"","overlay-type":"","overlay-color":"","overlay-opacity":"","overlay-gradient":""}},"ast-content-background-meta":{"desktop":{"background-color":"var(--ast-global-color-5)","background-image":"","background-repeat":"repeat","background-position":"center center","background-size":"auto","background-attachment":"scroll","background-type":"","background-media":"","overlay-type":"","overlay-color":"","overlay-opacity":"","overlay-gradient":""},"tablet":{"background-color":"var(--ast-global-color-5)","background-image":"","background-repeat":"repeat","background-position":"center center","background-size":"auto","background-attachment":"scroll","background-type":"","background-media":"","overlay-type":"","overlay-color":"","overlay-opacity":"","overlay-gradient":""},"mobile":{"background-color":"var(--ast-global-color-5)","background-image":"","background-repeat":"repeat","background-position":"center center","background-size":"auto","background-attachment":"scroll","background-type":"","background-media":"","overlay-type":"","overlay-color":"","overlay-opacity":"","overlay-gradient":""}},"footnotes":""},"class_list":["post-37826","page","type-page","status-publish","hentry"],"aioseo_notices":[],"spectra_custom_meta":{"_aioseo_title":[null],"_aioseo_description":[null],"_aioseo_keywords":[""],"_aioseo_og_title":[null],"_aioseo_og_description":[null],"_aioseo_og_article_section":[""],"_aioseo_og_article_tags":[""],"_aioseo_twitter_title":[null],"_aioseo_twitter_description":[null],"_edit_lock":["1644212030:1"],"_last_editor_used_jetpack":["block-editor"],"_edit_last":["1"],"_hostzine_page_header_enable":["enable"],"_uag_page_assets":["a:9:{s:3:\"css\";s:7156:\".uag-blocks-common-selector{z-index:var(--z-index-desktop) !important}@media (max-width: 976px){.uag-blocks-common-selector{z-index:var(--z-index-tablet) !important}}@media (max-width: 767px){.uag-blocks-common-selector{z-index:var(--z-index-mobile) !important}}\n.wp-block-uagb-image{display:flex}.wp-block-uagb-image__figure{position:relative;display:flex;flex-direction:column;max-width:100%;height:auto;margin:0}.wp-block-uagb-image__figure img{height:auto;display:flex;max-width:100%;transition:box-shadow 0.2s ease}.wp-block-uagb-image__figure>a{display:inline-block}.wp-block-uagb-image__figure figcaption{text-align:center;margin-top:0.5em;margin-bottom:1em}.wp-block-uagb-image .components-placeholder.block-editor-media-placeholder .components-placeholder__instructions{align-self:center}.wp-block-uagb-image--align-left{text-align:left}.wp-block-uagb-image--align-right{text-align:right}.wp-block-uagb-image--align-center{text-align:center}.wp-block-uagb-image--align-full .wp-block-uagb-image__figure{margin-left:calc(50% - 50vw);margin-right:calc(50% - 50vw);max-width:100vw;width:100vw;height:auto}.wp-block-uagb-image--align-full .wp-block-uagb-image__figure img{height:auto;width:100% !important}.wp-block-uagb-image--align-wide .wp-block-uagb-image__figure img{height:auto;width:100%}.wp-block-uagb-image--layout-overlay__color-wrapper{position:absolute;left:0;top:0;right:0;bottom:0;opacity:0.2;background:rgba(0,0,0,0.5);transition:opacity 0.35s ease-in-out}.wp-block-uagb-image--layout-overlay-link{position:absolute;left:0;right:0;bottom:0;top:0}.wp-block-uagb-image--layout-overlay .wp-block-uagb-image__figure:hover .wp-block-uagb-image--layout-overlay__color-wrapper{opacity:1}.wp-block-uagb-image--layout-overlay__inner{position:absolute;left:15px;right:15px;bottom:15px;top:15px;display:flex;align-items:center;justify-content:center;flex-direction:column;border-color:#fff;transition:0.35s ease-in-out}.wp-block-uagb-image--layout-overlay__inner.top-left,.wp-block-uagb-image--layout-overlay__inner.top-center,.wp-block-uagb-image--layout-overlay__inner.top-right{justify-content:flex-start}.wp-block-uagb-image--layout-overlay__inner.bottom-left,.wp-block-uagb-image--layout-overlay__inner.bottom-center,.wp-block-uagb-image--layout-overlay__inner.bottom-right{justify-content:flex-end}.wp-block-uagb-image--layout-overlay__inner.top-left,.wp-block-uagb-image--layout-overlay__inner.center-left,.wp-block-uagb-image--layout-overlay__inner.bottom-left{align-items:flex-start}.wp-block-uagb-image--layout-overlay__inner.top-right,.wp-block-uagb-image--layout-overlay__inner.center-right,.wp-block-uagb-image--layout-overlay__inner.bottom-right{align-items:flex-end}.wp-block-uagb-image--layout-overlay__inner .uagb-image-heading{color:#fff;transition:transform 0.35s, opacity 0.35s ease-in-out;transform:translate3d(0, 24px, 0);margin:0;line-height:1em}.wp-block-uagb-image--layout-overlay__inner .uagb-image-separator{width:30%;border-top-width:2px;border-top-color:#fff;border-top-style:solid;margin-bottom:10px;opacity:0;transition:transform 0.4s, opacity 0.4s ease-in-out;transform:translate3d(0, 30px, 0)}.wp-block-uagb-image--layout-overlay__inner .uagb-image-caption{opacity:0;overflow:visible;color:#fff;transition:transform 0.45s, opacity 0.45s ease-in-out;transform:translate3d(0, 35px, 0)}.wp-block-uagb-image--layout-overlay__inner:hover .uagb-image-heading,.wp-block-uagb-image--layout-overlay__inner:hover .uagb-image-separator,.wp-block-uagb-image--layout-overlay__inner:hover .uagb-image-caption{opacity:1;transform:translate3d(0, 0, 0)}.wp-block-uagb-image--effect-zoomin .wp-block-uagb-image__figure img,.wp-block-uagb-image--effect-zoomin .wp-block-uagb-image__figure .wp-block-uagb-image--layout-overlay__color-wrapper{transform:scale(1);transition:transform 0.35s ease-in-out}.wp-block-uagb-image--effect-zoomin .wp-block-uagb-image__figure:hover img,.wp-block-uagb-image--effect-zoomin .wp-block-uagb-image__figure:hover .wp-block-uagb-image--layout-overlay__color-wrapper{transform:scale(1.05)}.wp-block-uagb-image--effect-slide .wp-block-uagb-image__figure img,.wp-block-uagb-image--effect-slide .wp-block-uagb-image__figure .wp-block-uagb-image--layout-overlay__color-wrapper{width:calc(100% + 40px) !important;max-width:none !important;transform:translate3d(-40px, 0, 0);transition:transform 0.35s ease-in-out}.wp-block-uagb-image--effect-slide .wp-block-uagb-image__figure:hover img,.wp-block-uagb-image--effect-slide .wp-block-uagb-image__figure:hover .wp-block-uagb-image--layout-overlay__color-wrapper{transform:translate3d(0, 0, 0)}.wp-block-uagb-image--effect-grayscale img{filter:grayscale(0%);transition:0.35s ease-in-out}.wp-block-uagb-image--effect-grayscale:hover img{filter:grayscale(100%)}.wp-block-uagb-image--effect-blur img{filter:blur(0);transition:0.35s ease-in-out}.wp-block-uagb-image--effect-blur:hover img{filter:blur(3px)}\n.uagb-block-4b4a202d.wp-block-uagb-image--layout-default figure img{box-shadow: 0px 0px 0 #00000070;}.uagb-block-4b4a202d.wp-block-uagb-image .wp-block-uagb-image__figure figcaption{font-style: normal;align-self: center;}.uagb-block-4b4a202d.wp-block-uagb-image--layout-overlay figure img{box-shadow: 0px 0px 0 #00000070;}.uagb-block-4b4a202d.wp-block-uagb-image--layout-overlay .wp-block-uagb-image--layout-overlay__color-wrapper{opacity: 0.2;}.uagb-block-4b4a202d.wp-block-uagb-image--layout-overlay .wp-block-uagb-image--layout-overlay__inner{left: 15px;right: 15px;top: 15px;bottom: 15px;}.uagb-block-4b4a202d.wp-block-uagb-image--layout-overlay .wp-block-uagb-image--layout-overlay__inner .uagb-image-heading{font-style: normal;color: #fff;opacity: 1;}.uagb-block-4b4a202d.wp-block-uagb-image--layout-overlay .wp-block-uagb-image--layout-overlay__inner .uagb-image-heading a{color: #fff;}.uagb-block-4b4a202d.wp-block-uagb-image--layout-overlay .wp-block-uagb-image--layout-overlay__inner .uagb-image-caption{opacity: 0;}.uagb-block-4b4a202d.wp-block-uagb-image--layout-overlay .wp-block-uagb-image__figure:hover .wp-block-uagb-image--layout-overlay__color-wrapper{opacity: 1;}.uagb-block-4b4a202d.wp-block-uagb-image .wp-block-uagb-image--layout-overlay__inner .uagb-image-separator{width: 30%;border-top-width: 2px;border-top-color: #fff;opacity: 0;}.uagb-block-4b4a202d.wp-block-uagb-image .wp-block-uagb-image__figure img{width: px;height: auto;}.uagb-block-4b4a202d.wp-block-uagb-image .wp-block-uagb-image__figure:hover .wp-block-uagb-image--layout-overlay__inner .uagb-image-caption{opacity: 1;}.uagb-block-4b4a202d.wp-block-uagb-image .wp-block-uagb-image__figure:hover .wp-block-uagb-image--layout-overlay__inner .uagb-image-separator{opacity: 1;}.uagb-block-4b4a202d.wp-block-uagb-image--layout-default figure:hover img{box-shadow: 0px 0px 0 #00000070;}.uagb-block-4b4a202d.wp-block-uagb-image--layout-overlay figure:hover img{box-shadow: 0px 0px 0 #00000070;}@media only screen and (max-width: 976px) {.uagb-block-4b4a202d.wp-block-uagb-image .wp-block-uagb-image__figure img{width: px;height: auto;}}@media only screen and (max-width: 767px) {.uagb-block-4b4a202d.wp-block-uagb-image .wp-block-uagb-image__figure img{width: px;height: auto;}}\";s:2:\"js\";s:0:\"\";s:18:\"current_block_list\";a:5:{i:0;s:12:\"core\/heading\";i:1;s:14:\"core\/paragraph\";i:2;s:10:\"uagb\/image\";i:3;s:10:\"core\/image\";i:4;s:9:\"core\/code\";}s:8:\"uag_flag\";b:1;s:11:\"uag_version\";s:10:\"1778766501\";s:6:\"gfonts\";a:0:{}s:10:\"gfonts_url\";s:0:\"\";s:12:\"gfonts_files\";a:0:{}s:14:\"uag_faq_layout\";b:0;}"],"_wpml_word_count":["{\"total\":707,\"to_translate\":{\"ca\":707}}"],"_uag_css_file_name":["uag-css-37826.css"]},"uagb_featured_image_src":{"full":false,"thumbnail":false,"medium":false,"medium_large":false,"large":false,"1536x1536":false,"2048x2048":false},"uagb_author_info":{"display_name":"Serveis TIC","author_link":"https:\/\/www.serveistic.com\/es\/author\/anjo\/"},"uagb_comment_info":0,"uagb_excerpt":"Servicios de alojamiento: Todos los servicios de alojamiento ofrecidos por Serveis TIC incluyen un periodo de prueba de 30 d\u00edas, durante los cuales se puede solicitar la cancelaci\u00f3n y reembolso de los importes correspondientes a los servicios de alojamiento. Transcurrido este periodo se puede cancelar el servicio contratado en cualquier momento, pero sin que esta&hellip;","_links":{"self":[{"href":"https:\/\/www.serveistic.com\/es\/wp-json\/wp\/v2\/pages\/37826","targetHints":{"allow":["GET"]}}],"collection":[{"href":"https:\/\/www.serveistic.com\/es\/wp-json\/wp\/v2\/pages"}],"about":[{"href":"https:\/\/www.serveistic.com\/es\/wp-json\/wp\/v2\/types\/page"}],"author":[{"embeddable":true,"href":"https:\/\/www.serveistic.com\/es\/wp-json\/wp\/v2\/users\/1"}],"replies":[{"embeddable":true,"href":"https:\/\/www.serveistic.com\/es\/wp-json\/wp\/v2\/comments?post=37826"}],"version-history":[{"count":1,"href":"https:\/\/www.serveistic.com\/es\/wp-json\/wp\/v2\/pages\/37826\/revisions"}],"predecessor-version":[{"id":37827,"href":"https:\/\/www.serveistic.com\/es\/wp-json\/wp\/v2\/pages\/37826\/revisions\/37827"}],"wp:attachment":[{"href":"https:\/\/www.serveistic.com\/es\/wp-json\/wp\/v2\/media?parent=37826"}],"curies":[{"name":"wp","href":"https:\/\/api.w.org\/{rel}","templated":true}]}}